{"id":32508,"date":"2024-03-13T14:18:06","date_gmt":"2024-03-13T13:18:06","guid":{"rendered":"https:\/\/www.helloangielski.pl\/rozmowki\/?page_id=32508"},"modified":"2024-03-18T13:21:34","modified_gmt":"2024-03-18T12:21:34","slug":"present-simple-cwiczenia-pdf","status":"publish","type":"page","link":"https:\/\/www.helloangielski.pl\/rozmowki\/czasy-angielskie\/present-simple-czas-terazniejszy-prosty\/present-simple-cwiczenia-pdf\/","title":{"rendered":"Present Simple &#8211; \u0107wiczenia PDF"},"content":{"rendered":"<h1 style=\"text-align: center;\"><strong>Present Simple &#8211; \u0107wiczenia PDF<\/strong><\/h1>\n<p>Czas Present Simple to jeden z najwa\u017cniejszych aspekt\u00f3w gramatyki angielskiej, u\u017cywany do opisywania rutynowych dzia\u0142a\u0144, sta\u0142ych prawd, stan\u00f3w og\u00f3lnych oraz nawyk\u00f3w. Jego zrozumienie i prawid\u0142owe stosowanie jest kluczowe dla ka\u017cdego, kto chce p\u0142ynnie komunikowa\u0107 si\u0119 w j\u0119zyku angielskim. Szczeg\u00f3\u0142owe informacje na jego temat znajdziesz tutaj: <a href=\"https:\/\/www.helloangielski.pl\/rozmowki\/czasy-angielskie\/present-simple-czas-terazniejszy-prosty\/\">Present Simple.\u00a0Czas tera\u017aniejszy prosty<\/a>.<\/p>\n<p>Stworzyli\u015bmy ten zas\u00f3b, aby pom\u00f3c Ci lepiej zrozumie\u0107 i praktykowa\u0107 czas Present Simple. Nasz PDF zawiera szeroki zakres \u0107wicze\u0144, od prostych zda\u0144 twierdz\u0105cych, przez pytania, a\u017c po zdania przecz\u0105ce. Niezale\u017cnie od tego, czy jeste\u015b pocz\u0105tkuj\u0105cy, czy ju\u017c posiadasz pewne podstawy, znajdziesz tu materia\u0142y, kt\u00f3re pomog\u0105 Ci doskonali\u0107 Twoje umiej\u0119tno\u015bci.<\/p>\n<p>Poni\u017cej znajdziesz podgl\u0105d naszego PDF z \u0107wiczeniami. Je\u015bli materia\u0142 Ci si\u0119 spodoba i zechcesz prze\u0107wiczy\u0107 wi\u0119cej, kliknij link do pobrania pe\u0142nej wersji dokumentu. Zach\u0119camy do drukowania materia\u0142u i praktykowania z nim w dowolnym miejscu i czasie. Pami\u0119taj, \u017ce regularne \u0107wiczenie jest kluczem do sukcesu w nauce j\u0119zyka angielskiego!<\/p>\n<p>Zapraszamy do nauki i \u017cyczymy owocnej pracy z naszymi \u0107wiczeniami na Present Simple!<\/p>\n<p>Kliknij: <span style=\"font-size: 18px;\"><strong><a href=\"https:\/\/www.helloangielski.pl\/rozmowki\/wp-content\/uploads\/2024\/03\/Present-Simple-Cwiczenia-PDF.pdf\">Pobierz \u0106wiczenia w wersji PDF<\/a><\/strong><\/span>,\u00a0aby rozpocz\u0105\u0107 pobieranie.<\/p>\n<p>&nbsp;<\/p>\n\t\t<style>\r\n            #pdfp69ff053db4b43 .title {  font-size: 16px; }#pdfp69ff053db4b43 iframe {  height: 842px; }#pdfp69ff053db4b43 {  width: 100%; }                                <\/style>\r\n                <div id=\"pdfp69ff053db4b43\" class=\"pdfp_wrapper \" data-infos=\"{&quot;protect&quot;:false,&quot;alert&quot;:false,&quot;adobeOptions&quot;:[]}\">\r\n            <div class=\"cta_wrapper\">\r\n                \r\n                \r\n                \t                <a class=\"pdfp_fullscreen\" target=\"_self\" href=\"https:\/\/www.helloangielski.pl\/rozmowki\/wp-content\/plugins\/pdf-poster\/pdfjs-new\/web\/viewer.html?file=https:\/\/www.helloangielski.pl\/rozmowki\/wp-content\/uploads\/2024\/03\/Present-Simple-Cwiczenia-PDF.pdf&#038;nobaki=false&#038;z=0&#038;stdono=vera&#038;onlypdf=&#038;raw=&#038;fullscreen=1&#038;sidebarOpen=false&#038;side=false&#038;open=false&#038;hrscroll=#page=1\"><button>Pe\u0142ny obraz<\/button><\/a>\r\n                \r\n            <\/div>\r\n            <div class=\"iframe_wrapper\" >\r\n                <span class=\"close\">&times;<\/span>\r\n                <iframe loading=\"lazy\" title=\"Present-Simple-Cwiczenia-PDF.pdf&amp;nobaki=false&amp;z=0&amp;stdono=vera&amp;onlypdf=&amp;raw=&amp;fullscreen=1&amp;sidebarOpen=false&amp;side=false&amp;open=false&amp;hrscroll=#page=1\" id=\"frame-pdfp69ff053db4b43\" class=\"pdfp_iframe\" width=\"100%\" height=\"842px\" data-source=\"https:\/\/www.helloangielski.pl\/rozmowki\/wp-content\/plugins\/pdf-poster\/pdfjs-new\/web\/viewer.html?file=https:\/\/www.helloangielski.pl\/rozmowki\/wp-content\/uploads\/2024\/03\/Present-Simple-Cwiczenia-PDF.pdf&#038;nobaki=false&#038;z=0&#038;stdono=vera&#038;onlypdf=&#038;raw=&#038;fullscreen=1&#038;sidebarOpen=false&#038;side=false&#038;open=false&#038;hrscroll=#page=1&new\" src=\"https:\/\/www.helloangielski.pl\/rozmowki\/wp-content\/plugins\/pdf-poster\/pdfjs-new\/web\/viewer.html?file=https:\/\/www.helloangielski.pl\/rozmowki\/wp-content\/uploads\/2024\/03\/Present-Simple-Cwiczenia-PDF.pdf&#038;nobaki=false&#038;z=0&#038;stdono=vera&#038;onlypdf=&#038;raw=&#038;fullscreen=1&#038;sidebarOpen=false&#038;side=false&#038;open=false&#038;hrscroll=#page=1\"><\/iframe>\r\n            <\/div>\r\n\t    <\/div>\r\n        \n","protected":false},"excerpt":{"rendered":"<p>Present Simple &#8211; \u0107wiczenia PDF Czas Present Simple to jeden z najwa\u017cniejszych aspekt\u00f3w gramatyki angielskiej, u\u017cywany do opisywania rutynowych dzia\u0142a\u0144, sta\u0142ych prawd, stan\u00f3w og\u00f3lnych oraz nawyk\u00f3w. Jego zrozumienie i prawid\u0142owe stosowanie jest kluczowe dla ka\u017cdego, kto chce p\u0142ynnie komunikowa\u0107 si\u0119 w j\u0119zyku angielskim. Szczeg\u00f3\u0142owe informacje na jego temat znajdziesz tutaj: Present Simple.\u00a0Czas tera\u017aniejszy prosty. Stworzyli\u015bmy [&hellip;]<\/p>\n","protected":false},"author":2,"featured_media":32548,"parent":11530,"menu_order":0,"comment_status":"closed","ping_status":"closed","template":"","meta":{"footnotes":""},"yoast_head":"<!-- This site is optimized with the Yoast SEO plugin v23.1 - https:\/\/yoast.com\/wordpress\/plugins\/seo\/ -->\n<title>Opanuj Present Simple - \u0107wiczenia PDF dost\u0119pne teraz!<\/title>\n<meta name=\"description\" content=\"Zanurz si\u0119 w j\u0119zyku angielskim z naszym PDF Present Simple. Idealne dla pocz\u0105tkuj\u0105cych - pobierz teraz i zacznij \u0107wiczy\u0107 z Helloangielski.\" \/>\n<meta name=\"robots\" content=\"index, follow, max-snippet:-1, max-image-preview:large, max-video-preview:-1\" \/>\n<link rel=\"canonical\" href=\"https:\/\/www.helloangielski.pl\/rozmowki\/czasy-angielskie\/present-simple-czas-terazniejszy-prosty\/present-simple-cwiczenia-pdf\/\" \/>\n<meta property=\"og:locale\" content=\"pl_PL\" \/>\n<meta property=\"og:type\" content=\"article\" \/>\n<meta property=\"og:title\" content=\"Opanuj Present Simple - \u0107wiczenia PDF dost\u0119pne teraz!\" \/>\n<meta property=\"og:description\" content=\"Zanurz si\u0119 w j\u0119zyku angielskim z naszym PDF Present Simple. Idealne dla pocz\u0105tkuj\u0105cych - pobierz teraz i zacznij \u0107wiczy\u0107 z Helloangielski.\" \/>\n<meta property=\"og:url\" content=\"https:\/\/www.helloangielski.pl\/rozmowki\/czasy-angielskie\/present-simple-czas-terazniejszy-prosty\/present-simple-cwiczenia-pdf\/\" \/>\n<meta property=\"og:site_name\" content=\"Hello Rozm\u00f3wki Angielskie Online\" \/>\n<meta property=\"article:modified_time\" content=\"2024-03-18T12:21:34+00:00\" \/>\n<meta property=\"og:image\" content=\"https:\/\/www.helloangielski.pl\/rozmowki\/wp-content\/uploads\/2024\/03\/Present-Simple-cwiczenia-PDF.png\" \/>\n\t<meta property=\"og:image:width\" content=\"2000\" \/>\n\t<meta property=\"og:image:height\" content=\"1600\" \/>\n\t<meta property=\"og:image:type\" content=\"image\/png\" \/>\n<meta name=\"twitter:card\" content=\"summary_large_image\" \/>\n<meta name=\"twitter:label1\" content=\"Est. reading time\" \/>\n\t<meta name=\"twitter:data1\" content=\"1 minuta\" \/>\n<script type=\"application\/ld+json\" class=\"yoast-schema-graph\">{\"@context\":\"https:\/\/schema.org\",\"@graph\":[{\"@type\":\"WebPage\",\"@id\":\"https:\/\/www.helloangielski.pl\/rozmowki\/czasy-angielskie\/present-simple-czas-terazniejszy-prosty\/present-simple-cwiczenia-pdf\/\",\"url\":\"https:\/\/www.helloangielski.pl\/rozmowki\/czasy-angielskie\/present-simple-czas-terazniejszy-prosty\/present-simple-cwiczenia-pdf\/\",\"name\":\"Opanuj Present Simple - \u0107wiczenia PDF dost\u0119pne teraz!\",\"isPartOf\":{\"@id\":\"https:\/\/www.helloangielski.pl\/rozmowki\/#website\"},\"primaryImageOfPage\":{\"@id\":\"https:\/\/www.helloangielski.pl\/rozmowki\/czasy-angielskie\/present-simple-czas-terazniejszy-prosty\/present-simple-cwiczenia-pdf\/#primaryimage\"},\"image\":{\"@id\":\"https:\/\/www.helloangielski.pl\/rozmowki\/czasy-angielskie\/present-simple-czas-terazniejszy-prosty\/present-simple-cwiczenia-pdf\/#primaryimage\"},\"thumbnailUrl\":\"https:\/\/www.helloangielski.pl\/rozmowki\/wp-content\/uploads\/2024\/03\/Present-Simple-cwiczenia-PDF.png\",\"datePublished\":\"2024-03-13T13:18:06+00:00\",\"dateModified\":\"2024-03-18T12:21:34+00:00\",\"description\":\"Zanurz si\u0119 w j\u0119zyku angielskim z naszym PDF Present Simple. Idealne dla pocz\u0105tkuj\u0105cych - pobierz teraz i zacznij \u0107wiczy\u0107 z Helloangielski.\",\"breadcrumb\":{\"@id\":\"https:\/\/www.helloangielski.pl\/rozmowki\/czasy-angielskie\/present-simple-czas-terazniejszy-prosty\/present-simple-cwiczenia-pdf\/#breadcrumb\"},\"inLanguage\":\"pl-PL\",\"potentialAction\":[{\"@type\":\"ReadAction\",\"target\":[\"https:\/\/www.helloangielski.pl\/rozmowki\/czasy-angielskie\/present-simple-czas-terazniejszy-prosty\/present-simple-cwiczenia-pdf\/\"]}]},{\"@type\":\"ImageObject\",\"inLanguage\":\"pl-PL\",\"@id\":\"https:\/\/www.helloangielski.pl\/rozmowki\/czasy-angielskie\/present-simple-czas-terazniejszy-prosty\/present-simple-cwiczenia-pdf\/#primaryimage\",\"url\":\"https:\/\/www.helloangielski.pl\/rozmowki\/wp-content\/uploads\/2024\/03\/Present-Simple-cwiczenia-PDF.png\",\"contentUrl\":\"https:\/\/www.helloangielski.pl\/rozmowki\/wp-content\/uploads\/2024\/03\/Present-Simple-cwiczenia-PDF.png\",\"width\":2000,\"height\":1600,\"caption\":\"Present Simple \u0107wiczenia PDF\"},{\"@type\":\"BreadcrumbList\",\"@id\":\"https:\/\/www.helloangielski.pl\/rozmowki\/czasy-angielskie\/present-simple-czas-terazniejszy-prosty\/present-simple-cwiczenia-pdf\/#breadcrumb\",\"itemListElement\":[{\"@type\":\"ListItem\",\"position\":1,\"name\":\"Strona g\u0142\u00f3wna\",\"item\":\"https:\/\/www.helloangielski.pl\/rozmowki\/\"},{\"@type\":\"ListItem\",\"position\":2,\"name\":\"Opanuj czasy angielskie &#8211; proste wyt\u0142umaczenia i \u0107wiczenia\",\"item\":\"https:\/\/www.helloangielski.pl\/rozmowki\/czasy-angielskie\/\"},{\"@type\":\"ListItem\",\"position\":3,\"name\":\"Present Simple &#8211; budowa i przyk\u0142ady\",\"item\":\"https:\/\/www.helloangielski.pl\/rozmowki\/czasy-angielskie\/present-simple-czas-terazniejszy-prosty\/\"},{\"@type\":\"ListItem\",\"position\":4,\"name\":\"Present Simple &#8211; \u0107wiczenia PDF\"}]},{\"@type\":\"WebSite\",\"@id\":\"https:\/\/www.helloangielski.pl\/rozmowki\/#website\",\"url\":\"https:\/\/www.helloangielski.pl\/rozmowki\/\",\"name\":\"Hello Rozm\u00f3wki Angielskie Online\",\"description\":\"Angielski online \u2013 szybkie i skuteczne lekcje dla ka\u017cdego!\",\"potentialAction\":[{\"@type\":\"SearchAction\",\"target\":{\"@type\":\"EntryPoint\",\"urlTemplate\":\"https:\/\/www.helloangielski.pl\/rozmowki\/?s={search_term_string}\"},\"query-input\":\"required name=search_term_string\"}],\"inLanguage\":\"pl-PL\"}]}<\/script>\n<!-- \/ Yoast SEO plugin. -->","yoast_head_json":{"title":"Opanuj Present Simple - \u0107wiczenia PDF dost\u0119pne teraz!","description":"Zanurz si\u0119 w j\u0119zyku angielskim z naszym PDF Present Simple. Idealne dla pocz\u0105tkuj\u0105cych - pobierz teraz i zacznij \u0107wiczy\u0107 z Helloangielski.","robots":{"index":"index","follow":"follow","max-snippet":"max-snippet:-1","max-image-preview":"max-image-preview:large","max-video-preview":"max-video-preview:-1"},"canonical":"https:\/\/www.helloangielski.pl\/rozmowki\/czasy-angielskie\/present-simple-czas-terazniejszy-prosty\/present-simple-cwiczenia-pdf\/","og_locale":"pl_PL","og_type":"article","og_title":"Opanuj Present Simple - \u0107wiczenia PDF dost\u0119pne teraz!","og_description":"Zanurz si\u0119 w j\u0119zyku angielskim z naszym PDF Present Simple. Idealne dla pocz\u0105tkuj\u0105cych - pobierz teraz i zacznij \u0107wiczy\u0107 z Helloangielski.","og_url":"https:\/\/www.helloangielski.pl\/rozmowki\/czasy-angielskie\/present-simple-czas-terazniejszy-prosty\/present-simple-cwiczenia-pdf\/","og_site_name":"Hello Rozm\u00f3wki Angielskie Online","article_modified_time":"2024-03-18T12:21:34+00:00","og_image":[{"width":2000,"height":1600,"url":"https:\/\/www.helloangielski.pl\/rozmowki\/wp-content\/uploads\/2024\/03\/Present-Simple-cwiczenia-PDF.png","type":"image\/png"}],"twitter_card":"summary_large_image","twitter_misc":{"Est. reading time":"1 minuta"},"schema":{"@context":"https:\/\/schema.org","@graph":[{"@type":"WebPage","@id":"https:\/\/www.helloangielski.pl\/rozmowki\/czasy-angielskie\/present-simple-czas-terazniejszy-prosty\/present-simple-cwiczenia-pdf\/","url":"https:\/\/www.helloangielski.pl\/rozmowki\/czasy-angielskie\/present-simple-czas-terazniejszy-prosty\/present-simple-cwiczenia-pdf\/","name":"Opanuj Present Simple - \u0107wiczenia PDF dost\u0119pne teraz!","isPartOf":{"@id":"https:\/\/www.helloangielski.pl\/rozmowki\/#website"},"primaryImageOfPage":{"@id":"https:\/\/www.helloangielski.pl\/rozmowki\/czasy-angielskie\/present-simple-czas-terazniejszy-prosty\/present-simple-cwiczenia-pdf\/#primaryimage"},"image":{"@id":"https:\/\/www.helloangielski.pl\/rozmowki\/czasy-angielskie\/present-simple-czas-terazniejszy-prosty\/present-simple-cwiczenia-pdf\/#primaryimage"},"thumbnailUrl":"https:\/\/www.helloangielski.pl\/rozmowki\/wp-content\/uploads\/2024\/03\/Present-Simple-cwiczenia-PDF.png","datePublished":"2024-03-13T13:18:06+00:00","dateModified":"2024-03-18T12:21:34+00:00","description":"Zanurz si\u0119 w j\u0119zyku angielskim z naszym PDF Present Simple. Idealne dla pocz\u0105tkuj\u0105cych - pobierz teraz i zacznij \u0107wiczy\u0107 z Helloangielski.","breadcrumb":{"@id":"https:\/\/www.helloangielski.pl\/rozmowki\/czasy-angielskie\/present-simple-czas-terazniejszy-prosty\/present-simple-cwiczenia-pdf\/#breadcrumb"},"inLanguage":"pl-PL","potentialAction":[{"@type":"ReadAction","target":["https:\/\/www.helloangielski.pl\/rozmowki\/czasy-angielskie\/present-simple-czas-terazniejszy-prosty\/present-simple-cwiczenia-pdf\/"]}]},{"@type":"ImageObject","inLanguage":"pl-PL","@id":"https:\/\/www.helloangielski.pl\/rozmowki\/czasy-angielskie\/present-simple-czas-terazniejszy-prosty\/present-simple-cwiczenia-pdf\/#primaryimage","url":"https:\/\/www.helloangielski.pl\/rozmowki\/wp-content\/uploads\/2024\/03\/Present-Simple-cwiczenia-PDF.png","contentUrl":"https:\/\/www.helloangielski.pl\/rozmowki\/wp-content\/uploads\/2024\/03\/Present-Simple-cwiczenia-PDF.png","width":2000,"height":1600,"caption":"Present Simple \u0107wiczenia PDF"},{"@type":"BreadcrumbList","@id":"https:\/\/www.helloangielski.pl\/rozmowki\/czasy-angielskie\/present-simple-czas-terazniejszy-prosty\/present-simple-cwiczenia-pdf\/#breadcrumb","itemListElement":[{"@type":"ListItem","position":1,"name":"Strona g\u0142\u00f3wna","item":"https:\/\/www.helloangielski.pl\/rozmowki\/"},{"@type":"ListItem","position":2,"name":"Opanuj czasy angielskie &#8211; proste wyt\u0142umaczenia i \u0107wiczenia","item":"https:\/\/www.helloangielski.pl\/rozmowki\/czasy-angielskie\/"},{"@type":"ListItem","position":3,"name":"Present Simple &#8211; budowa i przyk\u0142ady","item":"https:\/\/www.helloangielski.pl\/rozmowki\/czasy-angielskie\/present-simple-czas-terazniejszy-prosty\/"},{"@type":"ListItem","position":4,"name":"Present Simple &#8211; \u0107wiczenia PDF"}]},{"@type":"WebSite","@id":"https:\/\/www.helloangielski.pl\/rozmowki\/#website","url":"https:\/\/www.helloangielski.pl\/rozmowki\/","name":"Hello Rozm\u00f3wki Angielskie Online","description":"Angielski online \u2013 szybkie i skuteczne lekcje dla ka\u017cdego!","potentialAction":[{"@type":"SearchAction","target":{"@type":"EntryPoint","urlTemplate":"https:\/\/www.helloangielski.pl\/rozmowki\/?s={search_term_string}"},"query-input":"required name=search_term_string"}],"inLanguage":"pl-PL"}]}},"_links":{"self":[{"href":"https:\/\/www.helloangielski.pl\/rozmowki\/wp-json\/wp\/v2\/pages\/32508"}],"collection":[{"href":"https:\/\/www.helloangielski.pl\/rozmowki\/wp-json\/wp\/v2\/pages"}],"about":[{"href":"https:\/\/www.helloangielski.pl\/rozmowki\/wp-json\/wp\/v2\/types\/page"}],"author":[{"embeddable":true,"href":"https:\/\/www.helloangielski.pl\/rozmowki\/wp-json\/wp\/v2\/users\/2"}],"replies":[{"embeddable":true,"href":"https:\/\/www.helloangielski.pl\/rozmowki\/wp-json\/wp\/v2\/comments?post=32508"}],"version-history":[{"count":3,"href":"https:\/\/www.helloangielski.pl\/rozmowki\/wp-json\/wp\/v2\/pages\/32508\/revisions"}],"predecessor-version":[{"id":32515,"href":"https:\/\/www.helloangielski.pl\/rozmowki\/wp-json\/wp\/v2\/pages\/32508\/revisions\/32515"}],"up":[{"embeddable":true,"href":"https:\/\/www.helloangielski.pl\/rozmowki\/wp-json\/wp\/v2\/pages\/11530"}],"wp:featuredmedia":[{"embeddable":true,"href":"https:\/\/www.helloangielski.pl\/rozmowki\/wp-json\/wp\/v2\/media\/32548"}],"wp:attachment":[{"href":"https:\/\/www.helloangielski.pl\/rozmowki\/wp-json\/wp\/v2\/media?parent=32508"}],"curies":[{"name":"wp","href":"https:\/\/api.w.org\/{rel}","templated":true}]}}