{"id":29718,"date":"2022-05-28T17:32:53","date_gmt":"2022-05-28T15:32:53","guid":{"rendered":"https:\/\/www.helloangielski.pl\/rozmowki\/?page_id=29718"},"modified":"2024-02-01T13:08:10","modified_gmt":"2024-02-01T12:08:10","slug":"wpis-na-blogu-po-angielsku-wzory-przyklady-i-przydatne-zwroty","status":"publish","type":"page","link":"https:\/\/www.helloangielski.pl\/rozmowki\/wpis-na-blogu-po-angielsku-wzory-przyklady-i-przydatne-zwroty\/","title":{"rendered":"Wpis na blogu po angielsku \u2013 wzory, przyk\u0142ady i przydatne zwroty"},"content":{"rendered":"<h1 style=\"text-align: center;\"><strong>Wpis na blogu po angielsku \u2013 wzory, przyk\u0142ady i przydatne zwroty<\/strong><\/h1>\n<p>&nbsp;<\/p>\n<p><strong>Blogowanie sta\u0142o si\u0119 bardzo popularn\u0105 form\u0105 kontaktu ze \u015bwiatem. W\u0142asny blog to idealne miejsce do wyra\u017cania my\u015bli i dzielenia si\u0119 nimi z czytelnikami. Spos\u00f3b prowadzenia bloga zale\u017cy od jego charakteru i celu, jaki chce si\u0119 osi\u0105gn\u0105\u0107. Istniej\u0105 jednak pewne zasady prowadzenia bloga, kt\u00f3re u\u0142atwi\u0105 pisanie i pomog\u0105 przyci\u0105gn\u0105\u0107 czytelnik\u00f3w, dlatego warto je pozna\u0107.<\/strong><\/p>\n<p>&nbsp;<\/p>\n<h2>Zasady i wskaz\u00f3wki.\u00a0Wpis na bloga po angielsku \u2013 czym powinien si\u0119 wyr\u00f3\u017cnia\u0107?<\/h2>\n<p>Post zamieszczony w j\u0119zyku angielskim kieruje si\u0119 takimi samymi zasadami jak wpis po polsku. Przede wszystkim nale\u017cy okre\u015bli\u0107 charakter i tematyk\u0119 bloga. Jest to wa\u017cne, aby wybra\u0107 odpowiedni\u0105 form\u0119 zwracania si\u0119 do czytelnika. Wi\u0119kszo\u015b\u0107 bloger\u00f3w u\u017cywa zwrot\u00f3w nieformalnych, skracaj\u0105c dystans z odbiorc\u0105. Rezygnuj\u0105 zatem z formy \u201ePan, Pani\u201d, wybieraj\u0105c \u201eWy\u201d lub \u201eTy\u201d. Ten ostatni zwrot pomaga stworzy\u0107 blisko\u015b\u0107 z czytelnikami, sprawiaj\u0105c, \u017ce ka\u017cdy z nich czuje si\u0119 wyj\u0105tkowy.<\/p>\n<p>W przypadku bloga o bardziej oficjalnym charakterze, skierowanym np. do ekspert\u00f3w konkretnej bran\u017cy, os\u00f3b na wysokich stanowiskach, biznesmen\u00f3w itp. nale\u017cy pozosta\u0107 przy formie \u201ePan, Pani\u201d. Tworz\u0105c blog m\u0142odzie\u017cowy, z kolei, mo\u017cna \u015bmia\u0142o wybra\u0107 lu\u017an\u0105 form\u0119, pos\u0142uguj\u0105c si\u0119 nawet slangiem. Nale\u017cy jednak pami\u0119ta\u0107 o wielkiej literze we wszystkich formach grzeczno\u015bciowych.<\/p>\n<h2>Wpis po angielsku \u2014 od czego zacz\u0105\u0107?<\/h2>\n<p>Dobrze, je\u015bli wpis ma chwytliwy tytu\u0142, jednak nie trzeba od niego zaczyna\u0107. Wr\u0119cz przeciwnie \u2013 wielu pisz\u0105cych wymy\u015bla go na ko\u0144cu, gdy ma ju\u017c gotowy schemat lub ca\u0142y tekst. Tytu\u0142 nie powinien by\u0107 zbyt d\u0142ugi, za to powinien intrygowa\u0107 i zach\u0119ca\u0107 do lektury wpisu.<\/p>\n<p>W pierwszych s\u0142owach mi\u0142o jest przywita\u0107 si\u0119 z czytelnikami, a nast\u0119pnie dopisa\u0107 zdanie o tym, jak cieszymy si\u0119 z wizyt na blogu, przeprosi\u0107 za d\u0142ug\u0105 nieobecno\u015b\u0107 lub podzi\u0119kowa\u0107 za poprzednie komentarze. R\u00f3wnie dobrze jednak mo\u017cna to umie\u015bci\u0107 na ko\u0144cu wpisu.<\/p>\n<p>Wst\u0119p nie jest konieczny, jednak dobrze napisany mo\u017ce zaciekawi\u0107 odbiorc\u0119. Je\u015bli w dalszej tre\u015bci chce si\u0119 przekaza\u0107 co\u015b interesuj\u0105cego, wst\u0119p powinien ods\u0142ania\u0107 zaledwie r\u0105bek tej informacji.<\/p>\n<p>Rozwini\u0119cie my\u015bli, czyli tre\u015b\u0107 wpisu powinna by\u0107 czytelna i \u0142atwa w odbiorze. Bardzo pomocne w pisaniu jest wcielenie si\u0119 w rol\u0119 czytelnika. Aby blog nie by\u0142 chaotyczny, warto trzyma\u0107 si\u0119 chronologii opisywanych wydarze\u0144. Oczywi\u015bcie mo\u017cna te\u017c odwr\u00f3ci\u0107 kolejno\u015b\u0107, ale zabieg ten powinien by\u0107 dobrze przemy\u015blany. Nale\u017cy pami\u0119ta\u0107 o tym, \u017ce zbyt d\u0142ugie bloki tekstu mog\u0105 zm\u0119czy\u0107 oczy i zniech\u0119ci\u0107 do dalszej lektury. Warto zatem podzieli\u0107 tekst na akapity. Je\u015bli wpis dotyczy np. porad, dobrze jest zastosowa\u0107 punktacj\u0119.<\/p>\n<p><strong>Blog po angielsku \u2013 o czym jeszcze nale\u017cy pami\u0119ta\u0107?<\/strong><\/p>\n<p>Bez wzgl\u0119du na to, do kogo skierowany jest post, musi by\u0107 on poprawny stylistycznie, gramatycznie i ortograficznie. B\u0142\u0119dy oznaczaj\u0105 brak szacunku dla czytelnika i sprawiaj\u0105, \u017ce wpis jest po prostu niechlujny. Dotyczy to ka\u017cdego j\u0119zyka, a pisz\u0105c po angielsku, trzeba zwr\u00f3ci\u0107 na to szczeg\u00f3ln\u0105 uwag\u0119. Tre\u015b\u0107 powinna by\u0107 sp\u00f3jna, \u0142atwa w odbiorze, bez odbiegania od tematu i zb\u0119dnych powt\u00f3rze\u0144.<\/p>\n<p>&nbsp;<\/p>\n<h2>Przydatne zwroty i s\u0142ownictwo<\/h2>\n<p><strong><img loading=\"lazy\" decoding=\"async\" class=\"alignleft size-large wp-image-32124\" src=\"https:\/\/www.helloangielski.pl\/rozmowki\/wp-content\/uploads\/2024\/02\/zwroty-do-bloga-po-angielsku-410x1024.png\" alt=\"zwroty do bloga po angielsku\" width=\"410\" height=\"1024\" srcset=\"https:\/\/www.helloangielski.pl\/rozmowki\/wp-content\/uploads\/2024\/02\/zwroty-do-bloga-po-angielsku-410x1024.png 410w, https:\/\/www.helloangielski.pl\/rozmowki\/wp-content\/uploads\/2024\/02\/zwroty-do-bloga-po-angielsku-400x1000.png 400w\" sizes=\"(max-width: 410px) 100vw, 410px\" \/>Przywitanie czytelnika<\/strong>:<\/p>\n<p>Hello! \/ Hi guys! \/ Hello everyone! \/ Hey everybody&#8230; \/ Hello folks \/<\/p>\n<p>I bardziej formalnie: Welcome! \/ Welcome back!<\/p>\n<p><strong>Zdania grzeczno\u015bciowe:<\/strong><\/p>\n<p>I am sorry for long absence on the blog. \/ Przepraszam za d\u0142ug\u0105 nieobecno\u015b\u0107 na blogu.<\/p>\n<p>Sorry, I haven&#8217;t written for a long time. I have been very busy&#8230; \/ Przepraszam, \u017ce d\u0142ugo nie pisa\u0142em. By\u0142em bardzo zaj\u0119ty&#8230;<\/p>\n<p>I am very happy with your visits to my blog. \/ Bardzo ciesz\u0105 mnie Wasze wizyty na moim blogu.<\/p>\n<p>I am sorry for not always having time to reply to your comments. \/ Przepraszam, \u017ce nie zawsze mam czas odpisa\u0107 na Wasze komentarze.<\/p>\n<p><strong>Wst\u0119p:<\/strong><\/p>\n<p>You will never guess what happened today. \/ Nigdy nie zgadniecie, co si\u0119 dzisiaj zdarzy\u0142o.<\/p>\n<p>I am writing today because I have\u00a0 great news! \/ Pisz\u0119 dzisiaj, bo mam \u015bwietne wiadomo\u015bci!<\/p>\n<p>I&#8217;ve got some news for you all&#8230; \/ Mam dla was nowin\u0119&#8230;<\/p>\n<p>Today, I&#8217;d like to write about&#8230; \/ Dzi\u015b chcia\u0142abym napisa\u0107 o&#8230;<\/p>\n<p>Guess, what&#8217;s happened&#8230; \/ Zgadnijcie, co si\u0119 sta\u0142o&#8230;<\/p>\n<p>Many people think that\u2026 \/ Wiele os\u00f3b s\u0105dzi, \u017ce\u2026<\/p>\n<p>Today I would like to share something with you\u2026 \/ Dzisiaj chcia\u0142bym si\u0119 czym\u015b z Wami podzieli\u0107.<\/p>\n<p>Today I am going to break down stereotypes \/ Dzisiaj zamierzam obali\u0107 stereotypy.<\/p>\n<p>I&#8217;m writing this one because I&#8230; \/ Pisz\u0119 to, poniewa\u017c&#8230;<\/p>\n<p><strong>Rozwini\u0119cie wpisu<\/strong>:<\/p>\n<p>It was the best\/ the worst day of my life.\u00a0 \/ To by\u0142 najlepszy\/najgorszy dzie\u0144 w moim \u017cyciu.\u00a0<\/p>\n<p>I had a great time. \/ \u015awietnie si\u0119 bawi\u0142em.\u00a0<\/p>\n<p>I must say, however&#8230;\/ Musz\u0119 jednak przyzna\u0107, \u017ce&#8230;<\/p>\n<p>Whad did I learn as a result? \/ Czego si\u0119 dzi\u0119ki temu nauczy\u0142em?\u00a0<\/p>\n<p>I still can&#8217;t believe it. \/ Wci\u0105\u017c nie mog\u0119 w to uwierzy\u0107.\u00a0<\/p>\n<p>I&#8217;d recommend it.\/ I&#8217;d not recommend it. Poleci\u0142bym to.\/ Nie poleci\u0142bym tego.\u00a0<\/p>\n<p>I think&#8230; \/ In my opinion&#8230; \/ From my point of you&#8230; \/ My\u015bl\u0119, \u017ce&#8230; \/ Moim zdaniem&#8230; \/ Z mojego punktu widzenia&#8230;<\/p>\n<p><strong>Zako\u0144czenie<\/strong>:<\/p>\n<p><strong><img loading=\"lazy\" decoding=\"async\" class=\"alignleft size-medium wp-image-29722\" src=\"https:\/\/www.helloangielski.pl\/rozmowki\/wp-content\/uploads\/2022\/05\/jak-napisa\u0107-wpis-na-blogu-po-angielsku-400x400.jpg\" alt=\"jak napisa\u0107 wpis na blogu po angielsku\" width=\"400\" height=\"400\" \/><\/strong>That\u2019s all for today. \/ To wszystko na dzisiaj.<\/p>\n<p>Please, don&#8217;t forget to leave a comment. \/ Prosz\u0119, nie zapomnijcie zostawi\u0107 komentarza.<\/p>\n<p>If you agree with me, write your comments below. \/ Je\u015bli si\u0119 ze mn\u0105 zgadzasz, napisz sw\u00f3j komentarz poni\u017cej.<\/p>\n<p>Thanks a lot for all your comments! \/ Bardzo dzi\u0119kuj\u0119 (wielkie dzi\u0119ki) za wszystkie komentarze!<\/p>\n<p>I would like to know your opinion about this. \/ Chcia\u0142abym pozna\u0107 Twoj\u0105 opini\u0119 na ten temat.<\/p>\n<p>Please, let me know what you think about it. \/ Prosz\u0119, dajcie mi zna\u0107, co o tym s\u0105dzicie.<\/p>\n<p>Stay tuned. \/ Pozosta\u0144cie z nami.<\/p>\n<p>Thank you for visiting my blog. \/ Dzi\u0119kuj\u0119 za odwiedzenie mojego bloga.<\/p>\n<p>Looking forward to your comments \/ Z niecierpliwo\u015bci\u0105 oczekuj\u0119 waszych komentarzy.<\/p>\n<p>&nbsp;<\/p>\n<h2><strong>Przyk\u0142adowe teksty:<\/strong><\/h2>\n<p><img loading=\"lazy\" decoding=\"async\" class=\"alignleft size-medium wp-image-29723\" src=\"https:\/\/www.helloangielski.pl\/rozmowki\/wp-content\/uploads\/2022\/05\/jak-pisa\u0107-bloga-po-angielsku-400x400.jpg\" alt=\"jak pisa\u0107 bloga po angielsku\" width=\"400\" height=\"400\" \/><\/p>\n<p><span style=\"font-size: 18px;\"><strong>Wpis o sporcie z przymru\u017ceniem oka<\/strong><\/span><\/p>\n<div><strong>Me and sports activity<\/strong><\/div>\n<div>\u00a0<\/div>\n<div>Hi everyone!<\/div>\n<div>For as long as I remember \u2013 me and sports were two opposites. I was always too lazy to exercise. Jogging? Just the thought made me feel sick. And guess what? It turns out that I am a great athlete!<\/div>\n<div>This all started when my 1-year-old sister learned to walk. Well, as a matter of fact, it took only a while. She only walked for a few days and then\u2026 she was running! I guess that many brothers and sisters have already figured out what I want to say, right?<\/div>\n<div>Oh yes, I can already see the smiles! Anyway, I never expected I will become a jogger, long jumper, climber, and weightlifter so fast\u2026<\/div>\n<div>I became like that by just trying to catch my sister and keep up with her!<\/div>\n<div>I wish you a lot of strength and perseverance, especially you, young parents \ud83d\ude42<\/div>\n<div>Thank you for all your comments. Take care, my friends!<\/div>\n<div>\u00a0<\/div>\n<p><span style=\"font-size: 18px;\"><strong>Wpis o wakacjach<\/strong><\/span><\/p>\n<p><strong>Successful vacation and 3 types of vacationers<\/strong><\/p>\n<p>Hello!<br \/>This is me again:)<br \/>Did you know that there are at least 3 types of vacationers?<\/p>\n<ol>\n<li>People who love lying on the beach<\/li>\n<li>People who enjoy sightseeing, visiting new places and monuments<\/li>\n<li>People who like summer partying<\/li>\n<\/ol>\n<p>Which type are you?<br \/>I think I am a bit of each. I love the beach, the sun, the sea, and the lake. And when we put it all together, it can be a wonderful experience!<br \/>But I think I like walking and sightseeing the most. Such activities can be a great adventure.\u00a0Especially when we discover unknown places, architecture, nature reserves, landscapes\u2026<\/p>\n<p>Thanks to such trips, we can learn many interesting things and want to come back here again. Don\u2019t you think?<br \/>That\u2019s all for today. Thank you for reading my post.<\/p>\n<p>Please leave a comment because I would like to know your opinion.<\/p>\n<p>&nbsp;<\/p>\n<p><img loading=\"lazy\" decoding=\"async\" class=\"alignleft size-medium wp-image-29724\" src=\"https:\/\/www.helloangielski.pl\/rozmowki\/wp-content\/uploads\/2022\/05\/jak-pisa\u0107-bloga-po-angielsku-zwroty-400x400.jpg\" alt=\"jak pisa\u0107 bloga po angielsku zwroty\" width=\"400\" height=\"400\" \/><\/p>\n<p><span style=\"font-size: 18px;\"><strong>Wpis kulinarny<\/strong><\/span><\/p>\n<p><strong>Meat mix in orange juice<\/strong><\/p>\n<p>Hello everyone!<\/p>\n<p>Today, I would like to share with you a simple recipe. This is one of my favourite dishes \u2013 meat mix in orange juice. This dish is perfect for warming up on winter days, and it is light at the same time thanks to the orange juice, so good in summer too!<\/p>\n<p><strong>Ingredients<\/strong>:<\/p>\n<ul>\n<li>250 grams of beef<\/li>\n<li>150 grams of pork<\/li>\n<li>300 ml of orange juice<\/li>\n<li>1 medium sausage<\/li>\n<li>2 medium onions<\/li>\n<li>2 teaspoons of soy sauce<\/li>\n<li>1 teaspoon of dried thyme<\/li>\n<li>1 spoonful of butter and 1 spoonful of flour<\/li>\n<li>2 spoons of sour cream<\/li>\n<li>2 spoons of parsley<\/li>\n<li>1 stock cube<\/li>\n<\/ul>\n<p>First, pour the orange juice into the pot, add soy sauce, stock cube, thyme, and boil it. Then, add sliced meat and stew it for about 1 hour. Later, cut the sausage and onion into slices and fry them in a pan. Add flour, sour cream, and some water. Put it in the pot with the meat and simmer another 10 mins. Season with salt and pepper.<\/p>\n<p>Serve hot with chopped green parsley.<\/p>\n<p><strong>Tip<\/strong>: beef takes longer to cook than pork, so you can add it earlier. You can also use only one type of meat.<\/p>\n<p>Enjoy!<\/p>\n<p>&nbsp;<\/p>\n","protected":false},"excerpt":{"rendered":"<p>Wpis na blogu po angielsku \u2013 wzory, przyk\u0142ady i przydatne zwroty &nbsp; Blogowanie sta\u0142o si\u0119 bardzo popularn\u0105 form\u0105 kontaktu ze \u015bwiatem. W\u0142asny blog to idealne miejsce do wyra\u017cania my\u015bli i dzielenia si\u0119 nimi z czytelnikami. Spos\u00f3b prowadzenia bloga zale\u017cy od jego charakteru i celu, jaki chce si\u0119 osi\u0105gn\u0105\u0107. Istniej\u0105 jednak pewne zasady prowadzenia bloga, kt\u00f3re [&hellip;]<\/p>\n","protected":false},"author":2,"featured_media":29721,"parent":0,"menu_order":0,"comment_status":"closed","ping_status":"closed","template":"","meta":{"footnotes":""},"yoast_head":"<!-- This site is optimized with the Yoast SEO plugin v23.1 - https:\/\/yoast.com\/wordpress\/plugins\/seo\/ -->\n<title>Blog po angielsku: wzory, wskaz\u00f3wki i zwroty | Helloangielski<\/title>\n<meta name=\"description\" content=\"Odkryj, jak tworzy\u0107 anga\u017cuj\u0105ce wpisy na blogu po angielsku. Znajd\u017a przyk\u0142ady i zwroty, kt\u00f3re przyci\u0105gn\u0105 czytelnik\u00f3w i wzbogac\u0105 Tw\u00f3j blog.\" \/>\n<meta name=\"robots\" content=\"index, follow, max-snippet:-1, max-image-preview:large, max-video-preview:-1\" \/>\n<link rel=\"canonical\" href=\"https:\/\/www.helloangielski.pl\/rozmowki\/wpis-na-blogu-po-angielsku-wzory-przyklady-i-przydatne-zwroty\/\" \/>\n<meta property=\"og:locale\" content=\"pl_PL\" \/>\n<meta property=\"og:type\" content=\"article\" \/>\n<meta property=\"og:title\" content=\"Blog po angielsku: wzory, wskaz\u00f3wki i zwroty | Helloangielski\" \/>\n<meta property=\"og:description\" content=\"Odkryj, jak tworzy\u0107 anga\u017cuj\u0105ce wpisy na blogu po angielsku. Znajd\u017a przyk\u0142ady i zwroty, kt\u00f3re przyci\u0105gn\u0105 czytelnik\u00f3w i wzbogac\u0105 Tw\u00f3j blog.\" \/>\n<meta property=\"og:url\" content=\"https:\/\/www.helloangielski.pl\/rozmowki\/wpis-na-blogu-po-angielsku-wzory-przyklady-i-przydatne-zwroty\/\" \/>\n<meta property=\"og:site_name\" content=\"Hello Rozm\u00f3wki Angielskie Online\" \/>\n<meta property=\"article:modified_time\" content=\"2024-02-01T12:08:10+00:00\" \/>\n<meta property=\"og:image\" content=\"https:\/\/www.helloangielski.pl\/rozmowki\/wp-content\/uploads\/2022\/05\/wpis-na-blogu-po-angielsku.jpg\" \/>\n\t<meta property=\"og:image:width\" content=\"1080\" \/>\n\t<meta property=\"og:image:height\" content=\"1080\" \/>\n\t<meta property=\"og:image:type\" content=\"image\/jpeg\" \/>\n<meta name=\"twitter:card\" content=\"summary_large_image\" \/>\n<meta name=\"twitter:label1\" content=\"Est. reading time\" \/>\n\t<meta name=\"twitter:data1\" content=\"10 minut\" \/>\n<script type=\"application\/ld+json\" class=\"yoast-schema-graph\">{\"@context\":\"https:\/\/schema.org\",\"@graph\":[{\"@type\":\"WebPage\",\"@id\":\"https:\/\/www.helloangielski.pl\/rozmowki\/wpis-na-blogu-po-angielsku-wzory-przyklady-i-przydatne-zwroty\/\",\"url\":\"https:\/\/www.helloangielski.pl\/rozmowki\/wpis-na-blogu-po-angielsku-wzory-przyklady-i-przydatne-zwroty\/\",\"name\":\"Blog po angielsku: wzory, wskaz\u00f3wki i zwroty | Helloangielski\",\"isPartOf\":{\"@id\":\"https:\/\/www.helloangielski.pl\/rozmowki\/#website\"},\"primaryImageOfPage\":{\"@id\":\"https:\/\/www.helloangielski.pl\/rozmowki\/wpis-na-blogu-po-angielsku-wzory-przyklady-i-przydatne-zwroty\/#primaryimage\"},\"image\":{\"@id\":\"https:\/\/www.helloangielski.pl\/rozmowki\/wpis-na-blogu-po-angielsku-wzory-przyklady-i-przydatne-zwroty\/#primaryimage\"},\"thumbnailUrl\":\"https:\/\/www.helloangielski.pl\/rozmowki\/wp-content\/uploads\/2022\/05\/wpis-na-blogu-po-angielsku.jpg\",\"datePublished\":\"2022-05-28T15:32:53+00:00\",\"dateModified\":\"2024-02-01T12:08:10+00:00\",\"description\":\"Odkryj, jak tworzy\u0107 anga\u017cuj\u0105ce wpisy na blogu po angielsku. Znajd\u017a przyk\u0142ady i zwroty, kt\u00f3re przyci\u0105gn\u0105 czytelnik\u00f3w i wzbogac\u0105 Tw\u00f3j blog.\",\"breadcrumb\":{\"@id\":\"https:\/\/www.helloangielski.pl\/rozmowki\/wpis-na-blogu-po-angielsku-wzory-przyklady-i-przydatne-zwroty\/#breadcrumb\"},\"inLanguage\":\"pl-PL\",\"potentialAction\":[{\"@type\":\"ReadAction\",\"target\":[\"https:\/\/www.helloangielski.pl\/rozmowki\/wpis-na-blogu-po-angielsku-wzory-przyklady-i-przydatne-zwroty\/\"]}]},{\"@type\":\"ImageObject\",\"inLanguage\":\"pl-PL\",\"@id\":\"https:\/\/www.helloangielski.pl\/rozmowki\/wpis-na-blogu-po-angielsku-wzory-przyklady-i-przydatne-zwroty\/#primaryimage\",\"url\":\"https:\/\/www.helloangielski.pl\/rozmowki\/wp-content\/uploads\/2022\/05\/wpis-na-blogu-po-angielsku.jpg\",\"contentUrl\":\"https:\/\/www.helloangielski.pl\/rozmowki\/wp-content\/uploads\/2022\/05\/wpis-na-blogu-po-angielsku.jpg\",\"width\":1080,\"height\":1080,\"caption\":\"wpis na blogu po angielsku\"},{\"@type\":\"BreadcrumbList\",\"@id\":\"https:\/\/www.helloangielski.pl\/rozmowki\/wpis-na-blogu-po-angielsku-wzory-przyklady-i-przydatne-zwroty\/#breadcrumb\",\"itemListElement\":[{\"@type\":\"ListItem\",\"position\":1,\"name\":\"Strona g\u0142\u00f3wna\",\"item\":\"https:\/\/www.helloangielski.pl\/rozmowki\/\"},{\"@type\":\"ListItem\",\"position\":2,\"name\":\"Wpis na blogu po angielsku \u2013 wzory, przyk\u0142ady i przydatne zwroty\"}]},{\"@type\":\"WebSite\",\"@id\":\"https:\/\/www.helloangielski.pl\/rozmowki\/#website\",\"url\":\"https:\/\/www.helloangielski.pl\/rozmowki\/\",\"name\":\"Hello Rozm\u00f3wki Angielskie Online\",\"description\":\"Angielski online \u2013 szybkie i skuteczne lekcje dla ka\u017cdego!\",\"potentialAction\":[{\"@type\":\"SearchAction\",\"target\":{\"@type\":\"EntryPoint\",\"urlTemplate\":\"https:\/\/www.helloangielski.pl\/rozmowki\/?s={search_term_string}\"},\"query-input\":\"required name=search_term_string\"}],\"inLanguage\":\"pl-PL\"}]}<\/script>\n<!-- \/ Yoast SEO plugin. -->","yoast_head_json":{"title":"Blog po angielsku: wzory, wskaz\u00f3wki i zwroty | Helloangielski","description":"Odkryj, jak tworzy\u0107 anga\u017cuj\u0105ce wpisy na blogu po angielsku. Znajd\u017a przyk\u0142ady i zwroty, kt\u00f3re przyci\u0105gn\u0105 czytelnik\u00f3w i wzbogac\u0105 Tw\u00f3j blog.","robots":{"index":"index","follow":"follow","max-snippet":"max-snippet:-1","max-image-preview":"max-image-preview:large","max-video-preview":"max-video-preview:-1"},"canonical":"https:\/\/www.helloangielski.pl\/rozmowki\/wpis-na-blogu-po-angielsku-wzory-przyklady-i-przydatne-zwroty\/","og_locale":"pl_PL","og_type":"article","og_title":"Blog po angielsku: wzory, wskaz\u00f3wki i zwroty | Helloangielski","og_description":"Odkryj, jak tworzy\u0107 anga\u017cuj\u0105ce wpisy na blogu po angielsku. Znajd\u017a przyk\u0142ady i zwroty, kt\u00f3re przyci\u0105gn\u0105 czytelnik\u00f3w i wzbogac\u0105 Tw\u00f3j blog.","og_url":"https:\/\/www.helloangielski.pl\/rozmowki\/wpis-na-blogu-po-angielsku-wzory-przyklady-i-przydatne-zwroty\/","og_site_name":"Hello Rozm\u00f3wki Angielskie Online","article_modified_time":"2024-02-01T12:08:10+00:00","og_image":[{"width":1080,"height":1080,"url":"https:\/\/www.helloangielski.pl\/rozmowki\/wp-content\/uploads\/2022\/05\/wpis-na-blogu-po-angielsku.jpg","type":"image\/jpeg"}],"twitter_card":"summary_large_image","twitter_misc":{"Est. reading time":"10 minut"},"schema":{"@context":"https:\/\/schema.org","@graph":[{"@type":"WebPage","@id":"https:\/\/www.helloangielski.pl\/rozmowki\/wpis-na-blogu-po-angielsku-wzory-przyklady-i-przydatne-zwroty\/","url":"https:\/\/www.helloangielski.pl\/rozmowki\/wpis-na-blogu-po-angielsku-wzory-przyklady-i-przydatne-zwroty\/","name":"Blog po angielsku: wzory, wskaz\u00f3wki i zwroty | Helloangielski","isPartOf":{"@id":"https:\/\/www.helloangielski.pl\/rozmowki\/#website"},"primaryImageOfPage":{"@id":"https:\/\/www.helloangielski.pl\/rozmowki\/wpis-na-blogu-po-angielsku-wzory-przyklady-i-przydatne-zwroty\/#primaryimage"},"image":{"@id":"https:\/\/www.helloangielski.pl\/rozmowki\/wpis-na-blogu-po-angielsku-wzory-przyklady-i-przydatne-zwroty\/#primaryimage"},"thumbnailUrl":"https:\/\/www.helloangielski.pl\/rozmowki\/wp-content\/uploads\/2022\/05\/wpis-na-blogu-po-angielsku.jpg","datePublished":"2022-05-28T15:32:53+00:00","dateModified":"2024-02-01T12:08:10+00:00","description":"Odkryj, jak tworzy\u0107 anga\u017cuj\u0105ce wpisy na blogu po angielsku. Znajd\u017a przyk\u0142ady i zwroty, kt\u00f3re przyci\u0105gn\u0105 czytelnik\u00f3w i wzbogac\u0105 Tw\u00f3j blog.","breadcrumb":{"@id":"https:\/\/www.helloangielski.pl\/rozmowki\/wpis-na-blogu-po-angielsku-wzory-przyklady-i-przydatne-zwroty\/#breadcrumb"},"inLanguage":"pl-PL","potentialAction":[{"@type":"ReadAction","target":["https:\/\/www.helloangielski.pl\/rozmowki\/wpis-na-blogu-po-angielsku-wzory-przyklady-i-przydatne-zwroty\/"]}]},{"@type":"ImageObject","inLanguage":"pl-PL","@id":"https:\/\/www.helloangielski.pl\/rozmowki\/wpis-na-blogu-po-angielsku-wzory-przyklady-i-przydatne-zwroty\/#primaryimage","url":"https:\/\/www.helloangielski.pl\/rozmowki\/wp-content\/uploads\/2022\/05\/wpis-na-blogu-po-angielsku.jpg","contentUrl":"https:\/\/www.helloangielski.pl\/rozmowki\/wp-content\/uploads\/2022\/05\/wpis-na-blogu-po-angielsku.jpg","width":1080,"height":1080,"caption":"wpis na blogu po angielsku"},{"@type":"BreadcrumbList","@id":"https:\/\/www.helloangielski.pl\/rozmowki\/wpis-na-blogu-po-angielsku-wzory-przyklady-i-przydatne-zwroty\/#breadcrumb","itemListElement":[{"@type":"ListItem","position":1,"name":"Strona g\u0142\u00f3wna","item":"https:\/\/www.helloangielski.pl\/rozmowki\/"},{"@type":"ListItem","position":2,"name":"Wpis na blogu po angielsku \u2013 wzory, przyk\u0142ady i przydatne zwroty"}]},{"@type":"WebSite","@id":"https:\/\/www.helloangielski.pl\/rozmowki\/#website","url":"https:\/\/www.helloangielski.pl\/rozmowki\/","name":"Hello Rozm\u00f3wki Angielskie Online","description":"Angielski online \u2013 szybkie i skuteczne lekcje dla ka\u017cdego!","potentialAction":[{"@type":"SearchAction","target":{"@type":"EntryPoint","urlTemplate":"https:\/\/www.helloangielski.pl\/rozmowki\/?s={search_term_string}"},"query-input":"required name=search_term_string"}],"inLanguage":"pl-PL"}]}},"_links":{"self":[{"href":"https:\/\/www.helloangielski.pl\/rozmowki\/wp-json\/wp\/v2\/pages\/29718"}],"collection":[{"href":"https:\/\/www.helloangielski.pl\/rozmowki\/wp-json\/wp\/v2\/pages"}],"about":[{"href":"https:\/\/www.helloangielski.pl\/rozmowki\/wp-json\/wp\/v2\/types\/page"}],"author":[{"embeddable":true,"href":"https:\/\/www.helloangielski.pl\/rozmowki\/wp-json\/wp\/v2\/users\/2"}],"replies":[{"embeddable":true,"href":"https:\/\/www.helloangielski.pl\/rozmowki\/wp-json\/wp\/v2\/comments?post=29718"}],"version-history":[{"count":10,"href":"https:\/\/www.helloangielski.pl\/rozmowki\/wp-json\/wp\/v2\/pages\/29718\/revisions"}],"predecessor-version":[{"id":32125,"href":"https:\/\/www.helloangielski.pl\/rozmowki\/wp-json\/wp\/v2\/pages\/29718\/revisions\/32125"}],"wp:featuredmedia":[{"embeddable":true,"href":"https:\/\/www.helloangielski.pl\/rozmowki\/wp-json\/wp\/v2\/media\/29721"}],"wp:attachment":[{"href":"https:\/\/www.helloangielski.pl\/rozmowki\/wp-json\/wp\/v2\/media?parent=29718"}],"curies":[{"name":"wp","href":"https:\/\/api.w.org\/{rel}","templated":true}]}}