{"id":14034,"date":"2016-01-10T14:55:11","date_gmt":"2016-01-10T13:55:11","guid":{"rendered":"http:\/\/www.helloangielski.pl\/rozmowki\/fiszki-specjalne-okazje\/"},"modified":"2018-09-08T17:49:19","modified_gmt":"2018-09-08T15:49:19","slug":"fiszki-specjalne-okazje","status":"publish","type":"page","link":"https:\/\/www.helloangielski.pl\/rozmowki\/fiszki-specjalne-okazje\/","title":{"rendered":"Fiszki specjalne okazje"},"content":{"rendered":"<div class=\"qwiz_wrapper\"  style=\"display: none;\"><\/div><div class=\"qdeck_wrapper\" style=\"display: none;\"><\/div><h1><strong>Witaj w zestawie fiszek online Specjalne okazje: urodziny, \u015blub, rocznica&#8230;<\/strong><\/h1>\n<ol>\n<li>Zastan\u00f3w si\u0119, czy znasz t\u0142umaczenie \u00a0s\u0142owa.<\/li>\n<li>Kliknij w fiszk\u0119 lub w przycisk \u201eOdwr\u00f3\u0107\u201d, aby zobaczy\u0107 t\u0142umaczenie.<\/li>\n<li>Je\u017celi nie znasz tego s\u0142owa, naci\u015bnij przycisk \u201eJeszcze nie umiem\u201d. Fiszka wr\u00f3ci do zestawu.<\/li>\n<li>Je\u017celi znasz ju\u017c s\u0142owo, naci\u015bnij \u201eUmiem\u201d. Fiszka zostanie usuni\u0119ta z zestawu.<\/li>\n<\/ol>\n<p>Dobrej zabawy!<\/p>\n<p>\u00a0<div class=\"qdeck_wrapper qwiz_shortcodes_hidden\">\n<div class=\"qdeck_wrapper_fallback qdeck_wrapper_fallback_visible\"><button onclick=\"qwiz_.qwiz_init (); qcard_.qdeck_init ();\">Click here to start flashcard deck<\/button><\/div>[qdeck random=\u201dtrue\u201d]<\/p>\n<p><span style=\"font-size: 36pt; color: #ffffff;\">[q]urodziny<\/span><\/p>\n<p><span style=\"font-size: 36pt;\">[a]birthday<\/span><\/p>\n<p><span style=\"font-size: 36pt; color: #ffffff;\">[q]zar\u0119czyny<\/span><\/p>\n<p><span style=\"font-size: 36pt;\">[a]engagement<\/span><\/p>\n<p><span style=\"font-size: 36pt; color: #ffffff;\">[q]\u015blub<\/span><\/p>\n<p><span style=\"font-size: 36pt;\">[a]wedding<\/span><\/p>\n<p><span style=\"font-size: 36pt; color: #ffffff;\">[q]rocznica<\/span><\/p>\n<p><span style=\"font-size: 36pt;\">[a]anniversary<\/span><\/p>\n<p><span style=\"font-size: 36pt; color: #ffffff;\">[q]wakacje<\/span><\/p>\n<p><span style=\"font-size: 36pt;\">[a]holiday<\/span><\/p>\n<p><span style=\"font-size: 36pt; color: #ffffff;\">[q]\u015awi\u0119ta Bo\u017cego Narodzenia<\/span><\/p>\n<p><span style=\"font-size: 36pt;\">[a]Christmas<\/span><\/p>\n<p><span style=\"font-size: 36pt; color: #ffffff;\">[q]Wigilia<\/span><\/p>\n<p><span style=\"font-size: 36pt;\">[a]Christmas Eve<\/span><\/p>\n<p><span style=\"font-size: 36pt; color: #ffffff;\">[q]Nowy Rok<\/span><\/p>\n<p><span style=\"font-size: 36pt;\">[a]New Year<\/span><\/p>\n<p><span style=\"font-size: 36pt; color: #ffffff;\">[q]Sylwester<\/span><\/p>\n<p><span style=\"font-size: 36pt;\">[a]New Year&#8217;s Eve<\/span><\/p>\n<p><span style=\"font-size: 36pt; color: #ffffff;\">[q]Wielkanoc<\/span><\/p>\n<p><span style=\"font-size: 36pt;\">[a]Easter<\/span><\/p>\n<p>&nbsp;<\/p>\n<p>&nbsp;<\/p>\n<p>[x] Brawo!<\/p>\n<p>[restart]<\/p>\n<p>[\/qdeck]<\/p>\n\n<\/div>  <!-- qdeck_wrapper -->\n<p>&nbsp;<\/p>\n<p>&nbsp;<\/p>\n\n<p>&nbsp;<\/p>\n<h3 style=\"text-align: left;\">Zobacz tak\u017ce:<\/h3>\n<p><div class='content-column one_fourth'><a href=\"https:\/\/www.helloangielski.pl\/rozmowki\/urodziny-slub-rocznica\/\"><img loading=\"lazy\" decoding=\"async\" class=\"alignleft wp-image-16889 size-thumbnail\" src=\"https:\/\/www.helloangielski.pl\/rozmowki\/wp-content\/uploads\/2015\/11\/wedding-458139_1920-150x150.jpg\" alt=\"rocznica \u015blubu po angielsku\" width=\"150\" height=\"150\" \/><\/a><strong><a href=\"https:\/\/www.helloangielski.pl\/rozmowki\/urodziny-slub-rocznica\/\">Nauka s\u0142\u00f3wek\u00a0 \u015awi\u0119ta i specjalne okazje po angielsku<\/a><\/strong><\/div><div class='content-column one_fourth'><a href=\"https:\/\/www.helloangielski.pl\/rozmowki\/cwiczenie-ze-sluchu-urodziny-slub-rocznica-specjalne-okazje\/\"><img loading=\"lazy\" decoding=\"async\" class=\"alignleft wp-image-17652 size-thumbnail\" src=\"https:\/\/www.helloangielski.pl\/rozmowki\/wp-content\/uploads\/2015\/12\/woman-977020_1280-150x150.jpg\" alt=\"\u0107wiczenie ze s\u0142uchu po angielsku\" width=\"150\" height=\"150\" \/><\/a><a href=\"https:\/\/www.helloangielski.pl\/rozmowki\/cwiczenie-ze-sluchu-urodziny-slub-rocznica-specjalne-okazje\/\"><strong>\u0106wiczenie ze s\u0142uchu. Urodziny, \u015blub, rocznica, specjalne okazje<br \/> <\/strong><\/a><\/p>\n<div style=\"text-align: center; font-weight: bold;\">\u00a0<\/div><\/div><div class='content-column one_fourth'><a href=\"https:\/\/www.helloangielski.pl\/rozmowki\/swieta-bozego-narodzenia-angielskie-slowka\/\"><img loading=\"lazy\" decoding=\"async\" class=\"alignleft wp-image-16896 size-thumbnail\" src=\"https:\/\/www.helloangielski.pl\/rozmowki\/wp-content\/uploads\/2015\/11\/christmas-1091570_1280-150x150.jpg\" alt=\"\u015awi\u0119ta Bo\u017cego Narodzenia po angielsku\" width=\"150\" height=\"150\" \/><\/a><strong><a href=\"https:\/\/www.helloangielski.pl\/rozmowki\/swieta-bozego-narodzenia-angielskie-slowka\/\">\u015awi\u0119ta Bo\u017cego Narodzenia. Angielskie s\u0142\u00f3wka<\/a><\/strong>\u00a0<\/div><div class='content-column one_fourth'><a href=\"https:\/\/www.helloangielski.pl\/rozmowki\/zyczenia-swiateczne-i-noworoczne\/\"><img loading=\"lazy\" decoding=\"async\" class=\"alignleft wp-image-17306 size-thumbnail\" src=\"https:\/\/www.helloangielski.pl\/rozmowki\/wp-content\/uploads\/2015\/12\/zyczenia-150x150.png\" alt=\"\u017cyczenia \u015bwi\u0105teczne po angielsku\" width=\"150\" height=\"150\" \/><\/a><strong><a href=\"https:\/\/www.helloangielski.pl\/rozmowki\/zyczenia-swiateczne-i-noworoczne\/\">\u017byczenia \u015awi\u0105teczne i Noworoczne po angielsku\u00a0<\/a><\/strong><\/div>\u00a0<\/p>\n<p>&nbsp;<\/p>\n<p align=\"center\">\u00a0<\/p>\n<div style=\"font-weight: bold; text-align: center;\">\u00a0<\/div>\n<div style=\"text-align: center;\">\u00a0<\/div>\n","protected":false},"excerpt":{"rendered":"<p>Witaj w zestawie fiszek online Specjalne okazje: urodziny, \u015blub, rocznica&#8230; Zastan\u00f3w si\u0119, czy znasz t\u0142umaczenie \u00a0s\u0142owa. Kliknij w fiszk\u0119 lub w przycisk \u201eOdwr\u00f3\u0107\u201d, aby zobaczy\u0107 t\u0142umaczenie. Je\u017celi nie znasz tego s\u0142owa, naci\u015bnij przycisk \u201eJeszcze nie umiem\u201d. Fiszka wr\u00f3ci do zestawu. Je\u017celi znasz ju\u017c s\u0142owo, naci\u015bnij \u201eUmiem\u201d. Fiszka zostanie usuni\u0119ta z zestawu. Dobrej zabawy! \u00a0 Click [&hellip;]<\/p>\n","protected":false},"author":2,"featured_media":0,"parent":0,"menu_order":208,"comment_status":"closed","ping_status":"closed","template":"","meta":{"footnotes":""},"yoast_head":"<!-- This site is optimized with the Yoast SEO plugin v23.1 - https:\/\/yoast.com\/wordpress\/plugins\/seo\/ -->\n<title>Fiszki specjalne okazje - Hello Rozm\u00f3wki Angielskie Online<\/title>\n<meta name=\"robots\" content=\"index, follow, max-snippet:-1, max-image-preview:large, max-video-preview:-1\" \/>\n<link rel=\"canonical\" href=\"https:\/\/www.helloangielski.pl\/rozmowki\/fiszki-specjalne-okazje\/\" \/>\n<meta property=\"og:locale\" content=\"pl_PL\" \/>\n<meta property=\"og:type\" content=\"article\" \/>\n<meta property=\"og:title\" content=\"Fiszki specjalne okazje - Hello Rozm\u00f3wki Angielskie Online\" \/>\n<meta property=\"og:description\" content=\"Witaj w zestawie fiszek online Specjalne okazje: urodziny, \u015blub, rocznica&#8230; Zastan\u00f3w si\u0119, czy znasz t\u0142umaczenie \u00a0s\u0142owa. Kliknij w fiszk\u0119 lub w przycisk \u201eOdwr\u00f3\u0107\u201d, aby zobaczy\u0107 t\u0142umaczenie. Je\u017celi nie znasz tego s\u0142owa, naci\u015bnij przycisk \u201eJeszcze nie umiem\u201d. Fiszka wr\u00f3ci do zestawu. Je\u017celi znasz ju\u017c s\u0142owo, naci\u015bnij \u201eUmiem\u201d. Fiszka zostanie usuni\u0119ta z zestawu. Dobrej zabawy! \u00a0 Click [&hellip;]\" \/>\n<meta property=\"og:url\" content=\"https:\/\/www.helloangielski.pl\/rozmowki\/fiszki-specjalne-okazje\/\" \/>\n<meta property=\"og:site_name\" content=\"Hello Rozm\u00f3wki Angielskie Online\" \/>\n<meta property=\"article:modified_time\" content=\"2018-09-08T15:49:19+00:00\" \/>\n<meta property=\"og:image\" content=\"https:\/\/www.helloangielski.pl\/rozmowki\/wp-content\/uploads\/2015\/11\/wedding-458139_1920-150x150.jpg\" \/>\n<meta name=\"twitter:card\" content=\"summary_large_image\" \/>\n<meta name=\"twitter:label1\" content=\"Est. reading time\" \/>\n\t<meta name=\"twitter:data1\" content=\"1 minuta\" \/>\n<script type=\"application\/ld+json\" class=\"yoast-schema-graph\">{\"@context\":\"https:\/\/schema.org\",\"@graph\":[{\"@type\":\"WebPage\",\"@id\":\"https:\/\/www.helloangielski.pl\/rozmowki\/fiszki-specjalne-okazje\/\",\"url\":\"https:\/\/www.helloangielski.pl\/rozmowki\/fiszki-specjalne-okazje\/\",\"name\":\"Fiszki specjalne okazje - Hello Rozm\u00f3wki Angielskie Online\",\"isPartOf\":{\"@id\":\"https:\/\/www.helloangielski.pl\/rozmowki\/#website\"},\"primaryImageOfPage\":{\"@id\":\"https:\/\/www.helloangielski.pl\/rozmowki\/fiszki-specjalne-okazje\/#primaryimage\"},\"image\":{\"@id\":\"https:\/\/www.helloangielski.pl\/rozmowki\/fiszki-specjalne-okazje\/#primaryimage\"},\"thumbnailUrl\":\"https:\/\/www.helloangielski.pl\/rozmowki\/wp-content\/uploads\/2015\/11\/wedding-458139_1920-150x150.jpg\",\"datePublished\":\"2016-01-10T13:55:11+00:00\",\"dateModified\":\"2018-09-08T15:49:19+00:00\",\"breadcrumb\":{\"@id\":\"https:\/\/www.helloangielski.pl\/rozmowki\/fiszki-specjalne-okazje\/#breadcrumb\"},\"inLanguage\":\"pl-PL\",\"potentialAction\":[{\"@type\":\"ReadAction\",\"target\":[\"https:\/\/www.helloangielski.pl\/rozmowki\/fiszki-specjalne-okazje\/\"]}]},{\"@type\":\"ImageObject\",\"inLanguage\":\"pl-PL\",\"@id\":\"https:\/\/www.helloangielski.pl\/rozmowki\/fiszki-specjalne-okazje\/#primaryimage\",\"url\":\"https:\/\/www.helloangielski.pl\/rozmowki\/wp-content\/uploads\/2015\/11\/wedding-458139_1920.jpg\",\"contentUrl\":\"https:\/\/www.helloangielski.pl\/rozmowki\/wp-content\/uploads\/2015\/11\/wedding-458139_1920.jpg\",\"width\":1280,\"height\":1920,\"caption\":\"rocznica \u015blubu po angielsku\"},{\"@type\":\"BreadcrumbList\",\"@id\":\"https:\/\/www.helloangielski.pl\/rozmowki\/fiszki-specjalne-okazje\/#breadcrumb\",\"itemListElement\":[{\"@type\":\"ListItem\",\"position\":1,\"name\":\"Strona g\u0142\u00f3wna\",\"item\":\"https:\/\/www.helloangielski.pl\/rozmowki\/\"},{\"@type\":\"ListItem\",\"position\":2,\"name\":\"Fiszki specjalne okazje\"}]},{\"@type\":\"WebSite\",\"@id\":\"https:\/\/www.helloangielski.pl\/rozmowki\/#website\",\"url\":\"https:\/\/www.helloangielski.pl\/rozmowki\/\",\"name\":\"Hello Rozm\u00f3wki Angielskie Online\",\"description\":\"Angielski online \u2013 szybkie i skuteczne lekcje dla ka\u017cdego!\",\"potentialAction\":[{\"@type\":\"SearchAction\",\"target\":{\"@type\":\"EntryPoint\",\"urlTemplate\":\"https:\/\/www.helloangielski.pl\/rozmowki\/?s={search_term_string}\"},\"query-input\":\"required name=search_term_string\"}],\"inLanguage\":\"pl-PL\"}]}<\/script>\n<!-- \/ Yoast SEO plugin. -->","yoast_head_json":{"title":"Fiszki specjalne okazje - Hello Rozm\u00f3wki Angielskie Online","robots":{"index":"index","follow":"follow","max-snippet":"max-snippet:-1","max-image-preview":"max-image-preview:large","max-video-preview":"max-video-preview:-1"},"canonical":"https:\/\/www.helloangielski.pl\/rozmowki\/fiszki-specjalne-okazje\/","og_locale":"pl_PL","og_type":"article","og_title":"Fiszki specjalne okazje - Hello Rozm\u00f3wki Angielskie Online","og_description":"Witaj w zestawie fiszek online Specjalne okazje: urodziny, \u015blub, rocznica&#8230; Zastan\u00f3w si\u0119, czy znasz t\u0142umaczenie \u00a0s\u0142owa. Kliknij w fiszk\u0119 lub w przycisk \u201eOdwr\u00f3\u0107\u201d, aby zobaczy\u0107 t\u0142umaczenie. Je\u017celi nie znasz tego s\u0142owa, naci\u015bnij przycisk \u201eJeszcze nie umiem\u201d. Fiszka wr\u00f3ci do zestawu. Je\u017celi znasz ju\u017c s\u0142owo, naci\u015bnij \u201eUmiem\u201d. Fiszka zostanie usuni\u0119ta z zestawu. Dobrej zabawy! \u00a0 Click [&hellip;]","og_url":"https:\/\/www.helloangielski.pl\/rozmowki\/fiszki-specjalne-okazje\/","og_site_name":"Hello Rozm\u00f3wki Angielskie Online","article_modified_time":"2018-09-08T15:49:19+00:00","og_image":[{"url":"https:\/\/www.helloangielski.pl\/rozmowki\/wp-content\/uploads\/2015\/11\/wedding-458139_1920-150x150.jpg"}],"twitter_card":"summary_large_image","twitter_misc":{"Est. reading time":"1 minuta"},"schema":{"@context":"https:\/\/schema.org","@graph":[{"@type":"WebPage","@id":"https:\/\/www.helloangielski.pl\/rozmowki\/fiszki-specjalne-okazje\/","url":"https:\/\/www.helloangielski.pl\/rozmowki\/fiszki-specjalne-okazje\/","name":"Fiszki specjalne okazje - Hello Rozm\u00f3wki Angielskie Online","isPartOf":{"@id":"https:\/\/www.helloangielski.pl\/rozmowki\/#website"},"primaryImageOfPage":{"@id":"https:\/\/www.helloangielski.pl\/rozmowki\/fiszki-specjalne-okazje\/#primaryimage"},"image":{"@id":"https:\/\/www.helloangielski.pl\/rozmowki\/fiszki-specjalne-okazje\/#primaryimage"},"thumbnailUrl":"https:\/\/www.helloangielski.pl\/rozmowki\/wp-content\/uploads\/2015\/11\/wedding-458139_1920-150x150.jpg","datePublished":"2016-01-10T13:55:11+00:00","dateModified":"2018-09-08T15:49:19+00:00","breadcrumb":{"@id":"https:\/\/www.helloangielski.pl\/rozmowki\/fiszki-specjalne-okazje\/#breadcrumb"},"inLanguage":"pl-PL","potentialAction":[{"@type":"ReadAction","target":["https:\/\/www.helloangielski.pl\/rozmowki\/fiszki-specjalne-okazje\/"]}]},{"@type":"ImageObject","inLanguage":"pl-PL","@id":"https:\/\/www.helloangielski.pl\/rozmowki\/fiszki-specjalne-okazje\/#primaryimage","url":"https:\/\/www.helloangielski.pl\/rozmowki\/wp-content\/uploads\/2015\/11\/wedding-458139_1920.jpg","contentUrl":"https:\/\/www.helloangielski.pl\/rozmowki\/wp-content\/uploads\/2015\/11\/wedding-458139_1920.jpg","width":1280,"height":1920,"caption":"rocznica \u015blubu po angielsku"},{"@type":"BreadcrumbList","@id":"https:\/\/www.helloangielski.pl\/rozmowki\/fiszki-specjalne-okazje\/#breadcrumb","itemListElement":[{"@type":"ListItem","position":1,"name":"Strona g\u0142\u00f3wna","item":"https:\/\/www.helloangielski.pl\/rozmowki\/"},{"@type":"ListItem","position":2,"name":"Fiszki specjalne okazje"}]},{"@type":"WebSite","@id":"https:\/\/www.helloangielski.pl\/rozmowki\/#website","url":"https:\/\/www.helloangielski.pl\/rozmowki\/","name":"Hello Rozm\u00f3wki Angielskie Online","description":"Angielski online \u2013 szybkie i skuteczne lekcje dla ka\u017cdego!","potentialAction":[{"@type":"SearchAction","target":{"@type":"EntryPoint","urlTemplate":"https:\/\/www.helloangielski.pl\/rozmowki\/?s={search_term_string}"},"query-input":"required name=search_term_string"}],"inLanguage":"pl-PL"}]}},"_links":{"self":[{"href":"https:\/\/www.helloangielski.pl\/rozmowki\/wp-json\/wp\/v2\/pages\/14034"}],"collection":[{"href":"https:\/\/www.helloangielski.pl\/rozmowki\/wp-json\/wp\/v2\/pages"}],"about":[{"href":"https:\/\/www.helloangielski.pl\/rozmowki\/wp-json\/wp\/v2\/types\/page"}],"author":[{"embeddable":true,"href":"https:\/\/www.helloangielski.pl\/rozmowki\/wp-json\/wp\/v2\/users\/2"}],"replies":[{"embeddable":true,"href":"https:\/\/www.helloangielski.pl\/rozmowki\/wp-json\/wp\/v2\/comments?post=14034"}],"version-history":[{"count":0,"href":"https:\/\/www.helloangielski.pl\/rozmowki\/wp-json\/wp\/v2\/pages\/14034\/revisions"}],"wp:attachment":[{"href":"https:\/\/www.helloangielski.pl\/rozmowki\/wp-json\/wp\/v2\/media?parent=14034"}],"curies":[{"name":"wp","href":"https:\/\/api.w.org\/{rel}","templated":true}]}}