{"id":13876,"date":"2016-01-03T15:53:58","date_gmt":"2016-01-03T14:53:58","guid":{"rendered":"http:\/\/www.helloangielski.pl\/rozmowki\/fiszki-online-owoce-po-angielsku\/"},"modified":"2019-03-28T13:47:36","modified_gmt":"2019-03-28T12:47:36","slug":"fiszki-online-owoce-po-angielsku","status":"publish","type":"page","link":"https:\/\/www.helloangielski.pl\/rozmowki\/fiszki-online-owoce-po-angielsku\/","title":{"rendered":"Fiszki angielskie online. Owoce po angielsku"},"content":{"rendered":"<div class=\"qwiz_wrapper\"  style=\"display: none;\"><\/div><div class=\"qdeck_wrapper\" style=\"display: none;\"><\/div><h1>Fiszki angielskie online. Owoce, nazwy owoc\u00f3w po angielsku<\/h1>\n<p><strong>Witaj w zestawie fiszek online Owoce po angielsku<\/strong><\/p>\n<ol>\n<li>Zastan\u00f3w si\u0119, czy znasz t\u0142umaczenie \u00a0s\u0142owa.<\/li>\n<li>Kliknij w fiszk\u0119 lub w przycisk \u201eOdwr\u00f3\u0107\u201d, aby zobaczy\u0107 t\u0142umaczenie.<\/li>\n<li>Je\u017celi nie znasz tego s\u0142owa, naci\u015bnij przycisk \u201eJeszcze nie umiem\u201d. Fiszka wr\u00f3ci do zestawu.<\/li>\n<li>Je\u017celi znasz ju\u017c s\u0142owo, naci\u015bnij \u201eUmiem\u201d. Fiszka zostanie usuni\u0119ta z zestawu.<\/li>\n<\/ol>\n<p>Dobrej zabawy!<\/p>\n<p>\u00a0<div class=\"qdeck_wrapper qwiz_shortcodes_hidden\">\n<div class=\"qdeck_wrapper_fallback qdeck_wrapper_fallback_visible\"><button onclick=\"qwiz_.qwiz_init (); qcard_.qdeck_init ();\">Click here to start flashcard deck<\/button><\/div>[qdeck random=\u201dtrue\u201d]<\/p>\n<p><span style=\"font-size: 36pt; color: #ffffff;\">[q]owoc, owoce<\/span><\/p>\n<p><span style=\"font-size: 36pt;\">[a]fruit<\/span><\/p>\n<p><span style=\"font-size: 36pt; color: #ffffff;\">[q]banan<\/span><\/p>\n<p><span style=\"font-size: 36pt;\">[a]banana<\/span><\/p>\n<p><span style=\"font-size: 36pt; color: #ffffff;\">[q]pomara\u0144cza<\/span><\/p>\n<p><span style=\"font-size: 36pt;\">[a]orange<\/span><\/p>\n<p><span style=\"font-size: 36pt; color: #ffffff;\">[q]jab\u0142ko<\/span><\/p>\n<p><span style=\"font-size: 36pt;\">[a]apple<\/span><\/p>\n<p><span style=\"font-size: 36pt; color: #ffffff;\">[q]kokos<\/span><\/p>\n<p><span style=\"font-size: 36pt;\">[a]coconut<\/span><\/p>\n<p><span style=\"font-size: 36pt; color: #ffffff;\">[q]wi\u015bnia<\/span><\/p>\n<p><span style=\"font-size: 36pt;\">[a]cherry<\/span><\/p>\n<p><span style=\"font-size: 36pt; color: #ffffff;\">[q]winogrona<\/span><\/p>\n<p><span style=\"font-size: 36pt;\">[a]grapes<\/span><\/p>\n<p><span style=\"font-size: 36pt; color: #ffffff;\">[q]cytryna<\/span><\/p>\n<p><span style=\"font-size: 36pt;\">[a]lemon<\/span><\/p>\n<p><span style=\"font-size: 36pt; color: #ffffff;\">[q]brzoskwinia<\/span><\/p>\n<p><span style=\"font-size: 36pt;\">[a]peach<\/span><\/p>\n<p><span style=\"font-size: 36pt; color: #ffffff;\">[q]gruszka<\/span><\/p>\n<p><span style=\"font-size: 36pt;\">[a]pear<\/span><\/p>\n<p><span style=\"font-size: 36pt; color: #ffffff;\">[q]ananas<\/span><\/p>\n<p><span style=\"font-size: 36pt;\">[a]pineapple<\/span><\/p>\n<p><span style=\"font-size: 36pt; color: #ffffff;\">[q]\u015bliwka<\/span><\/p>\n<p><span style=\"font-size: 36pt;\">[a]plum<\/span><\/p>\n<p><span style=\"font-size: 36pt; color: #ffffff;\">[q]malina<\/span><\/p>\n<p><span style=\"font-size: 36pt;\">[a]raspberry<\/span><\/p>\n<p><span style=\"font-size: 36pt; color: #ffffff;\">[q]truskawka<\/span><\/p>\n<p><span style=\"font-size: 36pt;\">[a]strawberry<\/span><\/p>\n<p>[x] Brawo!<\/p>\n<p>[restart]<\/p>\n<p>[\/qdeck]<\/p>\n\n<\/div>  <!-- qdeck_wrapper -->\n<p>&nbsp;<\/p>\n\n<p>&nbsp;<\/p>\n<p style=\"text-align: center;\"><strong>Zobacz tak\u017ce:<\/strong><\/p>\n<p style=\"text-align: center;\"><div class='content-column one_fourth'><a href=\"https:\/\/www.helloangielski.pl\/rozmowki\/owoce-po-angielsku\/\"><img loading=\"lazy\" decoding=\"async\" class=\"alignleft wp-image-16309 size-thumbnail\" src=\"https:\/\/www.helloangielski.pl\/rozmowki\/wp-content\/uploads\/2015\/11\/Fotolia_86403574_XS-150x150.jpg\" alt=\"owoce po angielsku\" width=\"150\" height=\"150\" \/><\/a><strong><a href=\"https:\/\/www.helloangielski.pl\/rozmowki\/owoce-po-angielsku\/\"><br \/>Nauka s\u0142\u00f3w z wymow\u0105 Owoce po angielsku<\/a><\/strong><\/div><div class='content-column one_fourth'><a href=\"https:\/\/www.helloangielski.pl\/rozmowki\/cwiczenie-ze-sluchu-owoce-po-angielsku\/\"><img loading=\"lazy\" decoding=\"async\" class=\"alignleft wp-image-17511 size-thumbnail\" src=\"https:\/\/www.helloangielski.pl\/rozmowki\/wp-content\/uploads\/2015\/11\/headsets-1856834_1280-150x150.jpg\" alt=\"\u0107wiczenie wymowa\" width=\"150\" height=\"150\" \/><\/a><\/p>\n<div style=\"text-align: center; font-weight: bold;\">\u00a0<strong><a href=\"https:\/\/www.helloangielski.pl\/rozmowki\/cwiczenie-ze-sluchu-owoce-po-angielsku\/\">\u0106wiczenie ze s\u0142uchu. Owoce, nazwy owoc\u00f3w po angielsku.<\/a><\/strong><\/div>\n<p style=\"text-align: center;\"><\/div><div class='content-column one_fourth'><a href=\"https:\/\/www.helloangielski.pl\/rozmowki\/mieso-po-angielsku\/\"><img loading=\"lazy\" decoding=\"async\" class=\"alignleft wp-image-12524 size-thumbnail\" src=\"https:\/\/www.helloangielski.pl\/rozmowki\/wp-content\/uploads\/2015\/11\/photo-1432139555190-58524dae6a55-150x150.jpg\" alt=\"mi\u0119so po angielsku\" width=\"150\" height=\"150\" \/><\/a><strong><a href=\"https:\/\/www.helloangielski.pl\/rozmowki\/mieso-po-angielsku\/\">Mi\u0119so po angielsku<\/a><\/strong><\/div><div class='content-column one_fourth'><a href=\"https:\/\/www.helloangielski.pl\/rozmowki\/w-restauracji-angielskie-zwroty\/\"><img loading=\"lazy\" decoding=\"async\" class=\"size-thumbnail wp-image-16969 alignleft\" src=\"https:\/\/www.helloangielski.pl\/rozmowki\/wp-content\/uploads\/2015\/12\/restaurant-1117333_1920-150x150.jpg\" alt=\"angielski w restauracji\" width=\"150\" height=\"150\" \/><\/a><strong>\u00a0<a href=\"https:\/\/www.helloangielski.pl\/rozmowki\/w-restauracji-angielskie-zwroty\/\">Restauracja zwroty po angielsku<\/a><\/strong><\/div>\u00a0<\/p>\n<p class=\"inner-page\" style=\"text-align: center;\">\u00a0<\/p>\n<p style=\"text-align: center;\">\u00a0<\/p>\n<p>&nbsp;<\/p>\n","protected":false},"excerpt":{"rendered":"<p>Fiszki angielskie online. Owoce, nazwy owoc\u00f3w po angielsku Witaj w zestawie fiszek online Owoce po angielsku Zastan\u00f3w si\u0119, czy znasz t\u0142umaczenie \u00a0s\u0142owa. Kliknij w fiszk\u0119 lub w przycisk \u201eOdwr\u00f3\u0107\u201d, aby zobaczy\u0107 t\u0142umaczenie. Je\u017celi nie znasz tego s\u0142owa, naci\u015bnij przycisk \u201eJeszcze nie umiem\u201d. Fiszka wr\u00f3ci do zestawu. Je\u017celi znasz ju\u017c s\u0142owo, naci\u015bnij \u201eUmiem\u201d. Fiszka zostanie usuni\u0119ta [&hellip;]<\/p>\n","protected":false},"author":2,"featured_media":0,"parent":0,"menu_order":182,"comment_status":"closed","ping_status":"closed","template":"","meta":{"footnotes":""},"yoast_head":"<!-- This site is optimized with the Yoast SEO plugin v23.1 - https:\/\/yoast.com\/wordpress\/plugins\/seo\/ -->\n<title>Fiszki angielskie online. Owoce po angielsku - Hello Rozm\u00f3wki Angielskie Online<\/title>\n<meta name=\"robots\" content=\"index, follow, max-snippet:-1, max-image-preview:large, max-video-preview:-1\" \/>\n<link rel=\"canonical\" href=\"https:\/\/www.helloangielski.pl\/rozmowki\/fiszki-online-owoce-po-angielsku\/\" \/>\n<meta property=\"og:locale\" content=\"pl_PL\" \/>\n<meta property=\"og:type\" content=\"article\" \/>\n<meta property=\"og:title\" content=\"Fiszki angielskie online. Owoce po angielsku - Hello Rozm\u00f3wki Angielskie Online\" \/>\n<meta property=\"og:description\" content=\"Fiszki angielskie online. Owoce, nazwy owoc\u00f3w po angielsku Witaj w zestawie fiszek online Owoce po angielsku Zastan\u00f3w si\u0119, czy znasz t\u0142umaczenie \u00a0s\u0142owa. Kliknij w fiszk\u0119 lub w przycisk \u201eOdwr\u00f3\u0107\u201d, aby zobaczy\u0107 t\u0142umaczenie. Je\u017celi nie znasz tego s\u0142owa, naci\u015bnij przycisk \u201eJeszcze nie umiem\u201d. Fiszka wr\u00f3ci do zestawu. Je\u017celi znasz ju\u017c s\u0142owo, naci\u015bnij \u201eUmiem\u201d. Fiszka zostanie usuni\u0119ta [&hellip;]\" \/>\n<meta property=\"og:url\" content=\"https:\/\/www.helloangielski.pl\/rozmowki\/fiszki-online-owoce-po-angielsku\/\" \/>\n<meta property=\"og:site_name\" content=\"Hello Rozm\u00f3wki Angielskie Online\" \/>\n<meta property=\"article:modified_time\" content=\"2019-03-28T12:47:36+00:00\" \/>\n<meta property=\"og:image\" content=\"https:\/\/www.helloangielski.pl\/rozmowki\/wp-content\/uploads\/2015\/11\/Fotolia_86403574_XS-150x150.jpg\" \/>\n<meta name=\"twitter:card\" content=\"summary_large_image\" \/>\n<meta name=\"twitter:label1\" content=\"Est. reading time\" \/>\n\t<meta name=\"twitter:data1\" content=\"1 minuta\" \/>\n<script type=\"application\/ld+json\" class=\"yoast-schema-graph\">{\"@context\":\"https:\/\/schema.org\",\"@graph\":[{\"@type\":\"WebPage\",\"@id\":\"https:\/\/www.helloangielski.pl\/rozmowki\/fiszki-online-owoce-po-angielsku\/\",\"url\":\"https:\/\/www.helloangielski.pl\/rozmowki\/fiszki-online-owoce-po-angielsku\/\",\"name\":\"Fiszki angielskie online. Owoce po angielsku - Hello Rozm\u00f3wki Angielskie Online\",\"isPartOf\":{\"@id\":\"https:\/\/www.helloangielski.pl\/rozmowki\/#website\"},\"primaryImageOfPage\":{\"@id\":\"https:\/\/www.helloangielski.pl\/rozmowki\/fiszki-online-owoce-po-angielsku\/#primaryimage\"},\"image\":{\"@id\":\"https:\/\/www.helloangielski.pl\/rozmowki\/fiszki-online-owoce-po-angielsku\/#primaryimage\"},\"thumbnailUrl\":\"https:\/\/www.helloangielski.pl\/rozmowki\/wp-content\/uploads\/2015\/11\/Fotolia_86403574_XS-150x150.jpg\",\"datePublished\":\"2016-01-03T14:53:58+00:00\",\"dateModified\":\"2019-03-28T12:47:36+00:00\",\"breadcrumb\":{\"@id\":\"https:\/\/www.helloangielski.pl\/rozmowki\/fiszki-online-owoce-po-angielsku\/#breadcrumb\"},\"inLanguage\":\"pl-PL\",\"potentialAction\":[{\"@type\":\"ReadAction\",\"target\":[\"https:\/\/www.helloangielski.pl\/rozmowki\/fiszki-online-owoce-po-angielsku\/\"]}]},{\"@type\":\"ImageObject\",\"inLanguage\":\"pl-PL\",\"@id\":\"https:\/\/www.helloangielski.pl\/rozmowki\/fiszki-online-owoce-po-angielsku\/#primaryimage\",\"url\":\"https:\/\/www.helloangielski.pl\/rozmowki\/wp-content\/uploads\/2015\/11\/Fotolia_86403574_XS.jpg\",\"contentUrl\":\"https:\/\/www.helloangielski.pl\/rozmowki\/wp-content\/uploads\/2015\/11\/Fotolia_86403574_XS.jpg\",\"width\":346,\"height\":346,\"caption\":\"owoce po angielsku\"},{\"@type\":\"BreadcrumbList\",\"@id\":\"https:\/\/www.helloangielski.pl\/rozmowki\/fiszki-online-owoce-po-angielsku\/#breadcrumb\",\"itemListElement\":[{\"@type\":\"ListItem\",\"position\":1,\"name\":\"Strona g\u0142\u00f3wna\",\"item\":\"https:\/\/www.helloangielski.pl\/rozmowki\/\"},{\"@type\":\"ListItem\",\"position\":2,\"name\":\"Fiszki angielskie online. Owoce po angielsku\"}]},{\"@type\":\"WebSite\",\"@id\":\"https:\/\/www.helloangielski.pl\/rozmowki\/#website\",\"url\":\"https:\/\/www.helloangielski.pl\/rozmowki\/\",\"name\":\"Hello Rozm\u00f3wki Angielskie Online\",\"description\":\"Angielski online \u2013 szybkie i skuteczne lekcje dla ka\u017cdego!\",\"potentialAction\":[{\"@type\":\"SearchAction\",\"target\":{\"@type\":\"EntryPoint\",\"urlTemplate\":\"https:\/\/www.helloangielski.pl\/rozmowki\/?s={search_term_string}\"},\"query-input\":\"required name=search_term_string\"}],\"inLanguage\":\"pl-PL\"}]}<\/script>\n<!-- \/ Yoast SEO plugin. -->","yoast_head_json":{"title":"Fiszki angielskie online. Owoce po angielsku - Hello Rozm\u00f3wki Angielskie Online","robots":{"index":"index","follow":"follow","max-snippet":"max-snippet:-1","max-image-preview":"max-image-preview:large","max-video-preview":"max-video-preview:-1"},"canonical":"https:\/\/www.helloangielski.pl\/rozmowki\/fiszki-online-owoce-po-angielsku\/","og_locale":"pl_PL","og_type":"article","og_title":"Fiszki angielskie online. Owoce po angielsku - Hello Rozm\u00f3wki Angielskie Online","og_description":"Fiszki angielskie online. Owoce, nazwy owoc\u00f3w po angielsku Witaj w zestawie fiszek online Owoce po angielsku Zastan\u00f3w si\u0119, czy znasz t\u0142umaczenie \u00a0s\u0142owa. Kliknij w fiszk\u0119 lub w przycisk \u201eOdwr\u00f3\u0107\u201d, aby zobaczy\u0107 t\u0142umaczenie. Je\u017celi nie znasz tego s\u0142owa, naci\u015bnij przycisk \u201eJeszcze nie umiem\u201d. Fiszka wr\u00f3ci do zestawu. Je\u017celi znasz ju\u017c s\u0142owo, naci\u015bnij \u201eUmiem\u201d. Fiszka zostanie usuni\u0119ta [&hellip;]","og_url":"https:\/\/www.helloangielski.pl\/rozmowki\/fiszki-online-owoce-po-angielsku\/","og_site_name":"Hello Rozm\u00f3wki Angielskie Online","article_modified_time":"2019-03-28T12:47:36+00:00","og_image":[{"url":"https:\/\/www.helloangielski.pl\/rozmowki\/wp-content\/uploads\/2015\/11\/Fotolia_86403574_XS-150x150.jpg"}],"twitter_card":"summary_large_image","twitter_misc":{"Est. reading time":"1 minuta"},"schema":{"@context":"https:\/\/schema.org","@graph":[{"@type":"WebPage","@id":"https:\/\/www.helloangielski.pl\/rozmowki\/fiszki-online-owoce-po-angielsku\/","url":"https:\/\/www.helloangielski.pl\/rozmowki\/fiszki-online-owoce-po-angielsku\/","name":"Fiszki angielskie online. Owoce po angielsku - Hello Rozm\u00f3wki Angielskie Online","isPartOf":{"@id":"https:\/\/www.helloangielski.pl\/rozmowki\/#website"},"primaryImageOfPage":{"@id":"https:\/\/www.helloangielski.pl\/rozmowki\/fiszki-online-owoce-po-angielsku\/#primaryimage"},"image":{"@id":"https:\/\/www.helloangielski.pl\/rozmowki\/fiszki-online-owoce-po-angielsku\/#primaryimage"},"thumbnailUrl":"https:\/\/www.helloangielski.pl\/rozmowki\/wp-content\/uploads\/2015\/11\/Fotolia_86403574_XS-150x150.jpg","datePublished":"2016-01-03T14:53:58+00:00","dateModified":"2019-03-28T12:47:36+00:00","breadcrumb":{"@id":"https:\/\/www.helloangielski.pl\/rozmowki\/fiszki-online-owoce-po-angielsku\/#breadcrumb"},"inLanguage":"pl-PL","potentialAction":[{"@type":"ReadAction","target":["https:\/\/www.helloangielski.pl\/rozmowki\/fiszki-online-owoce-po-angielsku\/"]}]},{"@type":"ImageObject","inLanguage":"pl-PL","@id":"https:\/\/www.helloangielski.pl\/rozmowki\/fiszki-online-owoce-po-angielsku\/#primaryimage","url":"https:\/\/www.helloangielski.pl\/rozmowki\/wp-content\/uploads\/2015\/11\/Fotolia_86403574_XS.jpg","contentUrl":"https:\/\/www.helloangielski.pl\/rozmowki\/wp-content\/uploads\/2015\/11\/Fotolia_86403574_XS.jpg","width":346,"height":346,"caption":"owoce po angielsku"},{"@type":"BreadcrumbList","@id":"https:\/\/www.helloangielski.pl\/rozmowki\/fiszki-online-owoce-po-angielsku\/#breadcrumb","itemListElement":[{"@type":"ListItem","position":1,"name":"Strona g\u0142\u00f3wna","item":"https:\/\/www.helloangielski.pl\/rozmowki\/"},{"@type":"ListItem","position":2,"name":"Fiszki angielskie online. Owoce po angielsku"}]},{"@type":"WebSite","@id":"https:\/\/www.helloangielski.pl\/rozmowki\/#website","url":"https:\/\/www.helloangielski.pl\/rozmowki\/","name":"Hello Rozm\u00f3wki Angielskie Online","description":"Angielski online \u2013 szybkie i skuteczne lekcje dla ka\u017cdego!","potentialAction":[{"@type":"SearchAction","target":{"@type":"EntryPoint","urlTemplate":"https:\/\/www.helloangielski.pl\/rozmowki\/?s={search_term_string}"},"query-input":"required name=search_term_string"}],"inLanguage":"pl-PL"}]}},"_links":{"self":[{"href":"https:\/\/www.helloangielski.pl\/rozmowki\/wp-json\/wp\/v2\/pages\/13876"}],"collection":[{"href":"https:\/\/www.helloangielski.pl\/rozmowki\/wp-json\/wp\/v2\/pages"}],"about":[{"href":"https:\/\/www.helloangielski.pl\/rozmowki\/wp-json\/wp\/v2\/types\/page"}],"author":[{"embeddable":true,"href":"https:\/\/www.helloangielski.pl\/rozmowki\/wp-json\/wp\/v2\/users\/2"}],"replies":[{"embeddable":true,"href":"https:\/\/www.helloangielski.pl\/rozmowki\/wp-json\/wp\/v2\/comments?post=13876"}],"version-history":[{"count":0,"href":"https:\/\/www.helloangielski.pl\/rozmowki\/wp-json\/wp\/v2\/pages\/13876\/revisions"}],"wp:attachment":[{"href":"https:\/\/www.helloangielski.pl\/rozmowki\/wp-json\/wp\/v2\/media?parent=13876"}],"curies":[{"name":"wp","href":"https:\/\/api.w.org\/{rel}","templated":true}]}}