{"id":13821,"date":"2016-01-01T10:17:39","date_gmt":"2016-01-01T09:17:39","guid":{"rendered":"http:\/\/www.helloangielski.pl\/rozmowki\/fiszki-pory-dnia\/"},"modified":"2019-03-28T10:46:24","modified_gmt":"2019-03-28T09:46:24","slug":"fiszki-pory-dnia","status":"publish","type":"page","link":"https:\/\/www.helloangielski.pl\/rozmowki\/fiszki-pory-dnia\/","title":{"rendered":"Fiszki angielskie online. Pory dnia po angielsku"},"content":{"rendered":"<div class=\"qwiz_wrapper\"  style=\"display: none;\"><\/div><div class=\"qdeck_wrapper\" style=\"display: none;\"><\/div><h1>Fiszki angielskie online. Pory dnia po angielsku: rano, po\u0142udnie, wiecz\u00f3r&#8230;<\/h1>\n<p><strong>Witaj w zestawie fiszek online Pory dnia po angielsku<\/strong><\/p>\n<ol>\n<li>Zastan\u00f3w si\u0119, czy znasz t\u0142umaczenie \u00a0s\u0142owa.<\/li>\n<li>Kliknij w fiszk\u0119 lub w przycisk \u201eOdwr\u00f3\u0107\u201d, aby zobaczy\u0107 t\u0142umaczenie.<\/li>\n<li>Je\u017celi nie znasz tego s\u0142owa, naci\u015bnij przycisk \u201eJeszcze nie umiem\u201d. Fiszka wr\u00f3ci do zestawu.<\/li>\n<li>Je\u017celi znasz ju\u017c s\u0142owo, naci\u015bnij \u201eUmiem\u201d. Fiszka zostanie usuni\u0119ta z zestawu.<\/li>\n<\/ol>\n<p>Dobrej zabawy!<\/p>\n<p>\u00a0<div class=\"qdeck_wrapper qwiz_shortcodes_hidden\">\n<div class=\"qdeck_wrapper_fallback qdeck_wrapper_fallback_visible\"><button onclick=\"qwiz_.qwiz_init (); qcard_.qdeck_init ();\">Click here to start flashcard deck<\/button><\/div>[qdeck random=\u201dtrue\u201d]<\/p>\n<p><span style=\"font-size: 36pt; color: #ffffff;\">[q]dzie\u0144<\/span><\/p>\n<p><span style=\"font-size: 36pt;\">[a]day<\/span><\/p>\n<p><span style=\"font-size: 36pt; color: #ffffff;\">[q]noc<\/span><\/p>\n<p><span style=\"font-size: 36pt;\">[a]night<\/span><\/p>\n<p><span style=\"font-size: 36pt; color: #ffffff;\">[q]po\u0142udnie, 12 w po\u0142udnie<\/span><\/p>\n<p><span style=\"font-size: 36pt;\">[a]noon<\/span><\/p>\n<p><span style=\"font-size: 36pt; color: #ffffff;\">[q]popo\u0142udnie<\/span><\/p>\n<p><span style=\"font-size: 36pt;\">[a]afternoon<\/span><\/p>\n<p><span style=\"font-size: 36pt; color: #ffffff;\">[q]wiecz\u00f3r<\/span><\/p>\n<p><span style=\"font-size: 36pt;\">[a]evening<\/span><\/p>\n<p><span style=\"font-size: 36pt; color: #ffffff;\">[q]p\u00f3\u0142noc, 12 w nocy<\/span><\/p>\n<p><span style=\"font-size: 36pt;\">[a]midnight<\/span><\/p>\n<p>&nbsp;<\/p>\n<p>[x] Brawo!<\/p>\n<p>[restart]<\/p>\n<p>[\/qdeck]<\/p>\n\n<\/div>  <!-- qdeck_wrapper -->\n<p>&nbsp;<\/p>\n<p>&nbsp;<\/p>\n\n<p>&nbsp;<\/p>\n<h3 style=\"text-align: left;\"><strong>Zobacz tak\u017ce:<\/strong><\/h3>\n<p><div class='content-column one_fourth'><a href=\"https:\/\/www.helloangielski.pl\/rozmowki\/pory-dnia-po-angielsku\/\"><img loading=\"lazy\" decoding=\"async\" class=\"alignleft wp-image-12367 size-thumbnail\" src=\"https:\/\/www.helloangielski.pl\/rozmowki\/wp-content\/uploads\/2015\/11\/photo-1415750465391-51ed29b1e610-150x150.jpg\" alt=\"pory dnia po angielsku\" width=\"150\" height=\"150\" \/><\/a><strong><a href=\"https:\/\/www.helloangielski.pl\/rozmowki\/pory-dnia-po-angielsku\/\"><br \/>Nauka pory dnia po angielsku z wymow\u0105<\/a><\/strong><\/div><div class='content-column one_fourth'><a href=\"https:\/\/www.helloangielski.pl\/rozmowki\/cwiczenie-ze-sluchu-pory-dnia-po-angielsku\/\"><img loading=\"lazy\" decoding=\"async\" class=\"alignleft size-thumbnail wp-image-17492\" src=\"https:\/\/www.helloangielski.pl\/rozmowki\/wp-content\/uploads\/2016\/04\/woman-977019_1280-150x150.jpg\" alt=\"wymowa, \u0107wiczenie\" width=\"150\" height=\"150\" \/><\/a><strong><a href=\"https:\/\/www.helloangielski.pl\/rozmowki\/cwiczenie-ze-sluchu-pory-dnia-po-angielsku\/\">\u0106wiczenie ze s\u0142uchu. Pory dnia po angielsku.<\/a><\/strong><\/div><div class='content-column one_fourth'><p><a href=\"https:\/\/www.helloangielski.pl\/rozmowki\/pory-roku-po-angielsku\/\"><img loading=\"lazy\" decoding=\"async\" class=\"wp-image-16743 size-thumbnail alignnone\" src=\"https:\/\/www.helloangielski.pl\/rozmowki\/wp-content\/uploads\/2015\/11\/road-1072823_1280-150x150.jpg\" alt=\"jesie\u0144 po angielsku\" width=\"150\" height=\"150\" \/><\/a><\/p>\n<p><strong><a href=\"https:\/\/www.helloangielski.pl\/rozmowki\/pory-roku-po-angielsku\/\">Pory roku po angielsku<\/a><\/strong><\/div><div class='content-column one_fourth'><a href=\"https:\/\/www.helloangielski.pl\/rozmowki\/godziny-ktora-godzina\/\"><img loading=\"lazy\" decoding=\"async\" class=\"size-thumbnail wp-image-16931 aligncenter\" src=\"https:\/\/www.helloangielski.pl\/rozmowki\/wp-content\/uploads\/2015\/11\/westminster-1209360_1920-150x150.jpg\" alt=\"godziny po angielsku\" width=\"150\" height=\"150\" \/><\/a><strong><a href=\"https:\/\/www.helloangielski.pl\/rozmowki\/godziny-ktora-godzina\/\">Godziny po angielsku<\/a><\/strong><\/div><\/p>\n<p align=\"center\">\u00a0<\/p>\n","protected":false},"excerpt":{"rendered":"<p>Fiszki angielskie online. Pory dnia po angielsku: rano, po\u0142udnie, wiecz\u00f3r&#8230; Witaj w zestawie fiszek online Pory dnia po angielsku Zastan\u00f3w si\u0119, czy znasz t\u0142umaczenie \u00a0s\u0142owa. Kliknij w fiszk\u0119 lub w przycisk \u201eOdwr\u00f3\u0107\u201d, aby zobaczy\u0107 t\u0142umaczenie. Je\u017celi nie znasz tego s\u0142owa, naci\u015bnij przycisk \u201eJeszcze nie umiem\u201d. Fiszka wr\u00f3ci do zestawu. Je\u017celi znasz ju\u017c s\u0142owo, naci\u015bnij \u201eUmiem\u201d. [&hellip;]<\/p>\n","protected":false},"author":2,"featured_media":0,"parent":0,"menu_order":173,"comment_status":"closed","ping_status":"closed","template":"","meta":{"footnotes":""},"yoast_head":"<!-- This site is optimized with the Yoast SEO plugin v23.1 - https:\/\/yoast.com\/wordpress\/plugins\/seo\/ -->\n<title>Fiszki angielskie online. Pory dnia po angielsku - Hello Rozm\u00f3wki Angielskie Online<\/title>\n<meta name=\"robots\" content=\"index, follow, max-snippet:-1, max-image-preview:large, max-video-preview:-1\" \/>\n<link rel=\"canonical\" href=\"https:\/\/www.helloangielski.pl\/rozmowki\/fiszki-pory-dnia\/\" \/>\n<meta property=\"og:locale\" content=\"pl_PL\" \/>\n<meta property=\"og:type\" content=\"article\" \/>\n<meta property=\"og:title\" content=\"Fiszki angielskie online. Pory dnia po angielsku - Hello Rozm\u00f3wki Angielskie Online\" \/>\n<meta property=\"og:description\" content=\"Fiszki angielskie online. Pory dnia po angielsku: rano, po\u0142udnie, wiecz\u00f3r&#8230; Witaj w zestawie fiszek online Pory dnia po angielsku Zastan\u00f3w si\u0119, czy znasz t\u0142umaczenie \u00a0s\u0142owa. Kliknij w fiszk\u0119 lub w przycisk \u201eOdwr\u00f3\u0107\u201d, aby zobaczy\u0107 t\u0142umaczenie. Je\u017celi nie znasz tego s\u0142owa, naci\u015bnij przycisk \u201eJeszcze nie umiem\u201d. Fiszka wr\u00f3ci do zestawu. Je\u017celi znasz ju\u017c s\u0142owo, naci\u015bnij \u201eUmiem\u201d. [&hellip;]\" \/>\n<meta property=\"og:url\" content=\"https:\/\/www.helloangielski.pl\/rozmowki\/fiszki-pory-dnia\/\" \/>\n<meta property=\"og:site_name\" content=\"Hello Rozm\u00f3wki Angielskie Online\" \/>\n<meta property=\"article:modified_time\" content=\"2019-03-28T09:46:24+00:00\" \/>\n<meta property=\"og:image\" content=\"https:\/\/www.helloangielski.pl\/rozmowki\/wp-content\/uploads\/2015\/11\/photo-1415750465391-51ed29b1e610-150x150.jpg\" \/>\n<meta name=\"twitter:card\" content=\"summary_large_image\" \/>\n<meta name=\"twitter:label1\" content=\"Est. reading time\" \/>\n\t<meta name=\"twitter:data1\" content=\"1 minuta\" \/>\n<script type=\"application\/ld+json\" class=\"yoast-schema-graph\">{\"@context\":\"https:\/\/schema.org\",\"@graph\":[{\"@type\":\"WebPage\",\"@id\":\"https:\/\/www.helloangielski.pl\/rozmowki\/fiszki-pory-dnia\/\",\"url\":\"https:\/\/www.helloangielski.pl\/rozmowki\/fiszki-pory-dnia\/\",\"name\":\"Fiszki angielskie online. Pory dnia po angielsku - Hello Rozm\u00f3wki Angielskie Online\",\"isPartOf\":{\"@id\":\"https:\/\/www.helloangielski.pl\/rozmowki\/#website\"},\"primaryImageOfPage\":{\"@id\":\"https:\/\/www.helloangielski.pl\/rozmowki\/fiszki-pory-dnia\/#primaryimage\"},\"image\":{\"@id\":\"https:\/\/www.helloangielski.pl\/rozmowki\/fiszki-pory-dnia\/#primaryimage\"},\"thumbnailUrl\":\"https:\/\/www.helloangielski.pl\/rozmowki\/wp-content\/uploads\/2015\/11\/photo-1415750465391-51ed29b1e610-150x150.jpg\",\"datePublished\":\"2016-01-01T09:17:39+00:00\",\"dateModified\":\"2019-03-28T09:46:24+00:00\",\"breadcrumb\":{\"@id\":\"https:\/\/www.helloangielski.pl\/rozmowki\/fiszki-pory-dnia\/#breadcrumb\"},\"inLanguage\":\"pl-PL\",\"potentialAction\":[{\"@type\":\"ReadAction\",\"target\":[\"https:\/\/www.helloangielski.pl\/rozmowki\/fiszki-pory-dnia\/\"]}]},{\"@type\":\"ImageObject\",\"inLanguage\":\"pl-PL\",\"@id\":\"https:\/\/www.helloangielski.pl\/rozmowki\/fiszki-pory-dnia\/#primaryimage\",\"url\":\"https:\/\/www.helloangielski.pl\/rozmowki\/wp-content\/uploads\/2015\/11\/photo-1415750465391-51ed29b1e610.jpg\",\"contentUrl\":\"https:\/\/www.helloangielski.pl\/rozmowki\/wp-content\/uploads\/2015\/11\/photo-1415750465391-51ed29b1e610.jpg\",\"width\":2160,\"height\":1440},{\"@type\":\"BreadcrumbList\",\"@id\":\"https:\/\/www.helloangielski.pl\/rozmowki\/fiszki-pory-dnia\/#breadcrumb\",\"itemListElement\":[{\"@type\":\"ListItem\",\"position\":1,\"name\":\"Strona g\u0142\u00f3wna\",\"item\":\"https:\/\/www.helloangielski.pl\/rozmowki\/\"},{\"@type\":\"ListItem\",\"position\":2,\"name\":\"Fiszki angielskie online. Pory dnia po angielsku\"}]},{\"@type\":\"WebSite\",\"@id\":\"https:\/\/www.helloangielski.pl\/rozmowki\/#website\",\"url\":\"https:\/\/www.helloangielski.pl\/rozmowki\/\",\"name\":\"Hello Rozm\u00f3wki Angielskie Online\",\"description\":\"Angielski online \u2013 szybkie i skuteczne lekcje dla ka\u017cdego!\",\"potentialAction\":[{\"@type\":\"SearchAction\",\"target\":{\"@type\":\"EntryPoint\",\"urlTemplate\":\"https:\/\/www.helloangielski.pl\/rozmowki\/?s={search_term_string}\"},\"query-input\":\"required name=search_term_string\"}],\"inLanguage\":\"pl-PL\"}]}<\/script>\n<!-- \/ Yoast SEO plugin. -->","yoast_head_json":{"title":"Fiszki angielskie online. Pory dnia po angielsku - Hello Rozm\u00f3wki Angielskie Online","robots":{"index":"index","follow":"follow","max-snippet":"max-snippet:-1","max-image-preview":"max-image-preview:large","max-video-preview":"max-video-preview:-1"},"canonical":"https:\/\/www.helloangielski.pl\/rozmowki\/fiszki-pory-dnia\/","og_locale":"pl_PL","og_type":"article","og_title":"Fiszki angielskie online. Pory dnia po angielsku - Hello Rozm\u00f3wki Angielskie Online","og_description":"Fiszki angielskie online. Pory dnia po angielsku: rano, po\u0142udnie, wiecz\u00f3r&#8230; Witaj w zestawie fiszek online Pory dnia po angielsku Zastan\u00f3w si\u0119, czy znasz t\u0142umaczenie \u00a0s\u0142owa. Kliknij w fiszk\u0119 lub w przycisk \u201eOdwr\u00f3\u0107\u201d, aby zobaczy\u0107 t\u0142umaczenie. Je\u017celi nie znasz tego s\u0142owa, naci\u015bnij przycisk \u201eJeszcze nie umiem\u201d. Fiszka wr\u00f3ci do zestawu. Je\u017celi znasz ju\u017c s\u0142owo, naci\u015bnij \u201eUmiem\u201d. [&hellip;]","og_url":"https:\/\/www.helloangielski.pl\/rozmowki\/fiszki-pory-dnia\/","og_site_name":"Hello Rozm\u00f3wki Angielskie Online","article_modified_time":"2019-03-28T09:46:24+00:00","og_image":[{"url":"https:\/\/www.helloangielski.pl\/rozmowki\/wp-content\/uploads\/2015\/11\/photo-1415750465391-51ed29b1e610-150x150.jpg"}],"twitter_card":"summary_large_image","twitter_misc":{"Est. reading time":"1 minuta"},"schema":{"@context":"https:\/\/schema.org","@graph":[{"@type":"WebPage","@id":"https:\/\/www.helloangielski.pl\/rozmowki\/fiszki-pory-dnia\/","url":"https:\/\/www.helloangielski.pl\/rozmowki\/fiszki-pory-dnia\/","name":"Fiszki angielskie online. Pory dnia po angielsku - Hello Rozm\u00f3wki Angielskie Online","isPartOf":{"@id":"https:\/\/www.helloangielski.pl\/rozmowki\/#website"},"primaryImageOfPage":{"@id":"https:\/\/www.helloangielski.pl\/rozmowki\/fiszki-pory-dnia\/#primaryimage"},"image":{"@id":"https:\/\/www.helloangielski.pl\/rozmowki\/fiszki-pory-dnia\/#primaryimage"},"thumbnailUrl":"https:\/\/www.helloangielski.pl\/rozmowki\/wp-content\/uploads\/2015\/11\/photo-1415750465391-51ed29b1e610-150x150.jpg","datePublished":"2016-01-01T09:17:39+00:00","dateModified":"2019-03-28T09:46:24+00:00","breadcrumb":{"@id":"https:\/\/www.helloangielski.pl\/rozmowki\/fiszki-pory-dnia\/#breadcrumb"},"inLanguage":"pl-PL","potentialAction":[{"@type":"ReadAction","target":["https:\/\/www.helloangielski.pl\/rozmowki\/fiszki-pory-dnia\/"]}]},{"@type":"ImageObject","inLanguage":"pl-PL","@id":"https:\/\/www.helloangielski.pl\/rozmowki\/fiszki-pory-dnia\/#primaryimage","url":"https:\/\/www.helloangielski.pl\/rozmowki\/wp-content\/uploads\/2015\/11\/photo-1415750465391-51ed29b1e610.jpg","contentUrl":"https:\/\/www.helloangielski.pl\/rozmowki\/wp-content\/uploads\/2015\/11\/photo-1415750465391-51ed29b1e610.jpg","width":2160,"height":1440},{"@type":"BreadcrumbList","@id":"https:\/\/www.helloangielski.pl\/rozmowki\/fiszki-pory-dnia\/#breadcrumb","itemListElement":[{"@type":"ListItem","position":1,"name":"Strona g\u0142\u00f3wna","item":"https:\/\/www.helloangielski.pl\/rozmowki\/"},{"@type":"ListItem","position":2,"name":"Fiszki angielskie online. Pory dnia po angielsku"}]},{"@type":"WebSite","@id":"https:\/\/www.helloangielski.pl\/rozmowki\/#website","url":"https:\/\/www.helloangielski.pl\/rozmowki\/","name":"Hello Rozm\u00f3wki Angielskie Online","description":"Angielski online \u2013 szybkie i skuteczne lekcje dla ka\u017cdego!","potentialAction":[{"@type":"SearchAction","target":{"@type":"EntryPoint","urlTemplate":"https:\/\/www.helloangielski.pl\/rozmowki\/?s={search_term_string}"},"query-input":"required name=search_term_string"}],"inLanguage":"pl-PL"}]}},"_links":{"self":[{"href":"https:\/\/www.helloangielski.pl\/rozmowki\/wp-json\/wp\/v2\/pages\/13821"}],"collection":[{"href":"https:\/\/www.helloangielski.pl\/rozmowki\/wp-json\/wp\/v2\/pages"}],"about":[{"href":"https:\/\/www.helloangielski.pl\/rozmowki\/wp-json\/wp\/v2\/types\/page"}],"author":[{"embeddable":true,"href":"https:\/\/www.helloangielski.pl\/rozmowki\/wp-json\/wp\/v2\/users\/2"}],"replies":[{"embeddable":true,"href":"https:\/\/www.helloangielski.pl\/rozmowki\/wp-json\/wp\/v2\/comments?post=13821"}],"version-history":[{"count":0,"href":"https:\/\/www.helloangielski.pl\/rozmowki\/wp-json\/wp\/v2\/pages\/13821\/revisions"}],"wp:attachment":[{"href":"https:\/\/www.helloangielski.pl\/rozmowki\/wp-json\/wp\/v2\/media?parent=13821"}],"curies":[{"name":"wp","href":"https:\/\/api.w.org\/{rel}","templated":true}]}}