{"id":13816,"date":"2016-01-01T10:08:38","date_gmt":"2016-01-01T09:08:38","guid":{"rendered":"http:\/\/www.helloangielski.pl\/rozmowki\/fiszki-pory-roku\/"},"modified":"2020-04-19T08:40:22","modified_gmt":"2020-04-19T06:40:22","slug":"fiszki-pory-roku","status":"publish","type":"page","link":"https:\/\/www.helloangielski.pl\/rozmowki\/fiszki-pory-roku\/","title":{"rendered":"Fiszki angielskie online. Pory roku po angielsku"},"content":{"rendered":"<div class=\"qwiz_wrapper\"  style=\"display: none;\"><\/div><div class=\"qdeck_wrapper\" style=\"display: none;\"><\/div><h1>Fiszki angielskie online. Pory roku po angielsku: jesie\u0144, zima, wiosna&#8230;<\/h1>\n<p><strong>Witaj w zestawie fiszek online. Naucz si\u0119 czterech p\u00f3r roku po angielsku<\/strong><\/p>\n<ol>\n<li>Zastan\u00f3w si\u0119, czy znasz t\u0142umaczenie\u00a0s\u0142owa.<\/li>\n<li>Kliknij w fiszk\u0119 lub w przycisk \u201eOdwr\u00f3\u0107\u201d, aby zobaczy\u0107 t\u0142umaczenie.<\/li>\n<li>Je\u017celi nie znasz tego s\u0142owa, naci\u015bnij przycisk \u201eJeszcze nie umiem\u201d. Fiszka wr\u00f3ci do zestawu.<\/li>\n<li>Je\u017celi znasz ju\u017c s\u0142owo, naci\u015bnij \u201eUmiem\u201d. Fiszka zostanie usuni\u0119ta z zestawu.<\/li>\n<\/ol>\n<p>Dobrej zabawy!<\/p>\n<div class=\"qdeck_wrapper qwiz_shortcodes_hidden\">\n<div class=\"qdeck_wrapper_fallback qdeck_wrapper_fallback_visible\"><button onclick=\"qwiz_.qwiz_init (); qcard_.qdeck_init ();\">Click here to start flashcard deck<\/button><\/div><p>[qdeck random=\u201dtrue\u201d]<\/p>\n<p><span style=\"font-size: 36pt; color: #ffffff;\">[q]wiosna<\/span><\/p>\n<p><span style=\"font-size: 36pt;\">[a]spring<\/span><\/p>\n<p><span style=\"font-size: 36pt; color: #ffffff;\">[q]lato<\/span><\/p>\n<p><span style=\"font-size: 36pt;\">[a]summer<\/span><\/p>\n<p><span style=\"font-size: 36pt; color: #ffffff;\">[q]zima<\/span><\/p>\n<p><span style=\"font-size: 36pt;\">[a]winter<\/span><\/p>\n<p><span style=\"font-size: 36pt; color: #ffffff;\">[q]jesie\u0144<\/span><\/p>\n<p><span style=\"font-size: 36pt;\">[a]autumn<\/span><\/p>\n<p>&nbsp;<\/p>\n<p>[x] Brawo!<\/p>\n<p>[restart]<\/p>\n<p>[\/qdeck]<\/p>\n\n<\/div>  <!-- qdeck_wrapper -->\n<p>&nbsp;<\/p>\n<p>&nbsp;<\/p>\n<h3 style=\"text-align: left;\" align=\"center\">Zobacz tak\u017ce:<\/h3>\n<div align=\"center\">\n<p><div class='content-column one_fourth'><a href=\"https:\/\/www.helloangielski.pl\/rozmowki\/pory-roku-po-angielsku\/\"><img loading=\"lazy\" decoding=\"async\" class=\"alignleft wp-image-16743 size-thumbnail\" src=\"https:\/\/www.helloangielski.pl\/rozmowki\/wp-content\/uploads\/2015\/11\/road-1072823_1280-150x150.jpg\" alt=\"pory roku po angielsku\" width=\"150\" height=\"150\" \/><\/a><strong><a href=\"https:\/\/www.helloangielski.pl\/rozmowki\/pory-roku-po-angielsku\/\">Nauka z wymow\u0105 pory roku po angielsku<\/a><\/strong>\u00a0<\/div>\u00a0<div class='content-column one_fourth'><a href=\"https:\/\/www.helloangielski.pl\/rozmowki\/ze-sluchu-pory-roku-po-angielsku\/\"><img loading=\"lazy\" decoding=\"async\" class=\"alignleft size-thumbnail wp-image-17511\" src=\"https:\/\/www.helloangielski.pl\/rozmowki\/wp-content\/uploads\/2015\/11\/headsets-1856834_1280-150x150.jpg\" alt=\"\u0107wiczenie wymowa\" width=\"150\" height=\"150\" \/><\/a><\/p>\n<p style=\"text-align: center;\"><strong><a href=\"https:\/\/www.helloangielski.pl\/rozmowki\/ze-sluchu-pory-roku-po-angielsku\/\">\u0106wiczenie ze s\u0142uchu. Pory roku po angielsku.<\/a><\/strong><\/p><\/div><div class='content-column one_fourth'><strong><a href=\"https:\/\/www.helloangielski.pl\/rozmowki\/dni-tygodnia-po-angielsku\/\"><img loading=\"lazy\" decoding=\"async\" class=\"size-thumbnail wp-image-16291 aligncenter\" src=\"https:\/\/www.helloangielski.pl\/rozmowki\/wp-content\/uploads\/2015\/11\/Fotolia_91053981_XS-150x150.jpg\" alt=\"angielskie dni tygodnia\" width=\"150\" height=\"150\" \/><\/a><a href=\"https:\/\/www.helloangielski.pl\/rozmowki\/dni-tygodnia-po-angielsku\/\">Dni tygodnia po angielsku<\/a><\/strong><\/div><div class='content-column one_fourth last_column'><a href=\"https:\/\/www.helloangielski.pl\/rozmowki\/miesiace-po-angielsku\/\"><img loading=\"lazy\" decoding=\"async\" class=\"size-thumbnail wp-image-16329 aligncenter\" src=\"https:\/\/www.helloangielski.pl\/rozmowki\/wp-content\/uploads\/2015\/11\/Fotolia_22621093_XS-150x150.jpg\" alt=\"miesi\u0105ce po angielsku\" width=\"150\" height=\"150\" \/><\/a><strong><a href=\"https:\/\/www.helloangielski.pl\/rozmowki\/miesiace-po-angielsku\/\">Miesi\u0105ce po angielsku<\/a><\/strong><\/div><div class='clear_column'><\/div><\/p>\n<\/div>\n","protected":false},"excerpt":{"rendered":"<p>Fiszki angielskie online. Pory roku po angielsku: jesie\u0144, zima, wiosna&#8230; Witaj w zestawie fiszek online. Naucz si\u0119 czterech p\u00f3r roku po angielsku Zastan\u00f3w si\u0119, czy znasz t\u0142umaczenie\u00a0s\u0142owa. Kliknij w fiszk\u0119 lub w przycisk \u201eOdwr\u00f3\u0107\u201d, aby zobaczy\u0107 t\u0142umaczenie. Je\u017celi nie znasz tego s\u0142owa, naci\u015bnij przycisk \u201eJeszcze nie umiem\u201d. Fiszka wr\u00f3ci do zestawu. Je\u017celi znasz ju\u017c s\u0142owo, [&hellip;]<\/p>\n","protected":false},"author":2,"featured_media":0,"parent":0,"menu_order":171,"comment_status":"closed","ping_status":"closed","template":"","meta":{"footnotes":""},"yoast_head":"<!-- This site is optimized with the Yoast SEO plugin v23.1 - https:\/\/yoast.com\/wordpress\/plugins\/seo\/ -->\n<title>Fiszki angielskie online. Pory roku po angielsku - Hello Rozm\u00f3wki Angielskie Online<\/title>\n<meta name=\"robots\" content=\"index, follow, max-snippet:-1, max-image-preview:large, max-video-preview:-1\" \/>\n<link rel=\"canonical\" href=\"https:\/\/www.helloangielski.pl\/rozmowki\/fiszki-pory-roku\/\" \/>\n<meta property=\"og:locale\" content=\"pl_PL\" \/>\n<meta property=\"og:type\" content=\"article\" \/>\n<meta property=\"og:title\" content=\"Fiszki angielskie online. Pory roku po angielsku - Hello Rozm\u00f3wki Angielskie Online\" \/>\n<meta property=\"og:description\" content=\"Fiszki angielskie online. Pory roku po angielsku: jesie\u0144, zima, wiosna&#8230; Witaj w zestawie fiszek online. Naucz si\u0119 czterech p\u00f3r roku po angielsku Zastan\u00f3w si\u0119, czy znasz t\u0142umaczenie\u00a0s\u0142owa. Kliknij w fiszk\u0119 lub w przycisk \u201eOdwr\u00f3\u0107\u201d, aby zobaczy\u0107 t\u0142umaczenie. Je\u017celi nie znasz tego s\u0142owa, naci\u015bnij przycisk \u201eJeszcze nie umiem\u201d. Fiszka wr\u00f3ci do zestawu. Je\u017celi znasz ju\u017c s\u0142owo, [&hellip;]\" \/>\n<meta property=\"og:url\" content=\"https:\/\/www.helloangielski.pl\/rozmowki\/fiszki-pory-roku\/\" \/>\n<meta property=\"og:site_name\" content=\"Hello Rozm\u00f3wki Angielskie Online\" \/>\n<meta property=\"article:modified_time\" content=\"2020-04-19T06:40:22+00:00\" \/>\n<meta property=\"og:image\" content=\"https:\/\/www.helloangielski.pl\/rozmowki\/wp-content\/uploads\/2015\/11\/road-1072823_1280-150x150.jpg\" \/>\n<meta name=\"twitter:card\" content=\"summary_large_image\" \/>\n<meta name=\"twitter:label1\" content=\"Est. reading time\" \/>\n\t<meta name=\"twitter:data1\" content=\"1 minuta\" \/>\n<script type=\"application\/ld+json\" class=\"yoast-schema-graph\">{\"@context\":\"https:\/\/schema.org\",\"@graph\":[{\"@type\":\"WebPage\",\"@id\":\"https:\/\/www.helloangielski.pl\/rozmowki\/fiszki-pory-roku\/\",\"url\":\"https:\/\/www.helloangielski.pl\/rozmowki\/fiszki-pory-roku\/\",\"name\":\"Fiszki angielskie online. Pory roku po angielsku - Hello Rozm\u00f3wki Angielskie Online\",\"isPartOf\":{\"@id\":\"https:\/\/www.helloangielski.pl\/rozmowki\/#website\"},\"primaryImageOfPage\":{\"@id\":\"https:\/\/www.helloangielski.pl\/rozmowki\/fiszki-pory-roku\/#primaryimage\"},\"image\":{\"@id\":\"https:\/\/www.helloangielski.pl\/rozmowki\/fiszki-pory-roku\/#primaryimage\"},\"thumbnailUrl\":\"https:\/\/www.helloangielski.pl\/rozmowki\/wp-content\/uploads\/2015\/11\/road-1072823_1280-150x150.jpg\",\"datePublished\":\"2016-01-01T09:08:38+00:00\",\"dateModified\":\"2020-04-19T06:40:22+00:00\",\"breadcrumb\":{\"@id\":\"https:\/\/www.helloangielski.pl\/rozmowki\/fiszki-pory-roku\/#breadcrumb\"},\"inLanguage\":\"pl-PL\",\"potentialAction\":[{\"@type\":\"ReadAction\",\"target\":[\"https:\/\/www.helloangielski.pl\/rozmowki\/fiszki-pory-roku\/\"]}]},{\"@type\":\"ImageObject\",\"inLanguage\":\"pl-PL\",\"@id\":\"https:\/\/www.helloangielski.pl\/rozmowki\/fiszki-pory-roku\/#primaryimage\",\"url\":\"https:\/\/www.helloangielski.pl\/rozmowki\/wp-content\/uploads\/2015\/11\/road-1072823_1280.jpg\",\"contentUrl\":\"https:\/\/www.helloangielski.pl\/rozmowki\/wp-content\/uploads\/2015\/11\/road-1072823_1280.jpg\",\"width\":1280,\"height\":747,\"caption\":\"Autumn jesie\u0144\"},{\"@type\":\"BreadcrumbList\",\"@id\":\"https:\/\/www.helloangielski.pl\/rozmowki\/fiszki-pory-roku\/#breadcrumb\",\"itemListElement\":[{\"@type\":\"ListItem\",\"position\":1,\"name\":\"Strona g\u0142\u00f3wna\",\"item\":\"https:\/\/www.helloangielski.pl\/rozmowki\/\"},{\"@type\":\"ListItem\",\"position\":2,\"name\":\"Fiszki angielskie online. Pory roku po angielsku\"}]},{\"@type\":\"WebSite\",\"@id\":\"https:\/\/www.helloangielski.pl\/rozmowki\/#website\",\"url\":\"https:\/\/www.helloangielski.pl\/rozmowki\/\",\"name\":\"Hello Rozm\u00f3wki Angielskie Online\",\"description\":\"Angielski online \u2013 szybkie i skuteczne lekcje dla ka\u017cdego!\",\"potentialAction\":[{\"@type\":\"SearchAction\",\"target\":{\"@type\":\"EntryPoint\",\"urlTemplate\":\"https:\/\/www.helloangielski.pl\/rozmowki\/?s={search_term_string}\"},\"query-input\":\"required name=search_term_string\"}],\"inLanguage\":\"pl-PL\"}]}<\/script>\n<!-- \/ Yoast SEO plugin. -->","yoast_head_json":{"title":"Fiszki angielskie online. Pory roku po angielsku - Hello Rozm\u00f3wki Angielskie Online","robots":{"index":"index","follow":"follow","max-snippet":"max-snippet:-1","max-image-preview":"max-image-preview:large","max-video-preview":"max-video-preview:-1"},"canonical":"https:\/\/www.helloangielski.pl\/rozmowki\/fiszki-pory-roku\/","og_locale":"pl_PL","og_type":"article","og_title":"Fiszki angielskie online. Pory roku po angielsku - Hello Rozm\u00f3wki Angielskie Online","og_description":"Fiszki angielskie online. Pory roku po angielsku: jesie\u0144, zima, wiosna&#8230; Witaj w zestawie fiszek online. Naucz si\u0119 czterech p\u00f3r roku po angielsku Zastan\u00f3w si\u0119, czy znasz t\u0142umaczenie\u00a0s\u0142owa. Kliknij w fiszk\u0119 lub w przycisk \u201eOdwr\u00f3\u0107\u201d, aby zobaczy\u0107 t\u0142umaczenie. Je\u017celi nie znasz tego s\u0142owa, naci\u015bnij przycisk \u201eJeszcze nie umiem\u201d. Fiszka wr\u00f3ci do zestawu. Je\u017celi znasz ju\u017c s\u0142owo, [&hellip;]","og_url":"https:\/\/www.helloangielski.pl\/rozmowki\/fiszki-pory-roku\/","og_site_name":"Hello Rozm\u00f3wki Angielskie Online","article_modified_time":"2020-04-19T06:40:22+00:00","og_image":[{"url":"https:\/\/www.helloangielski.pl\/rozmowki\/wp-content\/uploads\/2015\/11\/road-1072823_1280-150x150.jpg"}],"twitter_card":"summary_large_image","twitter_misc":{"Est. reading time":"1 minuta"},"schema":{"@context":"https:\/\/schema.org","@graph":[{"@type":"WebPage","@id":"https:\/\/www.helloangielski.pl\/rozmowki\/fiszki-pory-roku\/","url":"https:\/\/www.helloangielski.pl\/rozmowki\/fiszki-pory-roku\/","name":"Fiszki angielskie online. Pory roku po angielsku - Hello Rozm\u00f3wki Angielskie Online","isPartOf":{"@id":"https:\/\/www.helloangielski.pl\/rozmowki\/#website"},"primaryImageOfPage":{"@id":"https:\/\/www.helloangielski.pl\/rozmowki\/fiszki-pory-roku\/#primaryimage"},"image":{"@id":"https:\/\/www.helloangielski.pl\/rozmowki\/fiszki-pory-roku\/#primaryimage"},"thumbnailUrl":"https:\/\/www.helloangielski.pl\/rozmowki\/wp-content\/uploads\/2015\/11\/road-1072823_1280-150x150.jpg","datePublished":"2016-01-01T09:08:38+00:00","dateModified":"2020-04-19T06:40:22+00:00","breadcrumb":{"@id":"https:\/\/www.helloangielski.pl\/rozmowki\/fiszki-pory-roku\/#breadcrumb"},"inLanguage":"pl-PL","potentialAction":[{"@type":"ReadAction","target":["https:\/\/www.helloangielski.pl\/rozmowki\/fiszki-pory-roku\/"]}]},{"@type":"ImageObject","inLanguage":"pl-PL","@id":"https:\/\/www.helloangielski.pl\/rozmowki\/fiszki-pory-roku\/#primaryimage","url":"https:\/\/www.helloangielski.pl\/rozmowki\/wp-content\/uploads\/2015\/11\/road-1072823_1280.jpg","contentUrl":"https:\/\/www.helloangielski.pl\/rozmowki\/wp-content\/uploads\/2015\/11\/road-1072823_1280.jpg","width":1280,"height":747,"caption":"Autumn jesie\u0144"},{"@type":"BreadcrumbList","@id":"https:\/\/www.helloangielski.pl\/rozmowki\/fiszki-pory-roku\/#breadcrumb","itemListElement":[{"@type":"ListItem","position":1,"name":"Strona g\u0142\u00f3wna","item":"https:\/\/www.helloangielski.pl\/rozmowki\/"},{"@type":"ListItem","position":2,"name":"Fiszki angielskie online. Pory roku po angielsku"}]},{"@type":"WebSite","@id":"https:\/\/www.helloangielski.pl\/rozmowki\/#website","url":"https:\/\/www.helloangielski.pl\/rozmowki\/","name":"Hello Rozm\u00f3wki Angielskie Online","description":"Angielski online \u2013 szybkie i skuteczne lekcje dla ka\u017cdego!","potentialAction":[{"@type":"SearchAction","target":{"@type":"EntryPoint","urlTemplate":"https:\/\/www.helloangielski.pl\/rozmowki\/?s={search_term_string}"},"query-input":"required name=search_term_string"}],"inLanguage":"pl-PL"}]}},"_links":{"self":[{"href":"https:\/\/www.helloangielski.pl\/rozmowki\/wp-json\/wp\/v2\/pages\/13816"}],"collection":[{"href":"https:\/\/www.helloangielski.pl\/rozmowki\/wp-json\/wp\/v2\/pages"}],"about":[{"href":"https:\/\/www.helloangielski.pl\/rozmowki\/wp-json\/wp\/v2\/types\/page"}],"author":[{"embeddable":true,"href":"https:\/\/www.helloangielski.pl\/rozmowki\/wp-json\/wp\/v2\/users\/2"}],"replies":[{"embeddable":true,"href":"https:\/\/www.helloangielski.pl\/rozmowki\/wp-json\/wp\/v2\/comments?post=13816"}],"version-history":[{"count":2,"href":"https:\/\/www.helloangielski.pl\/rozmowki\/wp-json\/wp\/v2\/pages\/13816\/revisions"}],"predecessor-version":[{"id":32414,"href":"https:\/\/www.helloangielski.pl\/rozmowki\/wp-json\/wp\/v2\/pages\/13816\/revisions\/32414"}],"wp:attachment":[{"href":"https:\/\/www.helloangielski.pl\/rozmowki\/wp-json\/wp\/v2\/media?parent=13816"}],"curies":[{"name":"wp","href":"https:\/\/api.w.org\/{rel}","templated":true}]}}