{"id":13792,"date":"2015-12-29T20:09:12","date_gmt":"2015-12-29T19:09:12","guid":{"rendered":"http:\/\/www.helloangielski.pl\/rozmowki\/fiszki-zwroty-do-konwersacji\/"},"modified":"2020-04-19T09:33:37","modified_gmt":"2020-04-19T07:33:37","slug":"fiszki-zwroty-do-konwersacji","status":"publish","type":"page","link":"https:\/\/www.helloangielski.pl\/rozmowki\/fiszki-zwroty-do-konwersacji\/","title":{"rendered":"Fiszki zwroty do konwersacji i rozm\u00f3w"},"content":{"rendered":"<div class=\"qwiz_wrapper\"  style=\"display: none;\"><\/div><div class=\"qdeck_wrapper\" style=\"display: none;\"><\/div><h1><strong>Witaj w zestawie fiszek online Zwroty angielskie do konwersacji i rozm\u00f3w<\/strong><\/h1>\n<ol>\n<li>Zastan\u00f3w si\u0119, czy znasz t\u0142umaczenie \u00a0zwrotu.<\/li>\n<li>Kliknij w fiszk\u0119 lub w przycisk \u201eOdwr\u00f3\u0107\u201d, aby zobaczy\u0107 t\u0142umaczenie.<\/li>\n<li>Je\u017celi nie znasz tego zwrotu, naci\u015bnij przycisk \u201eJeszcze nie umiem\u201d. Fiszka wr\u00f3ci do zestawu.<\/li>\n<li>Je\u017celi znasz ju\u017c zwrot, naci\u015bnij \u201eUmiem\u201d. Fiszka zostanie usuni\u0119ta z zestawu.<\/li>\n<\/ol>\n<p>Dobrej zabawy!<\/p>\n<p>\u00a0<div class=\"qdeck_wrapper qwiz_shortcodes_hidden\">\n<div class=\"qdeck_wrapper_fallback qdeck_wrapper_fallback_visible\"><button onclick=\"qwiz_.qwiz_init (); qcard_.qdeck_init ();\">Click here to start flashcard deck<\/button><\/div>[qdeck random=\u201dtrue\u201d]<\/p>\n<p><span style=\"font-size: 36pt; color: #ffffff;\">[q]Osobi\u015bcie uwa\u017cam&#8230;<\/span><\/p>\n<p><span style=\"font-size: 36pt;\">[a]Personally I think\u00a0&#8230;<\/span><\/p>\n<p><span style=\"font-size: 36pt; color: #ffffff;\">[q]Og\u00f3lnie m\u00f3wi\u0105c&#8230;<\/span><\/p>\n<p><span style=\"font-size: 36pt;\">[a]\u00a0 Generally speaking\u00a0&#8230;<\/span><\/p>\n<p><span style=\"font-size: 36pt; color: #ffffff;\">[q]Innymi s\u0142owy&#8230;<\/span><\/p>\n<p><span style=\"font-size: 36pt;\">[a] In other words\u00a0\u00a0<\/span><\/p>\n<p><span style=\"font-size: 36pt; color: #ffffff;\">[q]To samo przez si\u0119 rozumie.<\/span><\/p>\n<p><span style=\"font-size: 36pt;\">[a]It goes without saying\u00a0\u00a0<\/span><\/p>\n<p><span style=\"font-size: 36pt; color: #ffffff;\">[q]Nie ma sensu rozmowa.<\/span><\/p>\n<p><span style=\"font-size: 36pt;\">[a]\u00a0It is no use talking\u00a0\u00a0<\/span><\/p>\n<p><span style=\"font-size: 36pt; color: #ffffff;\">[q]Zak\u0142adam, \u017ce&#8230;<\/span><\/p>\n<p><span style=\"font-size: 36pt;\">[a]I assume that\u00a0\u00a0<\/span><\/p>\n<p><span style=\"font-size: 36pt; color: #ffffff;\">[q]Podzielam twoje zdanie.\u00a0<\/span><\/p>\n<p><span style=\"font-size: 36pt;\">[a]I share your point of view<\/span><\/p>\n<p><span style=\"font-size: 36pt; color: #ffffff;\">[q]O to w\u0142a\u015bnie chodzi.<\/span><\/p>\n<p><span style=\"font-size: 36pt;\">[a]That is just the point<\/span><\/p>\n<p><span style=\"font-size: 36pt; color: #ffffff;\">[q]Trzymaj si\u0119 tematu!\u00a0<\/span><\/p>\n<p><span style=\"font-size: 36pt;\">[a]Keep to the point!<\/span><\/p>\n<p><span style=\"font-size: 36pt; color: #ffffff;\">[q]Wed\u0142ug mnie&#8230;\u00a0<\/span><\/p>\n<p><span style=\"font-size: 36pt;\">[a]As far as I am concerned\u00a0&#8230;<\/span><\/p>\n<p><span style=\"font-size: 36pt; color: #ffffff;\">[q]Wydaje mi si\u0119, \u017ce&#8230;<\/span><\/p>\n<p><span style=\"font-size: 36pt;\">[a]\u00a0It seems to me, that\u00a0&#8230;<\/span><\/p>\n<p><span style=\"font-size: 36pt; color: #ffffff;\">[q]Tak przypuszczam.<\/span><\/p>\n<p><span style=\"font-size: 36pt;\">[a]\u00a0I suppose so\u00a0<\/span><\/p>\n<p><span style=\"font-size: 36pt; color: #ffffff;\">[q]O ile wiem&#8230;\u00a0<\/span><\/p>\n<p><span style=\"font-size: 36pt;\">[a]As far as I know\u00a0&#8230;<\/span><\/p>\n<p><span style=\"font-size: 36pt; color: #ffffff;\">[q]O ile mi wiadomo<\/span><\/p>\n<p><span style=\"font-size: 36pt;\">[a]To the best of my knowledge<\/span><\/p>\n<p><span style=\"font-size: 36pt; color: #ffffff;\">[q]Popieram&#8230;(Jestem za)<\/span><\/p>\n<p><span style=\"font-size: 36pt;\">[a]I am in favour of\u00a0 \u00a0<\/span><\/p>\n<p><span style=\"font-size: 36pt; color: #ffffff;\">[q]Wyrazi\u0142em swoj\u0105 dezaprobat\u0119 wobec&#8230;<\/span><\/p>\n<p><span style=\"font-size: 36pt;\">[a]I expressed my disapproval of\u00a0\u00a0\u00a0<\/span><\/p>\n<p><span style=\"font-size: 36pt; color: #ffffff;\">[q]Jestem przekonany o&#8230;<\/span><\/p>\n<p><span style=\"font-size: 36pt;\">[a]I am convinced of<\/span><\/p>\n<p><span style=\"font-size: 36pt; color: #ffffff;\">[q]Nie ma w\u0105tpliwo\u015bci.<\/span><\/p>\n<p><span style=\"font-size: 36pt;\">[a]There is no doubt.<\/span><\/p>\n<p><span style=\"font-size: 36pt; color: #ffffff;\">[q]Bez cienia w\u0105tpliwo\u015bci.\u00a0<\/span><\/p>\n<p><span style=\"font-size: 36pt;\">[a]Without a shadow of a doubt<\/span><\/p>\n<p><span style=\"font-size: 36pt; color: #ffffff;\">[q]Nie mo\u017cna zaprzeczy\u0107, \u017ce ..\u00a0<\/span><\/p>\n<p><span style=\"font-size: 36pt;\">[a]There is no denying that\u00a0<\/span><\/p>\n<p><span style=\"font-size: 36pt; color: #ffffff;\">[q]Nie ulega w\u0105tpliwo\u015bci. (question)<\/span><\/p>\n<p><span style=\"font-size: 36pt;\">[a]There is no question \u00a0<\/span><\/p>\n<p><span style=\"font-size: 36pt; color: #ffffff;\">[q]Nie zwracaj uwagi na&#8230;<\/span><\/p>\n<p><span style=\"font-size: 36pt;\">[a]Do not take any notice of\u00a0<\/span><\/p>\n<p><span style=\"font-size: 36pt; color: #ffffff;\">[q]Nie przesadzaj!<\/span><\/p>\n<p><span style=\"font-size: 36pt;\">[a]Do not exaggerate! \u00a0<\/span><\/p>\n<p>&nbsp;<\/p>\n<p>&nbsp;<\/p>\n<p>[x] Brawo!<\/p>\n<p>[restart]<\/p>\n<p>[\/qdeck]<\/p>\n\n<\/div>  <!-- qdeck_wrapper -->\n<p>&nbsp;<\/p>\n<p>&nbsp;<\/p>\n<h3 style=\"text-align: left;\">Zobacz tak\u017ce:<\/h3>\n<p><div class='content-column one_fourth'><a href=\"https:\/\/www.helloangielski.pl\/rozmowki\/zwroty-angielskie-do-konwersacji\/\"><img loading=\"lazy\" decoding=\"async\" class=\"alignleft wp-image-16542 size-thumbnail\" src=\"https:\/\/www.helloangielski.pl\/rozmowki\/wp-content\/uploads\/2015\/12\/talk-845619_1920-150x150.jpg\" alt=\"zwroty angielskie\" width=\"150\" height=\"150\" \/><\/a><strong><a href=\"https:\/\/www.helloangielski.pl\/rozmowki\/zwroty-angielskie-do-konwersacji\/\">Zwroty do rozm\u00f3w i konwersacji\u00a0<\/a><\/strong><\/div><div class='content-column one_fourth'><a href=\"https:\/\/www.helloangielski.pl\/rozmowki\/ze-sluchu-zwroty-do-konwersacji\/\"><img loading=\"lazy\" decoding=\"async\" class=\"alignleft wp-image-17494 size-thumbnail\" src=\"https:\/\/www.helloangielski.pl\/rozmowki\/wp-content\/uploads\/2015\/10\/woman-977019_1280-150x150.jpg\" alt=\"wymowa, \u0107wiczenie na zwroty\" width=\"150\" height=\"150\" \/><\/a><strong><a href=\"https:\/\/www.helloangielski.pl\/rozmowki\/ze-sluchu-zwroty-do-konwersacji\/\">\u0106wiczenie ze s\u0142uchu. Zwroty rozm\u00f3w i do konwersacji<\/a><\/strong><\/div><div class='content-column one_fourth'><a href=\"https:\/\/www.helloangielski.pl\/rozmowki\/przydatne-zwroty-po-angielsku-dla-poczatkujacych\/\"><img loading=\"lazy\" decoding=\"async\" class=\"alignleft wp-image-12749 size-thumbnail\" src=\"https:\/\/www.helloangielski.pl\/rozmowki\/wp-content\/uploads\/2015\/11\/photo-1427096105551-15e2512fd2dc-150x150.jpg\" alt=\"zwroty po angielsku dla pocz\u0105tkuj\u0105cych\" width=\"150\" height=\"150\" \/><\/a><strong><a href=\"https:\/\/www.helloangielski.pl\/rozmowki\/przydatne-zwroty-po-angielsku-dla-poczatkujacych\/\">Podstawowe i przydatne zwroty<\/a><\/strong><\/div><div class='content-column one_fourth'><a href=\"https:\/\/www.helloangielski.pl\/rozmowki\/pierwsze-spotkanie-pytania\/\"><img loading=\"lazy\" decoding=\"async\" class=\"alignleft wp-image-16917 size-thumbnail\" src=\"https:\/\/www.helloangielski.pl\/rozmowki\/wp-content\/uploads\/2015\/11\/married-couple-1232510_1920-150x150.jpg\" alt=\"ile masz lat po angielsku\" width=\"150\" height=\"150\" \/><\/a><strong><a href=\"https:\/\/www.helloangielski.pl\/rozmowki\/pierwsze-spotkanie-pytania\/\">Pytania na pierwszym spotkaniu<\/a><\/strong><\/div>\u00a0<\/p>\n<div style=\"text-align: center;\">\u00a0<\/div>\n","protected":false},"excerpt":{"rendered":"<p>Witaj w zestawie fiszek online Zwroty angielskie do konwersacji i rozm\u00f3w Zastan\u00f3w si\u0119, czy znasz t\u0142umaczenie \u00a0zwrotu. Kliknij w fiszk\u0119 lub w przycisk \u201eOdwr\u00f3\u0107\u201d, aby zobaczy\u0107 t\u0142umaczenie. Je\u017celi nie znasz tego zwrotu, naci\u015bnij przycisk \u201eJeszcze nie umiem\u201d. Fiszka wr\u00f3ci do zestawu. Je\u017celi znasz ju\u017c zwrot, naci\u015bnij \u201eUmiem\u201d. Fiszka zostanie usuni\u0119ta z zestawu. Dobrej zabawy! \u00a0 [&hellip;]<\/p>\n","protected":false},"author":2,"featured_media":0,"parent":0,"menu_order":225,"comment_status":"closed","ping_status":"closed","template":"","meta":{"footnotes":""},"yoast_head":"<!-- This site is optimized with the Yoast SEO plugin v23.1 - https:\/\/yoast.com\/wordpress\/plugins\/seo\/ -->\n<title>Fiszki zwroty do konwersacji i rozm\u00f3w - Hello Rozm\u00f3wki Angielskie Online<\/title>\n<meta name=\"robots\" content=\"index, follow, max-snippet:-1, max-image-preview:large, max-video-preview:-1\" \/>\n<link rel=\"canonical\" href=\"https:\/\/www.helloangielski.pl\/rozmowki\/fiszki-zwroty-do-konwersacji\/\" \/>\n<meta property=\"og:locale\" content=\"pl_PL\" \/>\n<meta property=\"og:type\" content=\"article\" \/>\n<meta property=\"og:title\" content=\"Fiszki zwroty do konwersacji i rozm\u00f3w - Hello Rozm\u00f3wki Angielskie Online\" \/>\n<meta property=\"og:description\" content=\"Witaj w zestawie fiszek online Zwroty angielskie do konwersacji i rozm\u00f3w Zastan\u00f3w si\u0119, czy znasz t\u0142umaczenie \u00a0zwrotu. Kliknij w fiszk\u0119 lub w przycisk \u201eOdwr\u00f3\u0107\u201d, aby zobaczy\u0107 t\u0142umaczenie. Je\u017celi nie znasz tego zwrotu, naci\u015bnij przycisk \u201eJeszcze nie umiem\u201d. Fiszka wr\u00f3ci do zestawu. Je\u017celi znasz ju\u017c zwrot, naci\u015bnij \u201eUmiem\u201d. Fiszka zostanie usuni\u0119ta z zestawu. Dobrej zabawy! \u00a0 [&hellip;]\" \/>\n<meta property=\"og:url\" content=\"https:\/\/www.helloangielski.pl\/rozmowki\/fiszki-zwroty-do-konwersacji\/\" \/>\n<meta property=\"og:site_name\" content=\"Hello Rozm\u00f3wki Angielskie Online\" \/>\n<meta property=\"article:modified_time\" content=\"2020-04-19T07:33:37+00:00\" \/>\n<meta property=\"og:image\" content=\"https:\/\/www.helloangielski.pl\/rozmowki\/wp-content\/uploads\/2015\/12\/talk-845619_1920-150x150.jpg\" \/>\n<meta name=\"twitter:card\" content=\"summary_large_image\" \/>\n<meta name=\"twitter:label1\" content=\"Est. reading time\" \/>\n\t<meta name=\"twitter:data1\" content=\"2 minuty\" \/>\n<script type=\"application\/ld+json\" class=\"yoast-schema-graph\">{\"@context\":\"https:\/\/schema.org\",\"@graph\":[{\"@type\":\"WebPage\",\"@id\":\"https:\/\/www.helloangielski.pl\/rozmowki\/fiszki-zwroty-do-konwersacji\/\",\"url\":\"https:\/\/www.helloangielski.pl\/rozmowki\/fiszki-zwroty-do-konwersacji\/\",\"name\":\"Fiszki zwroty do konwersacji i rozm\u00f3w - Hello Rozm\u00f3wki Angielskie Online\",\"isPartOf\":{\"@id\":\"https:\/\/www.helloangielski.pl\/rozmowki\/#website\"},\"primaryImageOfPage\":{\"@id\":\"https:\/\/www.helloangielski.pl\/rozmowki\/fiszki-zwroty-do-konwersacji\/#primaryimage\"},\"image\":{\"@id\":\"https:\/\/www.helloangielski.pl\/rozmowki\/fiszki-zwroty-do-konwersacji\/#primaryimage\"},\"thumbnailUrl\":\"https:\/\/www.helloangielski.pl\/rozmowki\/wp-content\/uploads\/2015\/12\/talk-845619_1920-150x150.jpg\",\"datePublished\":\"2015-12-29T19:09:12+00:00\",\"dateModified\":\"2020-04-19T07:33:37+00:00\",\"breadcrumb\":{\"@id\":\"https:\/\/www.helloangielski.pl\/rozmowki\/fiszki-zwroty-do-konwersacji\/#breadcrumb\"},\"inLanguage\":\"pl-PL\",\"potentialAction\":[{\"@type\":\"ReadAction\",\"target\":[\"https:\/\/www.helloangielski.pl\/rozmowki\/fiszki-zwroty-do-konwersacji\/\"]}]},{\"@type\":\"ImageObject\",\"inLanguage\":\"pl-PL\",\"@id\":\"https:\/\/www.helloangielski.pl\/rozmowki\/fiszki-zwroty-do-konwersacji\/#primaryimage\",\"url\":\"https:\/\/www.helloangielski.pl\/rozmowki\/wp-content\/uploads\/2015\/12\/talk-845619_1920.jpg\",\"contentUrl\":\"https:\/\/www.helloangielski.pl\/rozmowki\/wp-content\/uploads\/2015\/12\/talk-845619_1920.jpg\",\"width\":1920,\"height\":1267,\"caption\":\"zwroty angielskie do rozm\u00f3w i konwersacji\"},{\"@type\":\"BreadcrumbList\",\"@id\":\"https:\/\/www.helloangielski.pl\/rozmowki\/fiszki-zwroty-do-konwersacji\/#breadcrumb\",\"itemListElement\":[{\"@type\":\"ListItem\",\"position\":1,\"name\":\"Strona g\u0142\u00f3wna\",\"item\":\"https:\/\/www.helloangielski.pl\/rozmowki\/\"},{\"@type\":\"ListItem\",\"position\":2,\"name\":\"Fiszki zwroty do konwersacji i rozm\u00f3w\"}]},{\"@type\":\"WebSite\",\"@id\":\"https:\/\/www.helloangielski.pl\/rozmowki\/#website\",\"url\":\"https:\/\/www.helloangielski.pl\/rozmowki\/\",\"name\":\"Hello Rozm\u00f3wki Angielskie Online\",\"description\":\"Angielski online \u2013 szybkie i skuteczne lekcje dla ka\u017cdego!\",\"potentialAction\":[{\"@type\":\"SearchAction\",\"target\":{\"@type\":\"EntryPoint\",\"urlTemplate\":\"https:\/\/www.helloangielski.pl\/rozmowki\/?s={search_term_string}\"},\"query-input\":\"required name=search_term_string\"}],\"inLanguage\":\"pl-PL\"}]}<\/script>\n<!-- \/ Yoast SEO plugin. -->","yoast_head_json":{"title":"Fiszki zwroty do konwersacji i rozm\u00f3w - Hello Rozm\u00f3wki Angielskie Online","robots":{"index":"index","follow":"follow","max-snippet":"max-snippet:-1","max-image-preview":"max-image-preview:large","max-video-preview":"max-video-preview:-1"},"canonical":"https:\/\/www.helloangielski.pl\/rozmowki\/fiszki-zwroty-do-konwersacji\/","og_locale":"pl_PL","og_type":"article","og_title":"Fiszki zwroty do konwersacji i rozm\u00f3w - Hello Rozm\u00f3wki Angielskie Online","og_description":"Witaj w zestawie fiszek online Zwroty angielskie do konwersacji i rozm\u00f3w Zastan\u00f3w si\u0119, czy znasz t\u0142umaczenie \u00a0zwrotu. Kliknij w fiszk\u0119 lub w przycisk \u201eOdwr\u00f3\u0107\u201d, aby zobaczy\u0107 t\u0142umaczenie. Je\u017celi nie znasz tego zwrotu, naci\u015bnij przycisk \u201eJeszcze nie umiem\u201d. Fiszka wr\u00f3ci do zestawu. Je\u017celi znasz ju\u017c zwrot, naci\u015bnij \u201eUmiem\u201d. Fiszka zostanie usuni\u0119ta z zestawu. Dobrej zabawy! \u00a0 [&hellip;]","og_url":"https:\/\/www.helloangielski.pl\/rozmowki\/fiszki-zwroty-do-konwersacji\/","og_site_name":"Hello Rozm\u00f3wki Angielskie Online","article_modified_time":"2020-04-19T07:33:37+00:00","og_image":[{"url":"https:\/\/www.helloangielski.pl\/rozmowki\/wp-content\/uploads\/2015\/12\/talk-845619_1920-150x150.jpg"}],"twitter_card":"summary_large_image","twitter_misc":{"Est. reading time":"2 minuty"},"schema":{"@context":"https:\/\/schema.org","@graph":[{"@type":"WebPage","@id":"https:\/\/www.helloangielski.pl\/rozmowki\/fiszki-zwroty-do-konwersacji\/","url":"https:\/\/www.helloangielski.pl\/rozmowki\/fiszki-zwroty-do-konwersacji\/","name":"Fiszki zwroty do konwersacji i rozm\u00f3w - Hello Rozm\u00f3wki Angielskie Online","isPartOf":{"@id":"https:\/\/www.helloangielski.pl\/rozmowki\/#website"},"primaryImageOfPage":{"@id":"https:\/\/www.helloangielski.pl\/rozmowki\/fiszki-zwroty-do-konwersacji\/#primaryimage"},"image":{"@id":"https:\/\/www.helloangielski.pl\/rozmowki\/fiszki-zwroty-do-konwersacji\/#primaryimage"},"thumbnailUrl":"https:\/\/www.helloangielski.pl\/rozmowki\/wp-content\/uploads\/2015\/12\/talk-845619_1920-150x150.jpg","datePublished":"2015-12-29T19:09:12+00:00","dateModified":"2020-04-19T07:33:37+00:00","breadcrumb":{"@id":"https:\/\/www.helloangielski.pl\/rozmowki\/fiszki-zwroty-do-konwersacji\/#breadcrumb"},"inLanguage":"pl-PL","potentialAction":[{"@type":"ReadAction","target":["https:\/\/www.helloangielski.pl\/rozmowki\/fiszki-zwroty-do-konwersacji\/"]}]},{"@type":"ImageObject","inLanguage":"pl-PL","@id":"https:\/\/www.helloangielski.pl\/rozmowki\/fiszki-zwroty-do-konwersacji\/#primaryimage","url":"https:\/\/www.helloangielski.pl\/rozmowki\/wp-content\/uploads\/2015\/12\/talk-845619_1920.jpg","contentUrl":"https:\/\/www.helloangielski.pl\/rozmowki\/wp-content\/uploads\/2015\/12\/talk-845619_1920.jpg","width":1920,"height":1267,"caption":"zwroty angielskie do rozm\u00f3w i konwersacji"},{"@type":"BreadcrumbList","@id":"https:\/\/www.helloangielski.pl\/rozmowki\/fiszki-zwroty-do-konwersacji\/#breadcrumb","itemListElement":[{"@type":"ListItem","position":1,"name":"Strona g\u0142\u00f3wna","item":"https:\/\/www.helloangielski.pl\/rozmowki\/"},{"@type":"ListItem","position":2,"name":"Fiszki zwroty do konwersacji i rozm\u00f3w"}]},{"@type":"WebSite","@id":"https:\/\/www.helloangielski.pl\/rozmowki\/#website","url":"https:\/\/www.helloangielski.pl\/rozmowki\/","name":"Hello Rozm\u00f3wki Angielskie Online","description":"Angielski online \u2013 szybkie i skuteczne lekcje dla ka\u017cdego!","potentialAction":[{"@type":"SearchAction","target":{"@type":"EntryPoint","urlTemplate":"https:\/\/www.helloangielski.pl\/rozmowki\/?s={search_term_string}"},"query-input":"required name=search_term_string"}],"inLanguage":"pl-PL"}]}},"_links":{"self":[{"href":"https:\/\/www.helloangielski.pl\/rozmowki\/wp-json\/wp\/v2\/pages\/13792"}],"collection":[{"href":"https:\/\/www.helloangielski.pl\/rozmowki\/wp-json\/wp\/v2\/pages"}],"about":[{"href":"https:\/\/www.helloangielski.pl\/rozmowki\/wp-json\/wp\/v2\/types\/page"}],"author":[{"embeddable":true,"href":"https:\/\/www.helloangielski.pl\/rozmowki\/wp-json\/wp\/v2\/users\/2"}],"replies":[{"embeddable":true,"href":"https:\/\/www.helloangielski.pl\/rozmowki\/wp-json\/wp\/v2\/comments?post=13792"}],"version-history":[{"count":1,"href":"https:\/\/www.helloangielski.pl\/rozmowki\/wp-json\/wp\/v2\/pages\/13792\/revisions"}],"predecessor-version":[{"id":24571,"href":"https:\/\/www.helloangielski.pl\/rozmowki\/wp-json\/wp\/v2\/pages\/13792\/revisions\/24571"}],"wp:attachment":[{"href":"https:\/\/www.helloangielski.pl\/rozmowki\/wp-json\/wp\/v2\/media?parent=13792"}],"curies":[{"name":"wp","href":"https:\/\/api.w.org\/{rel}","templated":true}]}}