{"id":13755,"date":"2015-12-29T12:49:22","date_gmt":"2015-12-29T11:49:22","guid":{"rendered":"http:\/\/www.helloangielski.pl\/rozmowki\/fiszki-problemy\/"},"modified":"2018-09-08T18:47:01","modified_gmt":"2018-09-08T16:47:01","slug":"fiszki-problemy","status":"publish","type":"page","link":"https:\/\/www.helloangielski.pl\/rozmowki\/fiszki-problemy\/","title":{"rendered":"Fiszki Zwroty angielskie, nie rozumiem, problemy, trudne sytuacje"},"content":{"rendered":"<div class=\"qwiz_wrapper\"  style=\"display: none;\"><\/div><div class=\"qdeck_wrapper\" style=\"display: none;\"><\/div><h1><strong>Witaj w zestawie fiszek online\u00a0Zwroty angielskie, nie rozumiem, problemy, trudne sytuacje<\/strong><\/h1>\n<ol>\n<li>Zastan\u00f3w si\u0119, czy znasz t\u0142umaczenie \u00a0zwrotu.<\/li>\n<li>Kliknij w fiszk\u0119 lub w przycisk \u201eOdwr\u00f3\u0107\u201d, aby zobaczy\u0107 t\u0142umaczenie.<\/li>\n<li>Je\u017celi nie znasz tego zwrotu, naci\u015bnij przycisk \u201eJeszcze nie umiem\u201d. Fiszka wr\u00f3ci do zestawu.<\/li>\n<li>Je\u017celi znasz ju\u017c zwrot, naci\u015bnij \u201eUmiem\u201d. Fiszka zostanie usuni\u0119ta z zestawu.<\/li>\n<\/ol>\n<p>Dobrej zabawy!<\/p>\n<div class=\"qdeck_wrapper qwiz_shortcodes_hidden\">\n<div class=\"qdeck_wrapper_fallback qdeck_wrapper_fallback_visible\"><button onclick=\"qwiz_.qwiz_init (); qcard_.qdeck_init ();\">Click here to start flashcard deck<\/button><\/div><p>[qdeck]<\/p>\n<p><span style=\"font-size: 36pt; color: #ffffff;\">[q]Nie rozumiem.<\/span><\/p>\n<p><span style=\"font-size: 36pt;\">[a]I don&#8217;t understand<\/span><\/p>\n<p><span style=\"font-size: 36pt; color: #ffffff;\">[q]Nie rozumiem Ciebie.<\/span><\/p>\n<p><span style=\"font-size: 36pt;\">[a]I don&#8217;t understand you.\u00a0\u00a0<\/span><\/p>\n<p><span style=\"font-size: 36pt; color: #ffffff;\">[q]Nie m\u00f3wi\u0119 zbyt dobrze po angielsku.<\/span><\/p>\n<p><span style=\"font-size: 36pt;\">[a]\u00a0I don&#8217;t speak English very well.<\/span><\/p>\n<p><span style=\"font-size: 36pt; color: #ffffff;\">[q]Czy mo\u017cesz powiedzie\u0107 to jeszcze raz?<\/span><\/p>\n<p><span style=\"font-size: 36pt;\">[a]\u00a0Could you say that again please?\u00a0\u00a0\u00a0<\/span><\/p>\n<p><span style=\"font-size: 36pt; color: #ffffff;\">[q]Czy mo\u017cesz powt\u00f3rzy\u0107?<\/span><\/p>\n<p><span style=\"font-size: 36pt;\">[a]Can you repeat that?\u00a0<\/span><\/p>\n<p><span style=\"font-size: 36pt; color: #ffffff;\">[q]Co si\u0119 sta\u0142o?<\/span><\/p>\n<p><span style=\"font-size: 36pt;\">[a]What&#8217;s happened?<\/span><\/p>\n<p><span style=\"font-size: 36pt; color: #ffffff;\">[q]Co si\u0119 sta\u0142o? O co chodzi?<\/span><\/p>\n<p><span style=\"font-size: 36pt;\">[a]What&#8217;s the matter?<\/span><\/p>\n<p><span style=\"font-size: 36pt; color: #ffffff;\">[q]Mam problem.<\/span><\/p>\n<p><span style=\"font-size: 36pt;\">[a]I have a problem.<\/span><\/p>\n<p><span style=\"font-size: 36pt; color: #ffffff;\">[q]Nie ma gor\u0105cej wody.<\/span><\/p>\n<p><span style=\"font-size: 36pt;\">[a]There is no hot water.<\/span><\/p>\n<p><span style=\"font-size: 36pt; color: #ffffff;\">[q]Jest tylko zimna woda.<\/span><\/p>\n<p><span style=\"font-size: 36pt;\">[a]There is only cold water.<\/span><\/p>\n<p><span style=\"font-size: 36pt; color: #ffffff;\">[q]Klimatyzacja jest zepsuta.<\/span><\/p>\n<p><span style=\"font-size: 36pt;\">[a]The air conditioning is out of order.<\/span><\/p>\n<p><span style=\"font-size: 36pt; color: #ffffff;\">[q]\u0141azienka jest brudna.<\/span><\/p>\n<p><span style=\"font-size: 36pt;\">[a]The bathroom is dirty.<\/span><\/p>\n<p><span style=\"font-size: 36pt; color: #ffffff;\">[q]Pok\u00f3j nie by\u0142 sprz\u0105tany.<\/span><\/p>\n<p><span style=\"font-size: 36pt;\">[a]The room has not been cleaned.<\/span><\/p>\n<p><span style=\"font-size: 36pt; color: #ffffff;\">[q]Zgubi\u0142em si\u0119.<\/span><\/p>\n<p><span style=\"font-size: 36pt;\">[a]I got lost.<\/span><\/p>\n<p><span style=\"font-size: 36pt; color: #ffffff;\">[q]Zgubi\u0142em portfel.<\/span><\/p>\n<p><span style=\"font-size: 36pt;\">[a]I lost my wallet.<\/span><\/p>\n<p><span style=\"font-size: 36pt; color: #ffffff;\">[q]Zgubi\u0142em dokumenty.<\/span><\/p>\n<p><span style=\"font-size: 36pt;\">[a]I lost my documents.<\/span><\/p>\n<p><span style=\"font-size: 36pt; color: #ffffff;\">[q]M\u00f3j samoch\u00f3d si\u0119 zepsu\u0142.<\/span><\/p>\n<p><span style=\"font-size: 36pt;\">[a]My car is broken.<\/span><\/p>\n<p><span style=\"font-size: 36pt; color: #ffffff;\">[q]Samoch\u00f3d jest uszkodzony.<\/span><\/p>\n<p>&nbsp;<\/p>\n<p><span style=\"font-size: 36pt;\">[a]The car is damaged.<\/span><\/p>\n<p><span style=\"font-size: 36pt; color: #ffffff;\">[q]Kto\u015b ukrad\u0142 m\u00f3j samoch\u00f3d.<\/span><\/p>\n<p><span style=\"font-size: 36pt;\">[a]Somebody has stolen my car.<\/span><\/p>\n<p><span style=\"font-size: 36pt; color: #ffffff;\">[q]Sko\u0144czy\u0142a mi si\u0119 benzyna.<\/span><\/p>\n<p><span style=\"font-size: 36pt;\">[a]I have run out of petrol.<\/span><\/p>\n<p>&nbsp;<\/p>\n<p>[x] Brawo!<\/p>\n<p>[restart]<\/p>\n<p>[\/qdeck]<\/p>\n\n<\/div>  <!-- qdeck_wrapper -->\n<p>&nbsp;<\/p>\n<p style=\"text-align: center;\">\u00a0<\/p>\n\n<p>&nbsp;<\/p>\n<h3 style=\"text-align: left;\">Zobacz tak\u017ce:<\/h3>\n<p><div class='content-column one_fourth'><a href=\"https:\/\/www.helloangielski.pl\/rozmowki\/zwroty-angielskie-nie-rozumiem-problemy\/\"><img loading=\"lazy\" decoding=\"async\" class=\"alignleft wp-image-16965 size-thumbnail\" src=\"https:\/\/www.helloangielski.pl\/rozmowki\/wp-content\/uploads\/2015\/12\/friends-1255442_1920-150x150.jpg\" alt=\"nie rozumiem po angielsku\" width=\"150\" height=\"150\" \/><\/a><a href=\"https:\/\/www.helloangielski.pl\/rozmowki\/zwroty-angielskie-nie-rozumiem-problemy\/\"><strong>Zwroty angielskie Nie rozumiem, problemy, trudne sytuacje<\/strong><\/a><\/div><div class='content-column one_fourth'><a href=\"https:\/\/www.helloangielski.pl\/rozmowki\/ze-sluchu-zwroty-nie-rozumiem-problemy-trudne-sytuacje\/\"><img loading=\"lazy\" decoding=\"async\" class=\"alignleft wp-image-17492 size-thumbnail\" src=\"https:\/\/www.helloangielski.pl\/rozmowki\/wp-content\/uploads\/2016\/04\/woman-977019_1280-150x150.jpg\" alt=\"wymowa, \u0107wiczenie\" width=\"150\" height=\"150\" \/><\/a><strong><a href=\"https:\/\/www.helloangielski.pl\/rozmowki\/ze-sluchu-zwroty-nie-rozumiem-problemy-trudne-sytuacje\/\">\u0106wiczenie ze s\u0142uchu.\u00a0Zwroty nie rozumiem, problemy, trudne sytuacje<\/a><\/strong><\/div><div class='content-column one_fourth'><a href=\"https:\/\/www.helloangielski.pl\/rozmowki\/zwroty-angielskie-do-konwersacji\/\"><img loading=\"lazy\" decoding=\"async\" class=\"alignleft wp-image-16544 size-thumbnail\" src=\"https:\/\/www.helloangielski.pl\/rozmowki\/wp-content\/uploads\/2015\/12\/conversation-400590_1920-150x150.jpg\" alt=\"angielskie zwroty do rozm\u00f3w\" width=\"150\" height=\"150\" \/><\/a><strong><a href=\"https:\/\/www.helloangielski.pl\/rozmowki\/zwroty-angielskie-do-konwersacji\/\">Zwroty do rozm\u00f3w i konwersacji<\/a><\/strong><\/div><div class='content-column one_fourth'><a href=\"https:\/\/www.helloangielski.pl\/rozmowki\/przydatne-zwroty-po-angielsku-dla-poczatkujacych\/\"><img loading=\"lazy\" decoding=\"async\" class=\"alignleft wp-image-12749 size-thumbnail\" src=\"https:\/\/www.helloangielski.pl\/rozmowki\/wp-content\/uploads\/2015\/11\/photo-1427096105551-15e2512fd2dc-150x150.jpg\" alt=\"zwroty po angielsku dla pocz\u0105tkuj\u0105cych\" width=\"150\" height=\"150\" \/><\/a><strong><a href=\"https:\/\/www.helloangielski.pl\/rozmowki\/przydatne-zwroty-po-angielsku-dla-poczatkujacych\/\">Zwroty podstawowe i przydatne<\/a><\/strong><\/div>\u00a0<\/p>\n<p>&nbsp;<\/p>\n<p style=\"text-align: center;\">\u00a0<\/p>\n<div style=\"text-align: center; font-weight: bold;\">\u00a0<\/div>\n","protected":false},"excerpt":{"rendered":"<p>Witaj w zestawie fiszek online\u00a0Zwroty angielskie, nie rozumiem, problemy, trudne sytuacje Zastan\u00f3w si\u0119, czy znasz t\u0142umaczenie \u00a0zwrotu. Kliknij w fiszk\u0119 lub w przycisk \u201eOdwr\u00f3\u0107\u201d, aby zobaczy\u0107 t\u0142umaczenie. Je\u017celi nie znasz tego zwrotu, naci\u015bnij przycisk \u201eJeszcze nie umiem\u201d. Fiszka wr\u00f3ci do zestawu. Je\u017celi znasz ju\u017c zwrot, naci\u015bnij \u201eUmiem\u201d. Fiszka zostanie usuni\u0119ta z zestawu. Dobrej zabawy! Click [&hellip;]<\/p>\n","protected":false},"author":2,"featured_media":0,"parent":0,"menu_order":222,"comment_status":"closed","ping_status":"closed","template":"","meta":{"footnotes":""},"yoast_head":"<!-- This site is optimized with the Yoast SEO plugin v23.1 - https:\/\/yoast.com\/wordpress\/plugins\/seo\/ -->\n<title>Fiszki Zwroty angielskie, nie rozumiem, problemy, trudne sytuacje - Hello Rozm\u00f3wki Angielskie Online<\/title>\n<meta name=\"robots\" content=\"index, follow, max-snippet:-1, max-image-preview:large, max-video-preview:-1\" \/>\n<link rel=\"canonical\" href=\"https:\/\/www.helloangielski.pl\/rozmowki\/fiszki-problemy\/\" \/>\n<meta property=\"og:locale\" content=\"pl_PL\" \/>\n<meta property=\"og:type\" content=\"article\" \/>\n<meta property=\"og:title\" content=\"Fiszki Zwroty angielskie, nie rozumiem, problemy, trudne sytuacje - Hello Rozm\u00f3wki Angielskie Online\" \/>\n<meta property=\"og:description\" content=\"Witaj w zestawie fiszek online\u00a0Zwroty angielskie, nie rozumiem, problemy, trudne sytuacje Zastan\u00f3w si\u0119, czy znasz t\u0142umaczenie \u00a0zwrotu. Kliknij w fiszk\u0119 lub w przycisk \u201eOdwr\u00f3\u0107\u201d, aby zobaczy\u0107 t\u0142umaczenie. Je\u017celi nie znasz tego zwrotu, naci\u015bnij przycisk \u201eJeszcze nie umiem\u201d. Fiszka wr\u00f3ci do zestawu. Je\u017celi znasz ju\u017c zwrot, naci\u015bnij \u201eUmiem\u201d. Fiszka zostanie usuni\u0119ta z zestawu. Dobrej zabawy! Click [&hellip;]\" \/>\n<meta property=\"og:url\" content=\"https:\/\/www.helloangielski.pl\/rozmowki\/fiszki-problemy\/\" \/>\n<meta property=\"og:site_name\" content=\"Hello Rozm\u00f3wki Angielskie Online\" \/>\n<meta property=\"article:modified_time\" content=\"2018-09-08T16:47:01+00:00\" \/>\n<meta property=\"og:image\" content=\"https:\/\/www.helloangielski.pl\/rozmowki\/wp-content\/uploads\/2015\/12\/friends-1255442_1920-150x150.jpg\" \/>\n<meta name=\"twitter:card\" content=\"summary_large_image\" \/>\n<meta name=\"twitter:label1\" content=\"Est. reading time\" \/>\n\t<meta name=\"twitter:data1\" content=\"2 minuty\" \/>\n<script type=\"application\/ld+json\" class=\"yoast-schema-graph\">{\"@context\":\"https:\/\/schema.org\",\"@graph\":[{\"@type\":\"WebPage\",\"@id\":\"https:\/\/www.helloangielski.pl\/rozmowki\/fiszki-problemy\/\",\"url\":\"https:\/\/www.helloangielski.pl\/rozmowki\/fiszki-problemy\/\",\"name\":\"Fiszki Zwroty angielskie, nie rozumiem, problemy, trudne sytuacje - Hello Rozm\u00f3wki Angielskie Online\",\"isPartOf\":{\"@id\":\"https:\/\/www.helloangielski.pl\/rozmowki\/#website\"},\"primaryImageOfPage\":{\"@id\":\"https:\/\/www.helloangielski.pl\/rozmowki\/fiszki-problemy\/#primaryimage\"},\"image\":{\"@id\":\"https:\/\/www.helloangielski.pl\/rozmowki\/fiszki-problemy\/#primaryimage\"},\"thumbnailUrl\":\"https:\/\/www.helloangielski.pl\/rozmowki\/wp-content\/uploads\/2015\/12\/friends-1255442_1920-150x150.jpg\",\"datePublished\":\"2015-12-29T11:49:22+00:00\",\"dateModified\":\"2018-09-08T16:47:01+00:00\",\"breadcrumb\":{\"@id\":\"https:\/\/www.helloangielski.pl\/rozmowki\/fiszki-problemy\/#breadcrumb\"},\"inLanguage\":\"pl-PL\",\"potentialAction\":[{\"@type\":\"ReadAction\",\"target\":[\"https:\/\/www.helloangielski.pl\/rozmowki\/fiszki-problemy\/\"]}]},{\"@type\":\"ImageObject\",\"inLanguage\":\"pl-PL\",\"@id\":\"https:\/\/www.helloangielski.pl\/rozmowki\/fiszki-problemy\/#primaryimage\",\"url\":\"https:\/\/www.helloangielski.pl\/rozmowki\/wp-content\/uploads\/2015\/12\/friends-1255442_1920.jpg\",\"contentUrl\":\"https:\/\/www.helloangielski.pl\/rozmowki\/wp-content\/uploads\/2015\/12\/friends-1255442_1920.jpg\",\"width\":1920,\"height\":1276,\"caption\":\"nie rozumiem po angielsku\"},{\"@type\":\"BreadcrumbList\",\"@id\":\"https:\/\/www.helloangielski.pl\/rozmowki\/fiszki-problemy\/#breadcrumb\",\"itemListElement\":[{\"@type\":\"ListItem\",\"position\":1,\"name\":\"Strona g\u0142\u00f3wna\",\"item\":\"https:\/\/www.helloangielski.pl\/rozmowki\/\"},{\"@type\":\"ListItem\",\"position\":2,\"name\":\"Fiszki Zwroty angielskie, nie rozumiem, problemy, trudne sytuacje\"}]},{\"@type\":\"WebSite\",\"@id\":\"https:\/\/www.helloangielski.pl\/rozmowki\/#website\",\"url\":\"https:\/\/www.helloangielski.pl\/rozmowki\/\",\"name\":\"Hello Rozm\u00f3wki Angielskie Online\",\"description\":\"Angielski online \u2013 szybkie i skuteczne lekcje dla ka\u017cdego!\",\"potentialAction\":[{\"@type\":\"SearchAction\",\"target\":{\"@type\":\"EntryPoint\",\"urlTemplate\":\"https:\/\/www.helloangielski.pl\/rozmowki\/?s={search_term_string}\"},\"query-input\":\"required name=search_term_string\"}],\"inLanguage\":\"pl-PL\"}]}<\/script>\n<!-- \/ Yoast SEO plugin. -->","yoast_head_json":{"title":"Fiszki Zwroty angielskie, nie rozumiem, problemy, trudne sytuacje - Hello Rozm\u00f3wki Angielskie Online","robots":{"index":"index","follow":"follow","max-snippet":"max-snippet:-1","max-image-preview":"max-image-preview:large","max-video-preview":"max-video-preview:-1"},"canonical":"https:\/\/www.helloangielski.pl\/rozmowki\/fiszki-problemy\/","og_locale":"pl_PL","og_type":"article","og_title":"Fiszki Zwroty angielskie, nie rozumiem, problemy, trudne sytuacje - Hello Rozm\u00f3wki Angielskie Online","og_description":"Witaj w zestawie fiszek online\u00a0Zwroty angielskie, nie rozumiem, problemy, trudne sytuacje Zastan\u00f3w si\u0119, czy znasz t\u0142umaczenie \u00a0zwrotu. Kliknij w fiszk\u0119 lub w przycisk \u201eOdwr\u00f3\u0107\u201d, aby zobaczy\u0107 t\u0142umaczenie. Je\u017celi nie znasz tego zwrotu, naci\u015bnij przycisk \u201eJeszcze nie umiem\u201d. Fiszka wr\u00f3ci do zestawu. Je\u017celi znasz ju\u017c zwrot, naci\u015bnij \u201eUmiem\u201d. Fiszka zostanie usuni\u0119ta z zestawu. Dobrej zabawy! Click [&hellip;]","og_url":"https:\/\/www.helloangielski.pl\/rozmowki\/fiszki-problemy\/","og_site_name":"Hello Rozm\u00f3wki Angielskie Online","article_modified_time":"2018-09-08T16:47:01+00:00","og_image":[{"url":"https:\/\/www.helloangielski.pl\/rozmowki\/wp-content\/uploads\/2015\/12\/friends-1255442_1920-150x150.jpg"}],"twitter_card":"summary_large_image","twitter_misc":{"Est. reading time":"2 minuty"},"schema":{"@context":"https:\/\/schema.org","@graph":[{"@type":"WebPage","@id":"https:\/\/www.helloangielski.pl\/rozmowki\/fiszki-problemy\/","url":"https:\/\/www.helloangielski.pl\/rozmowki\/fiszki-problemy\/","name":"Fiszki Zwroty angielskie, nie rozumiem, problemy, trudne sytuacje - Hello Rozm\u00f3wki Angielskie Online","isPartOf":{"@id":"https:\/\/www.helloangielski.pl\/rozmowki\/#website"},"primaryImageOfPage":{"@id":"https:\/\/www.helloangielski.pl\/rozmowki\/fiszki-problemy\/#primaryimage"},"image":{"@id":"https:\/\/www.helloangielski.pl\/rozmowki\/fiszki-problemy\/#primaryimage"},"thumbnailUrl":"https:\/\/www.helloangielski.pl\/rozmowki\/wp-content\/uploads\/2015\/12\/friends-1255442_1920-150x150.jpg","datePublished":"2015-12-29T11:49:22+00:00","dateModified":"2018-09-08T16:47:01+00:00","breadcrumb":{"@id":"https:\/\/www.helloangielski.pl\/rozmowki\/fiszki-problemy\/#breadcrumb"},"inLanguage":"pl-PL","potentialAction":[{"@type":"ReadAction","target":["https:\/\/www.helloangielski.pl\/rozmowki\/fiszki-problemy\/"]}]},{"@type":"ImageObject","inLanguage":"pl-PL","@id":"https:\/\/www.helloangielski.pl\/rozmowki\/fiszki-problemy\/#primaryimage","url":"https:\/\/www.helloangielski.pl\/rozmowki\/wp-content\/uploads\/2015\/12\/friends-1255442_1920.jpg","contentUrl":"https:\/\/www.helloangielski.pl\/rozmowki\/wp-content\/uploads\/2015\/12\/friends-1255442_1920.jpg","width":1920,"height":1276,"caption":"nie rozumiem po angielsku"},{"@type":"BreadcrumbList","@id":"https:\/\/www.helloangielski.pl\/rozmowki\/fiszki-problemy\/#breadcrumb","itemListElement":[{"@type":"ListItem","position":1,"name":"Strona g\u0142\u00f3wna","item":"https:\/\/www.helloangielski.pl\/rozmowki\/"},{"@type":"ListItem","position":2,"name":"Fiszki Zwroty angielskie, nie rozumiem, problemy, trudne sytuacje"}]},{"@type":"WebSite","@id":"https:\/\/www.helloangielski.pl\/rozmowki\/#website","url":"https:\/\/www.helloangielski.pl\/rozmowki\/","name":"Hello Rozm\u00f3wki Angielskie Online","description":"Angielski online \u2013 szybkie i skuteczne lekcje dla ka\u017cdego!","potentialAction":[{"@type":"SearchAction","target":{"@type":"EntryPoint","urlTemplate":"https:\/\/www.helloangielski.pl\/rozmowki\/?s={search_term_string}"},"query-input":"required name=search_term_string"}],"inLanguage":"pl-PL"}]}},"_links":{"self":[{"href":"https:\/\/www.helloangielski.pl\/rozmowki\/wp-json\/wp\/v2\/pages\/13755"}],"collection":[{"href":"https:\/\/www.helloangielski.pl\/rozmowki\/wp-json\/wp\/v2\/pages"}],"about":[{"href":"https:\/\/www.helloangielski.pl\/rozmowki\/wp-json\/wp\/v2\/types\/page"}],"author":[{"embeddable":true,"href":"https:\/\/www.helloangielski.pl\/rozmowki\/wp-json\/wp\/v2\/users\/2"}],"replies":[{"embeddable":true,"href":"https:\/\/www.helloangielski.pl\/rozmowki\/wp-json\/wp\/v2\/comments?post=13755"}],"version-history":[{"count":0,"href":"https:\/\/www.helloangielski.pl\/rozmowki\/wp-json\/wp\/v2\/pages\/13755\/revisions"}],"wp:attachment":[{"href":"https:\/\/www.helloangielski.pl\/rozmowki\/wp-json\/wp\/v2\/media?parent=13755"}],"curies":[{"name":"wp","href":"https:\/\/api.w.org\/{rel}","templated":true}]}}