{"id":13494,"date":"2015-12-14T17:23:56","date_gmt":"2015-12-14T16:23:56","guid":{"rendered":"http:\/\/www.helloangielski.pl\/rozmowki\/korespondencja-po-angielsku\/"},"modified":"2024-08-03T20:08:14","modified_gmt":"2024-08-03T18:08:14","slug":"korespondencja-po-angielsku","status":"publish","type":"page","link":"https:\/\/www.helloangielski.pl\/rozmowki\/korespondencja-po-angielsku\/","title":{"rendered":"Korespondencja po angielsku"},"content":{"rendered":"<p>Profesjonalna korespondencja w j\u0119zyku angielskim mo\u017ce by\u0107 wyzwaniem. Na tej stronie znajdziesz przydatne zwroty, przyk\u0142ady i wskaz\u00f3wki, kt\u00f3re pomog\u0105 Ci napisa\u0107 poprawne listy oraz e-maile. Odkryj, jak zacz\u0105\u0107 i zako\u0144czy\u0107 korespondencj\u0119, jak odpowiedzie\u0107 na r\u00f3\u017cne sytuacje oraz jakie skr\u00f3ty stosowa\u0107. Ucz si\u0119 skutecznie i zwi\u0119ksz swoje umiej\u0119tno\u015bci j\u0119zykowe w biznesie!<\/p>\n<p>&nbsp;<\/p>\n<h2 style=\"text-align: center;\">Pocz\u0105tek listu lub e-maila formalnego po angielsku<\/h2>\n<p><strong><a href=\"https:\/\/www.helloangielski.pl\/rozmowki\/wp-content\/uploads\/2022\/01\/e-mail-formalny-zwroty-do-korespondencji-biznesowej.jpg\"><img loading=\"lazy\" decoding=\"async\" class=\"alignleft size-medium wp-image-29517\" src=\"https:\/\/www.helloangielski.pl\/rozmowki\/wp-content\/uploads\/2022\/01\/e-mail-formalny-zwroty-do-korespondencji-biznesowej-400x400.jpg\" alt=\"e-mail formalny zwroty do korespondencji biznesowej\" width=\"400\" height=\"400\" \/><\/a>Dear Sir or Madam<\/strong>, Szanowny Panie lub Pani,<\/p>\n<p><strong>Dear Sir\/ Madam,<\/strong> Szanowny Panie\/ Szanowna Pani<\/p>\n<p><strong>Dear Mr Kowalski<\/strong>, Szanowny Panie Kowalski,<\/p>\n<p><strong>Dear Mrs Kowalska<\/strong>, Szanowna Pani Kowalska,<\/p>\n<p><strong>Dear Personnel Director<\/strong>, Szanowny Dyrektorze do spraw personalnych,<\/p>\n<p><strong>Thank you for your email (letter) of January 5th<\/strong> Dzi\u0119kuj\u0119 za e-mail (list) z 5 stycznia<\/p>\n<p><strong>Thank you for your invoice of March 15th.<\/strong> Dzi\u0119kuj\u0119 za faktur\u0119 z 15 marca.<\/p>\n<p><strong>Thank you for your quotation for\u2026 dated\u2026<\/strong> Dzi\u0119kuj\u0119 za podanie mi cen na\u2026 z dnia\u2026<\/p>\n<p>&nbsp;<\/p>\n<h2 style=\"text-align: center;\">Nawi\u0105zanie do rozmowy, listu, og\u0142oszenia, telefonu&#8230;<\/h2>\n<p><strong>With reference to&#8230;<\/strong> W nawi\u0105zaniu do&#8230;<\/p>\n<ul>\n<li><strong>our conversation<\/strong> naszej rozmowy<\/li>\n<li><strong>your advertisement in the newspaper<\/strong> og\u0142oszenia w gazecie<\/li>\n<li><strong>your advertisement on the website<\/strong> og\u0142oszenia na stronie internetowej<\/li>\n<li><strong>your phone call today<\/strong> Twojego dzisiejszego telefonu<\/li>\n<li><strong>your letter of 23rd January<\/strong> Twojego listu z dnia 23 stycznia<\/li>\n<\/ul>\n<p>&nbsp;<\/p>\n<h2 style=\"text-align: center;\">Pow\u00f3d pisania: aby potwierdzi\u0107, dowiedzie\u0107 si\u0119&#8230;<\/h2>\n<p style=\"text-align: left;\"><strong>I am writing to<\/strong> Pisz\u0119, aby:<\/p>\n<ul>\n<li><strong>confirm<\/strong> potwierdzi\u0107<\/li>\n<li><strong>enquire about<\/strong> dowiedzie\u0107 si\u0119 o<\/li>\n<li><strong>apologize for<\/strong> przeprosi\u0107 za<\/li>\n<\/ul>\n<p><strong>Acknowledging the receipt of your letter&#8230;<\/strong> Potwierdzaj\u0105c otrzymanie Twojego listu&#8230;<\/p>\n<p><strong>In reply to your email (letter) of&#8230;<\/strong> W odpowiedzi na Pana e-mail (list) z dnia&#8230;<\/p>\n<p><strong>In reply to your email (letter), we confirm that&#8230;<\/strong> W odpowiedzi na Pana e-mail (list), potwierdzamy, \u017ce&#8230;<\/p>\n<p><strong>I am pleased to inform you, that&#8230;<\/strong> Mi\u0142o mi poinformowa\u0107 was, \u017ce&#8230;<\/p>\n<p><strong>I regret to inform you that\u2026<\/strong> Z przykro\u015bci\u0105 informuj\u0119, \u017ce\u2026<\/p>\n<p><strong>I am writing on behalf of&#8230;<\/strong> Pisz\u0119 w imieniu&#8230;<\/p>\n<p><strong>I have received your address from&#8230;<\/strong> Otrzyma\u0142em wasz adres od&#8230;<\/p>\n<p><strong>I apologize for\u2026<\/strong> Przepraszam za\u2026<\/p>\n<p><strong>Please accept our sincere apologies for the trouble.<\/strong> Prosz\u0119 przyj\u0105\u0107 nasze szczere przeprosiny za k\u0142opot.<\/p>\n<p><strong>I apologize for any inconvenience that this cancellation may cause you.<\/strong> Przepraszamy za wszelkie niedogodno\u015bci, jakie to anulowanie mo\u017ce spowodowa\u0107.<\/p>\n<p>&nbsp;<\/p>\n<h2 style=\"text-align: center;\">Pro\u015bba: czy m\u00f3g\u0142by\u015b, b\u0119d\u0119 wdzi\u0119czny&#8230;<\/h2>\n<p><strong><a href=\"https:\/\/www.helloangielski.pl\/rozmowki\/wp-content\/uploads\/2022\/01\/e-mail-biznesowy-zwroty.jpg\"><img loading=\"lazy\" decoding=\"async\" class=\"alignleft size-medium wp-image-29523\" src=\"https:\/\/www.helloangielski.pl\/rozmowki\/wp-content\/uploads\/2022\/01\/e-mail-biznesowy-zwroty-400x400.jpg\" alt=\"e-mail biznesowy zwroty\" width=\"400\" height=\"400\" \/><\/a>Could you possibly&#8230;<\/strong> Czy m\u00f3g\u0142by\u015b&#8230;<\/p>\n<p><strong>I would be grateful if you could&#8230;<\/strong> By\u0142bym wdzi\u0119czny, gdyby\u015b m\u00f3g\u0142&#8230;<\/p>\n<p><strong>I shall be grateful for&#8230;<\/strong> B\u0119d\u0119 wdzi\u0119czny za&#8230;<\/p>\n<p><strong>I would like to know\u2026<\/strong> Chcia\u0142bym si\u0119 dowiedzie\u0107\u2026<\/p>\n<p><strong>I would like to ask if\u2026<\/strong> Chcia\u0142bym si\u0119 dowiedzie\u0107, czy\u2026<\/p>\n<p><strong>Is it possible to\u2026<\/strong> Czy mo\u017cna\u2026<\/p>\n<p><strong>Could you also tell me if\u2026<\/strong> Czy m\u00f3g\u0142by\u015b mi r\u00f3wnie\u017c powiedzie\u0107, czy\u2026<\/p>\n<p><strong>Could you inform us about your terms and prices.<\/strong> Prosimy o przes\u0142anie informacji dotycz\u0105cych warunk\u00f3w p\u0142atno\u015bci i cen.<\/p>\n<p><strong>I am writing to suggest\u2026<\/strong> Pisz\u0119, aby zaproponowa\u0107\u2026<\/p>\n<p><strong>I would like to let you know&#8230;<\/strong> Chcia\u0142bym poinformowa\u0107, \u017ce&#8230;<\/p>\n<p><strong>I understand that&#8230;<\/strong> Rozumiem, \u017ce&#8230;<\/p>\n<p><strong>In the view of the fact&#8230;<\/strong> W zwi\u0105zku z tym, \u017ce&#8230;<\/p>\n<p><strong>Inform us if you can&#8230;<\/strong> Poinformuj nas, je\u015bli mo\u017cesz&#8230;<\/p>\n<p><strong>Kindly inform us&#8230;<\/strong> Prosimy o informacje&#8230;<\/p>\n<p>&nbsp;<\/p>\n<h2 style=\"text-align: center;\">Reklamacja<\/h2>\n<p><strong>Unfortunately&#8230;<\/strong> Niestety&#8230;<\/p>\n<p><strong>I am afraid that&#8230;<\/strong> Obawiam si\u0119, \u017ce&#8230;<\/p>\n<p><strong>We regret to inform you that we must complain about&#8230;<\/strong> Przykro nam poinformowa\u0107, \u017ce musimy z\u0142o\u017cy\u0107 skarg\u0119 (reklamacj\u0119) w sprawie&#8230;<\/p>\n<p><strong>We have to complain about the quality of&#8230;<\/strong> Musimy z\u0142o\u017cy\u0107 skarg\u0119 na jako\u015b\u0107&#8230;<\/p>\n<p><strong>Could you please investigate the matter&#8230;<\/strong> Czy m\u00f3g\u0142by\u015b zbada\u0107 spraw\u0119&#8230;<\/p>\n<p><strong>As it was entirely due to reasons beyond our control, we cannot hold responsibility for it.<\/strong> Nie mo\u017cemy przyj\u0105\u0107 za to odpowiedzialno\u015bci, poniewa\u017c wynik\u0142o to z przyczyn ca\u0142kiem niezale\u017cnych od nas.<\/p>\n<p><strong>If we do not receive the necessary documents&#8230;<\/strong> Je\u015bli nie otrzymamy niezb\u0119dnych dokument\u00f3w&#8230;<\/p>\n<p><strong>We suggest you&#8230;<\/strong> Proponujemy&#8230;<\/p>\n<p><strong>Immediate delivery is essential.<\/strong> Konieczna jest natychmiastowa dostawa.<\/p>\n<p>&nbsp;<\/p>\n<h2 style=\"text-align: center;\">Do\u0142\u0105czanie dokument\u00f3w<\/h2>\n<p><strong>I am enclosing&#8230;<\/strong> Za\u0142\u0105czam&#8230;<\/p>\n<p><strong>Please find enclosed&#8230;<\/strong> W za\u0142\u0105czniku&#8230;<\/p>\n<p><strong>As you requested I am sending you the following documents\u2026<\/strong> Jak prosili\u015bcie, przesy\u0142am Wam nast\u0119puj\u0105ce dokumenty\u2026<\/p>\n<p>&nbsp;<\/p>\n<p>&nbsp;<\/p>\n<h2 style=\"text-align: center;\">Zwroty na zako\u0144czenie korespondencji po angielsku<\/h2>\n<p><strong>Thank you for your help.<\/strong> Dzi\u0119kuj\u0119 za pomoc.<\/p>\n<p><strong>Please contact us again if we can help in any way.<\/strong> Prosz\u0119 si\u0119 z nami skontaktowa\u0107, je\u017celi b\u0119dziemy w czym\u015b pomocni.<\/p>\n<p><strong>Please contact us again if there are any problems.<\/strong> Prosz\u0119 si\u0119 z nami skontaktowa\u0107, je\u017celi s\u0105 jakie\u015b problemy.<\/p>\n<p><strong>Please contact us again if you have any questions.<\/strong> Prosz\u0119 si\u0119 z nami skontaktowa\u0107, je\u017celi masz jakie\u015b pytania.<\/p>\n<p><strong>Be so kind to let us have an early confirmation.<\/strong> Prosimy o bezzw\u0142oczne potwierdzenie.<\/p>\n<p><strong>If you require further information, please do not hesitate to write to us.<\/strong> Je\u015bli potrzebujecie dalszych informacji, prosz\u0119 bez wahania napisa\u0107 do nas.<\/p>\n<p><strong>I look forward to your early reply.<\/strong> Oczekuj\u0119 na szybk\u0105 odpowied\u017a.<\/p>\n<p><strong>A prompt reply will be appreciated.<\/strong> B\u0119dziemy wdzi\u0119czni za szybk\u0105 odpowied\u017a.<\/p>\n<p><strong>Awaiting your reply, we remain,<\/strong> Oczekuj\u0105c na odpowied\u017a, pozostajemy,<\/p>\n<p><strong>We look forward to hearing from you at your earliest convenience.<\/strong> Czekamy na kontakt z Pa\u0144stwem w najbli\u017cszym czasie.<\/p>\n<p>&nbsp;<\/p>\n<h2 id=\"podpis-w-e-mailu\" style=\"text-align: center;\">Podpis w e-mailu lub li\u015bcie oficjalnym<\/h2>\n<p><strong>Kind regards.<\/strong> Z pozdrowieniami \/ Z uszanowaniem.<\/p>\n<p><strong>Best regards,<\/strong> Z wyrazami szacunku,<\/p>\n<p><strong>Regards,<\/strong> Z wyrazami szacunku,<\/p>\n<p><strong>Yours faithfully,<\/strong> Z powa\u017caniem, (Je\u015bli nie znamy nazwiska adresata)<\/p>\n<p><strong>Yours sincerely,<\/strong> Z powa\u017caniem, (Je\u015bli znamy nazwisko adresata)<\/p>\n<p>&nbsp;<\/p>\n<h2 style=\"text-align: center;\">Skr\u00f3ty u\u017cywane w korespondencji angielskiej<\/h2>\n<p><strong>e.g.<\/strong> for example na przyk\u0142ad<\/p>\n<p><strong>enc.<\/strong> enclosed, enclosures za\u0142\u0105czniki<\/p>\n<p><strong>esp.<\/strong> especially zw\u0142aszcza<\/p>\n<p><strong>etc.<\/strong> et cetera i tak dalej<\/p>\n<p><strong>i.e.<\/strong> that is to jest<\/p>\n<p><strong>incl.<\/strong> including \u0142\u0105cznie<\/p>\n<p><strong>inv.<\/strong> invoice faktura, rachunek<\/p>\n<p><strong>Ltd<\/strong> Limited company sp\u00f3\u0142ka z ograniczon\u0105 odpowiedzialno\u015bci\u0105<\/p>\n<p><strong>n\/a<\/strong> non applicable nie dotyczy<\/p>\n<p><strong>o\/s<\/strong> out of stock zapas wyczerpany<\/p>\n<p><strong>payt<\/strong> payment p\u0142atno\u015b\u0107<\/p>\n<p><strong>pcs<\/strong> pieces sztuki<\/p>\n<p><strong>p.d.<\/strong> per day dziennie<\/p>\n<p><strong>wt<\/strong> weight waga<\/p>\n<p>&nbsp;<\/p>\n<h3>Podsumowanie<\/h3>\n<p>Opanowanie sztuki korespondencji biznesowej w j\u0119zyku angielskim jest kluczowe w dzisiejszym globalnym \u015bwiecie. Dzi\u0119ki naszym przyk\u0142adom i wskaz\u00f3wkom zyskasz pewno\u015b\u0107 siebie, pisz\u0105c profesjonalne listy i e-maile. Regularne \u0107wiczenia i korzystanie z gotowych zwrot\u00f3w pozwol\u0105 Ci szybko opanowa\u0107 niezb\u0119dne umiej\u0119tno\u015bci.<\/p>\n<p>Sprawd\u017a r\u00f3wnie\u017c nasze inne artyku\u0142y, kt\u00f3re pomog\u0105 Ci w dalszym doskonaleniu znajomo\u015bci j\u0119zyka angielskiego.<\/p>\n<p>&nbsp;<\/p>\n<p><strong>Zobacz tak\u017ce:<\/strong> <div class='content-column one_fourth'><strong><a href=\"https:\/\/www.helloangielski.pl\/rozmowki\/rozmowa-w-sprawie-pracy-po-angielsku\/\">Rozmowa o prac\u0119 po angielsku<\/a><a href=\"https:\/\/www.helloangielski.pl\/rozmowki\/rozmowa-w-sprawie-pracy-po-angielsku\/\"><img loading=\"lazy\" decoding=\"async\" class=\"alignleft size-thumbnail wp-image-18971\" src=\"https:\/\/www.helloangielski.pl\/rozmowki\/wp-content\/uploads\/2015\/12\/interview-607713_1920-150x150.jpg\" alt=\"rozmowa kwalifikacyjna po angielsku\" width=\"150\" height=\"150\" \/><\/a><\/strong><\/div><div class='content-column one_fourth'><strong><a href=\"https:\/\/www.helloangielski.pl\/rozmowki\/cechy-pracownika-po-angielsku\/\">Dobre cechy pracownika do CV po angielsku<\/a><a href=\"https:\/\/www.helloangielski.pl\/rozmowki\/cechy-pracownika-po-angielsku\/\"><img loading=\"lazy\" decoding=\"async\" class=\"alignleft size-thumbnail wp-image-18956\" src=\"https:\/\/www.helloangielski.pl\/rozmowki\/wp-content\/uploads\/2015\/12\/smiling-2362136_1920-150x150.jpg\" alt=\"dobre cechy charakteru\" width=\"150\" height=\"150\" \/><\/a><\/strong><\/div><div class='content-column one_fourth'><strong><a href=\"https:\/\/www.helloangielski.pl\/rozmowki\/biuro-praca-w-biurze-komputer\/\"><strong>Angielski w biurze. Zwroty i s\u0142ownictwo<\/strong><\/a><strong><a href=\"https:\/\/www.helloangielski.pl\/rozmowki\/biuro-praca-w-biurze-komputer\/\"><img loading=\"lazy\" decoding=\"async\" class=\"alignleft size-thumbnail wp-image-18764\" src=\"https:\/\/www.helloangielski.pl\/rozmowki\/wp-content\/uploads\/2015\/12\/busy-880800_1920-150x150.jpg\" alt=\"angielski w pracy\" width=\"150\" height=\"150\" \/><\/a><\/strong><\/div><div class='content-column one_fourth'><a href=\"https:\/\/angielskihello.pl\/shop\/ksiazki-z-cd-mp3\/cala-paczka-do-szybkiej-nauki-jezyka-angielskiego\/?utm_source=kafelek&amp;utm_medium=kafelek\">Naucz si\u0119 \u0142atwo j\u0119zyka angielskiego: s\u0142\u00f3wek, zwrot\u00f3w, wymowy i gramatyki z przyjemno\u015bci\u0105<\/a><a href=\"https:\/\/angielskihello.pl\/shop\/ksiazki-z-cd-mp3\/cala-paczka-do-szybkiej-nauki-jezyka-angielskiego\/?utm_source=kafelek&amp;utm_medium=kafelek\"><img loading=\"lazy\" decoding=\"async\" class=\"size-full wp-image-23059 alignleft\" src=\"https:\/\/www.helloangielski.pl\/rozmowki\/wp-content\/uploads\/2015\/11\/hello-szybki-angielski-ksiazki.jpg\" alt=\"hello-szybki-angielski-ksiazki\" width=\"150\" height=\"150\" \/><\/a><\/strong><\/div> <strong><div class='content-column one_fourth'><a href=\"https:\/\/www.helloangielski.pl\/rozmowki\/dzien-dobry-po-angielsku\/\">Dzie\u0144 dobry i cze\u015b\u0107, powitania i po\u017cegnania<\/a><a href=\"https:\/\/www.helloangielski.pl\/rozmowki\/dzien-dobry-po-angielsku\/\"><img loading=\"lazy\" decoding=\"async\" class=\"alignleft size-thumbnail wp-image-18760\" src=\"https:\/\/www.helloangielski.pl\/rozmowki\/wp-content\/uploads\/2015\/11\/cup-1009231_1920-150x150.jpg\" alt=\"dzie\u0144 dobry po angielsku\" width=\"150\" height=\"150\" \/><\/a><\/div><\/strong><div class='content-column one_fourth'><strong><a href=\"https:\/\/www.helloangielski.pl\/rozmowki\/rezerwacja-pokoju-w-hotelu-po-angielsku\/\">Rezerwacja pokoju w hotelu po angielsku, pisemna i telefoniczna<\/a><a href=\"https:\/\/www.helloangielski.pl\/rozmowki\/rezerwacja-pokoju-w-hotelu-po-angielsku\/\"><img loading=\"lazy\" decoding=\"async\" class=\"alignleft wp-image-16954 size-thumbnail\" src=\"https:\/\/www.helloangielski.pl\/rozmowki\/wp-content\/uploads\/2015\/12\/daytona-beach-1548474_1920-150x150.jpg\" alt=\"rezerwacja po angielsku\" width=\"150\" height=\"150\" \/><\/a><\/strong><\/div><div class='content-column one_fourth'><strong><a href=\"https:\/\/www.helloangielski.pl\/rozmowki\/rozmowa-telefoniczna-angielskie-zwroty\/\">Rozmowa przez telefon po angielsku<\/a><a href=\"https:\/\/www.helloangielski.pl\/rozmowki\/rozmowa-telefoniczna-angielskie-zwroty\/\"><img loading=\"lazy\" decoding=\"async\" class=\"alignleft wp-image-16978 size-thumbnail\" src=\"https:\/\/www.helloangielski.pl\/rozmowki\/wp-content\/uploads\/2015\/12\/to-call-1542594_1920-150x150.jpg\" alt=\"rozmowa telefoniczna po angielsku\" width=\"150\" height=\"150\" \/><\/a><\/strong><\/div><div class='content-column one_fourth'><strong><a href=\"https:\/\/www.helloangielski.pl\/rozmowki\/zwroty-angielskie-do-konwersacji\/\">Przydatne zwroty po angielsku do rozm\u00f3w i konwersacji<\/a><a href=\"https:\/\/www.helloangielski.pl\/rozmowki\/zwroty-angielskie-do-konwersacji\/\"><img loading=\"lazy\" decoding=\"async\" class=\"alignleft wp-image-16542 size-thumbnail\" src=\"https:\/\/www.helloangielski.pl\/rozmowki\/wp-content\/uploads\/2015\/12\/talk-845619_1920-150x150.jpg\" alt=\"zwroty angielskie\" width=\"150\" height=\"150\" \/><\/a><\/strong><\/div><\/p>\n","protected":false},"excerpt":{"rendered":"<p>Profesjonalna korespondencja w j\u0119zyku angielskim mo\u017ce by\u0107 wyzwaniem. Na tej stronie znajdziesz przydatne zwroty, przyk\u0142ady i wskaz\u00f3wki, kt\u00f3re pomog\u0105 Ci napisa\u0107 poprawne listy oraz e-maile. Odkryj, jak zacz\u0105\u0107 i zako\u0144czy\u0107 korespondencj\u0119, jak odpowiedzie\u0107 na r\u00f3\u017cne sytuacje oraz jakie skr\u00f3ty stosowa\u0107. Ucz si\u0119 skutecznie i zwi\u0119ksz swoje umiej\u0119tno\u015bci j\u0119zykowe w biznesie! &nbsp; Pocz\u0105tek listu lub e-maila [&hellip;]<\/p>\n","protected":false},"author":2,"featured_media":29513,"parent":0,"menu_order":242,"comment_status":"closed","ping_status":"closed","template":"","meta":{"footnotes":""},"yoast_head":"<!-- This site is optimized with the Yoast SEO plugin v23.1 - https:\/\/yoast.com\/wordpress\/plugins\/seo\/ -->\n<title>Korespondencja po angielsku<\/title>\n<meta name=\"description\" content=\"Zwroty u\u017cywane w korespondencji biznesowej, takie jak: w nawi\u0105zaniu do rozmowy, szanowny panie, pisz\u0119, aby potwierdzi\u0107 i inne zwroty w mailu po angielsku.\" \/>\n<meta name=\"robots\" content=\"index, follow, max-snippet:-1, max-image-preview:large, max-video-preview:-1\" \/>\n<link rel=\"canonical\" href=\"https:\/\/www.helloangielski.pl\/rozmowki\/korespondencja-po-angielsku\/\" \/>\n<meta property=\"og:locale\" content=\"pl_PL\" \/>\n<meta property=\"og:type\" content=\"article\" \/>\n<meta property=\"og:title\" content=\"Korespondencja po angielsku\" \/>\n<meta property=\"og:description\" content=\"Zwroty u\u017cywane w korespondencji biznesowej, takie jak: w nawi\u0105zaniu do rozmowy, szanowny panie, pisz\u0119, aby potwierdzi\u0107 i inne zwroty w mailu po angielsku.\" \/>\n<meta property=\"og:url\" content=\"https:\/\/www.helloangielski.pl\/rozmowki\/korespondencja-po-angielsku\/\" \/>\n<meta property=\"og:site_name\" content=\"Hello Rozm\u00f3wki Angielskie Online\" \/>\n<meta property=\"article:modified_time\" content=\"2024-08-03T18:08:14+00:00\" \/>\n<meta property=\"og:image\" content=\"https:\/\/www.helloangielski.pl\/rozmowki\/wp-content\/uploads\/2022\/01\/korespondencja-biznesowa-po-angielsku.jpg\" \/>\n\t<meta property=\"og:image:width\" content=\"1080\" \/>\n\t<meta property=\"og:image:height\" content=\"1080\" \/>\n\t<meta property=\"og:image:type\" content=\"image\/jpeg\" \/>\n<meta name=\"twitter:card\" content=\"summary_large_image\" \/>\n<meta name=\"twitter:label1\" content=\"Est. reading time\" \/>\n\t<meta name=\"twitter:data1\" content=\"6 minut\" \/>\n<script type=\"application\/ld+json\" class=\"yoast-schema-graph\">{\"@context\":\"https:\/\/schema.org\",\"@graph\":[{\"@type\":\"WebPage\",\"@id\":\"https:\/\/www.helloangielski.pl\/rozmowki\/korespondencja-po-angielsku\/\",\"url\":\"https:\/\/www.helloangielski.pl\/rozmowki\/korespondencja-po-angielsku\/\",\"name\":\"Korespondencja po angielsku\",\"isPartOf\":{\"@id\":\"https:\/\/www.helloangielski.pl\/rozmowki\/#website\"},\"primaryImageOfPage\":{\"@id\":\"https:\/\/www.helloangielski.pl\/rozmowki\/korespondencja-po-angielsku\/#primaryimage\"},\"image\":{\"@id\":\"https:\/\/www.helloangielski.pl\/rozmowki\/korespondencja-po-angielsku\/#primaryimage\"},\"thumbnailUrl\":\"https:\/\/www.helloangielski.pl\/rozmowki\/wp-content\/uploads\/2022\/01\/korespondencja-biznesowa-po-angielsku.jpg\",\"datePublished\":\"2015-12-14T16:23:56+00:00\",\"dateModified\":\"2024-08-03T18:08:14+00:00\",\"description\":\"Zwroty u\u017cywane w korespondencji biznesowej, takie jak: w nawi\u0105zaniu do rozmowy, szanowny panie, pisz\u0119, aby potwierdzi\u0107 i inne zwroty w mailu po angielsku.\",\"breadcrumb\":{\"@id\":\"https:\/\/www.helloangielski.pl\/rozmowki\/korespondencja-po-angielsku\/#breadcrumb\"},\"inLanguage\":\"pl-PL\",\"potentialAction\":[{\"@type\":\"ReadAction\",\"target\":[\"https:\/\/www.helloangielski.pl\/rozmowki\/korespondencja-po-angielsku\/\"]}]},{\"@type\":\"ImageObject\",\"inLanguage\":\"pl-PL\",\"@id\":\"https:\/\/www.helloangielski.pl\/rozmowki\/korespondencja-po-angielsku\/#primaryimage\",\"url\":\"https:\/\/www.helloangielski.pl\/rozmowki\/wp-content\/uploads\/2022\/01\/korespondencja-biznesowa-po-angielsku.jpg\",\"contentUrl\":\"https:\/\/www.helloangielski.pl\/rozmowki\/wp-content\/uploads\/2022\/01\/korespondencja-biznesowa-po-angielsku.jpg\",\"width\":1080,\"height\":1080,\"caption\":\"korespondencja biznesowa po angielsku\"},{\"@type\":\"BreadcrumbList\",\"@id\":\"https:\/\/www.helloangielski.pl\/rozmowki\/korespondencja-po-angielsku\/#breadcrumb\",\"itemListElement\":[{\"@type\":\"ListItem\",\"position\":1,\"name\":\"Strona g\u0142\u00f3wna\",\"item\":\"https:\/\/www.helloangielski.pl\/rozmowki\/\"},{\"@type\":\"ListItem\",\"position\":2,\"name\":\"Korespondencja po angielsku\"}]},{\"@type\":\"WebSite\",\"@id\":\"https:\/\/www.helloangielski.pl\/rozmowki\/#website\",\"url\":\"https:\/\/www.helloangielski.pl\/rozmowki\/\",\"name\":\"Hello Rozm\u00f3wki Angielskie Online\",\"description\":\"Angielski online \u2013 szybkie i skuteczne lekcje dla ka\u017cdego!\",\"potentialAction\":[{\"@type\":\"SearchAction\",\"target\":{\"@type\":\"EntryPoint\",\"urlTemplate\":\"https:\/\/www.helloangielski.pl\/rozmowki\/?s={search_term_string}\"},\"query-input\":\"required name=search_term_string\"}],\"inLanguage\":\"pl-PL\"}]}<\/script>\n<!-- \/ Yoast SEO plugin. -->","yoast_head_json":{"title":"Korespondencja po angielsku","description":"Zwroty u\u017cywane w korespondencji biznesowej, takie jak: w nawi\u0105zaniu do rozmowy, szanowny panie, pisz\u0119, aby potwierdzi\u0107 i inne zwroty w mailu po angielsku.","robots":{"index":"index","follow":"follow","max-snippet":"max-snippet:-1","max-image-preview":"max-image-preview:large","max-video-preview":"max-video-preview:-1"},"canonical":"https:\/\/www.helloangielski.pl\/rozmowki\/korespondencja-po-angielsku\/","og_locale":"pl_PL","og_type":"article","og_title":"Korespondencja po angielsku","og_description":"Zwroty u\u017cywane w korespondencji biznesowej, takie jak: w nawi\u0105zaniu do rozmowy, szanowny panie, pisz\u0119, aby potwierdzi\u0107 i inne zwroty w mailu po angielsku.","og_url":"https:\/\/www.helloangielski.pl\/rozmowki\/korespondencja-po-angielsku\/","og_site_name":"Hello Rozm\u00f3wki Angielskie Online","article_modified_time":"2024-08-03T18:08:14+00:00","og_image":[{"width":1080,"height":1080,"url":"https:\/\/www.helloangielski.pl\/rozmowki\/wp-content\/uploads\/2022\/01\/korespondencja-biznesowa-po-angielsku.jpg","type":"image\/jpeg"}],"twitter_card":"summary_large_image","twitter_misc":{"Est. reading time":"6 minut"},"schema":{"@context":"https:\/\/schema.org","@graph":[{"@type":"WebPage","@id":"https:\/\/www.helloangielski.pl\/rozmowki\/korespondencja-po-angielsku\/","url":"https:\/\/www.helloangielski.pl\/rozmowki\/korespondencja-po-angielsku\/","name":"Korespondencja po angielsku","isPartOf":{"@id":"https:\/\/www.helloangielski.pl\/rozmowki\/#website"},"primaryImageOfPage":{"@id":"https:\/\/www.helloangielski.pl\/rozmowki\/korespondencja-po-angielsku\/#primaryimage"},"image":{"@id":"https:\/\/www.helloangielski.pl\/rozmowki\/korespondencja-po-angielsku\/#primaryimage"},"thumbnailUrl":"https:\/\/www.helloangielski.pl\/rozmowki\/wp-content\/uploads\/2022\/01\/korespondencja-biznesowa-po-angielsku.jpg","datePublished":"2015-12-14T16:23:56+00:00","dateModified":"2024-08-03T18:08:14+00:00","description":"Zwroty u\u017cywane w korespondencji biznesowej, takie jak: w nawi\u0105zaniu do rozmowy, szanowny panie, pisz\u0119, aby potwierdzi\u0107 i inne zwroty w mailu po angielsku.","breadcrumb":{"@id":"https:\/\/www.helloangielski.pl\/rozmowki\/korespondencja-po-angielsku\/#breadcrumb"},"inLanguage":"pl-PL","potentialAction":[{"@type":"ReadAction","target":["https:\/\/www.helloangielski.pl\/rozmowki\/korespondencja-po-angielsku\/"]}]},{"@type":"ImageObject","inLanguage":"pl-PL","@id":"https:\/\/www.helloangielski.pl\/rozmowki\/korespondencja-po-angielsku\/#primaryimage","url":"https:\/\/www.helloangielski.pl\/rozmowki\/wp-content\/uploads\/2022\/01\/korespondencja-biznesowa-po-angielsku.jpg","contentUrl":"https:\/\/www.helloangielski.pl\/rozmowki\/wp-content\/uploads\/2022\/01\/korespondencja-biznesowa-po-angielsku.jpg","width":1080,"height":1080,"caption":"korespondencja biznesowa po angielsku"},{"@type":"BreadcrumbList","@id":"https:\/\/www.helloangielski.pl\/rozmowki\/korespondencja-po-angielsku\/#breadcrumb","itemListElement":[{"@type":"ListItem","position":1,"name":"Strona g\u0142\u00f3wna","item":"https:\/\/www.helloangielski.pl\/rozmowki\/"},{"@type":"ListItem","position":2,"name":"Korespondencja po angielsku"}]},{"@type":"WebSite","@id":"https:\/\/www.helloangielski.pl\/rozmowki\/#website","url":"https:\/\/www.helloangielski.pl\/rozmowki\/","name":"Hello Rozm\u00f3wki Angielskie Online","description":"Angielski online \u2013 szybkie i skuteczne lekcje dla ka\u017cdego!","potentialAction":[{"@type":"SearchAction","target":{"@type":"EntryPoint","urlTemplate":"https:\/\/www.helloangielski.pl\/rozmowki\/?s={search_term_string}"},"query-input":"required name=search_term_string"}],"inLanguage":"pl-PL"}]}},"_links":{"self":[{"href":"https:\/\/www.helloangielski.pl\/rozmowki\/wp-json\/wp\/v2\/pages\/13494"}],"collection":[{"href":"https:\/\/www.helloangielski.pl\/rozmowki\/wp-json\/wp\/v2\/pages"}],"about":[{"href":"https:\/\/www.helloangielski.pl\/rozmowki\/wp-json\/wp\/v2\/types\/page"}],"author":[{"embeddable":true,"href":"https:\/\/www.helloangielski.pl\/rozmowki\/wp-json\/wp\/v2\/users\/2"}],"replies":[{"embeddable":true,"href":"https:\/\/www.helloangielski.pl\/rozmowki\/wp-json\/wp\/v2\/comments?post=13494"}],"version-history":[{"count":15,"href":"https:\/\/www.helloangielski.pl\/rozmowki\/wp-json\/wp\/v2\/pages\/13494\/revisions"}],"predecessor-version":[{"id":32792,"href":"https:\/\/www.helloangielski.pl\/rozmowki\/wp-json\/wp\/v2\/pages\/13494\/revisions\/32792"}],"wp:featuredmedia":[{"embeddable":true,"href":"https:\/\/www.helloangielski.pl\/rozmowki\/wp-json\/wp\/v2\/media\/29513"}],"wp:attachment":[{"href":"https:\/\/www.helloangielski.pl\/rozmowki\/wp-json\/wp\/v2\/media?parent=13494"}],"curies":[{"name":"wp","href":"https:\/\/api.w.org\/{rel}","templated":true}]}}